{"id":583515,"date":"2025-10-08T23:38:14","date_gmt":"2025-10-08T20:38:14","guid":{"rendered":"https:\/\/staging.nbg.eu\/product\/bipod-harris-s-brm-notch-rotate-6-9\/"},"modified":"2025-10-16T14:45:39","modified_gmt":"2025-10-16T11:45:39","slug":"ketlab-harris-s-brm-forgo-6-9","status":"publish","type":"product","link":"https:\/\/staging.nbg.eu\/hu\/termek\/ketlab-harris-s-brm-forgo-6-9\/","title":{"rendered":"K\u00e9tl\u00e1b Harris &#8211; S &#8211; BRM Forg\u00f3 6-9&#8243;"},"content":{"rendered":"<div class=\"product-description\">\n<h2>Harris 6&#8243; &#8211; 9&#8243; Elforgathat\u00f3 Bipod L\u00e1bv\u00e1jatokkal BRM-S<\/h2>\n<p>A Harris 6&#8243; &#8211; 9&#8243; Elforgathat\u00f3 Bipod (BRM-S) jellemz\u0151i:<\/p>\n<ul>\n<li>\u00c1ll\u00edthat\u00f3 l\u00e1bak 6&#8243;-t\u0151l 9&#8243;-ig<\/li>\n<li>Padbak a stabilit\u00e1s\u00e9rt<\/li>\n<li>Elforgathat\u00f3 funkci\u00f3 egyenetlen terephez<\/li>\n<li>L\u00e1bv\u00e1jatok a pontos magass\u00e1gbe\u00e1ll\u00edt\u00e1shoz<\/li>\n<\/ul>\n<p>2 3\/4&#8243; z\u00e1rt \u00e9s 7 1\/4&#8243; nyitott sz\u00e9less\u00e9ggel rendelkezik, s\u00falya 8 uncia. Alkalmas k\u00fcl\u00f6nb\u00f6z\u0151 l\u00f6v\u00e9szpoz\u00edci\u00f3khoz. A Harris BRM-S bipod tart\u00f3s \u00e9s funkcion\u00e1lis, hasznos kieg\u00e9sz\u00edt\u0151 vad\u00e1szoknak \u00e9s versenyl\u00f6v\u0151knek.<\/p>\n<p>SKU: Harris-BRM-S | UPC: 051156113090 | MPN: S-BRM<\/p>\n<\/div>\n","protected":false},"excerpt":{"rendered":"<p>\u00c1ll\u00edthat\u00f3 15-23 cm-es forg\u00f3 bipod rov\u00e1tkolt l\u00e1bakkal. L\u0151padra k\u00e9sz.<\/p>\n","protected":false},"featured_media":583554,"template":"","meta":{"_acf_changed":false},"product_brand":[12009],"product_cat":[12960],"product_tag":[],"class_list":{"0":"post-583515","1":"product","2":"type-product","3":"status-publish","4":"has-post-thumbnail","6":"product_brand-harris-bipods","7":"product_cat-ketlabuak","9":"first","10":"outofstock","11":"taxable","12":"shipping-taxable","13":"purchasable","14":"product-type-simple"},"acf":[],"_links":{"self":[{"href":"https:\/\/staging.nbg.eu\/hu\/wp-json\/wp\/v2\/product\/583515","targetHints":{"allow":["GET"]}}],"collection":[{"href":"https:\/\/staging.nbg.eu\/hu\/wp-json\/wp\/v2\/product"}],"about":[{"href":"https:\/\/staging.nbg.eu\/hu\/wp-json\/wp\/v2\/types\/product"}],"wp:featuredmedia":[{"embeddable":true,"href":"https:\/\/staging.nbg.eu\/hu\/wp-json\/wp\/v2\/media\/583554"}],"wp:attachment":[{"href":"https:\/\/staging.nbg.eu\/hu\/wp-json\/wp\/v2\/media?parent=583515"}],"wp:term":[{"taxonomy":"product_brand","embeddable":true,"href":"https:\/\/staging.nbg.eu\/hu\/wp-json\/wp\/v2\/product_brand?post=583515"},{"taxonomy":"product_cat","embeddable":true,"href":"https:\/\/staging.nbg.eu\/hu\/wp-json\/wp\/v2\/product_cat?post=583515"},{"taxonomy":"product_tag","embeddable":true,"href":"https:\/\/staging.nbg.eu\/hu\/wp-json\/wp\/v2\/product_tag?post=583515"}],"curies":[{"name":"wp","href":"https:\/\/api.w.org\/{rel}","templated":true}]}}