{"id":58282,"date":"2024-02-20T19:05:47","date_gmt":"2024-02-20T19:05:47","guid":{"rendered":"https:\/\/staging.nbg.eu\/product\/grovtec-heavy-duty-push-button-qd-sling-swivel\/"},"modified":"2024-09-13T15:05:01","modified_gmt":"2024-09-13T15:05:01","slug":"grovtec-heavy-duty-nyomogombos-qd-heveder-forgo","status":"publish","type":"product","link":"https:\/\/staging.nbg.eu\/hu\/termek\/grovtec-heavy-duty-nyomogombos-qd-heveder-forgo\/","title":{"rendered":"GROVTEC Heavy Duty Nyom\u00f3gombos QD Heveder Forg\u00f3"},"content":{"rendered":"<p>A GROVTEC neh\u00e9z terhel\u00e9sre tervezett nyom\u00f3gombos QD fegyversz\u00edj forg\u00f3kapocs egy tartoz\u00e9k 1-1\/4&#8243; sz\u00edjakhoz. Ennek a k\u00fcl\u00f6n csomagolt forg\u00f3kapocsnak jellemz\u0151i:<\/p>\n<ul>\n<li>450 fontig tesztelt megb\u00edzhat\u00f3s\u00e1g \u00e9rdek\u00e9ben<\/li>\n<li>Nem f\u00e9nyl\u0151 mang\u00e1n-foszf\u00e1t fel\u00fcletkezel\u00e9s<\/li>\n<li>K\u00f6nnyen haszn\u00e1lhat\u00f3 nyom\u00f3gombos mechanizmus a gyors lev\u00e1laszt\u00e1shoz<\/li>\n<li>Tart\u00f3s szerkezet a hossz\u00fa \u00e9lettartam\u00e9rt<\/li>\n<\/ul>\n<p>Fejlessze fegyver\u00e9t ezzel a min\u0151s\u00e9gi forg\u00f3kapoccsal.<\/p>\n","protected":false},"excerpt":{"rendered":"<p>Massz\u00edv 1,25&#8243;-es puskasz\u00edj forg\u00f3kapocs, 450 font terhel\u00e9sre tesztelt, nyom\u00f3gombos gyorskiold\u00f3, matt fel\u00fclettel.<\/p>\n","protected":false},"featured_media":58283,"template":"","meta":{"_acf_changed":false},"product_brand":[],"product_cat":[12930,12967],"product_tag":[],"class_list":{"0":"post-58282","1":"product","2":"type-product","3":"status-publish","4":"has-post-thumbnail","6":"product_cat-hevederek","7":"product_cat-puska","9":"first","10":"instock","11":"taxable","12":"shipping-taxable","13":"product-type-simple"},"acf":[],"_links":{"self":[{"href":"https:\/\/staging.nbg.eu\/hu\/wp-json\/wp\/v2\/product\/58282","targetHints":{"allow":["GET"]}}],"collection":[{"href":"https:\/\/staging.nbg.eu\/hu\/wp-json\/wp\/v2\/product"}],"about":[{"href":"https:\/\/staging.nbg.eu\/hu\/wp-json\/wp\/v2\/types\/product"}],"wp:featuredmedia":[{"embeddable":true,"href":"https:\/\/staging.nbg.eu\/hu\/wp-json\/wp\/v2\/media\/58283"}],"wp:attachment":[{"href":"https:\/\/staging.nbg.eu\/hu\/wp-json\/wp\/v2\/media?parent=58282"}],"wp:term":[{"taxonomy":"product_brand","embeddable":true,"href":"https:\/\/staging.nbg.eu\/hu\/wp-json\/wp\/v2\/product_brand?post=58282"},{"taxonomy":"product_cat","embeddable":true,"href":"https:\/\/staging.nbg.eu\/hu\/wp-json\/wp\/v2\/product_cat?post=58282"},{"taxonomy":"product_tag","embeddable":true,"href":"https:\/\/staging.nbg.eu\/hu\/wp-json\/wp\/v2\/product_tag?post=58282"}],"curies":[{"name":"wp","href":"https:\/\/api.w.org\/{rel}","templated":true}]}}