{"id":582574,"date":"2025-10-10T18:10:11","date_gmt":"2025-10-10T15:10:11","guid":{"rendered":"https:\/\/staging.nbg.eu\/product\/daa-gripz-grip-enhancer-75-ml\/"},"modified":"2025-10-16T13:57:08","modified_gmt":"2025-10-16T10:57:08","slug":"daa-gripz-markolat-javito-75-ml","status":"publish","type":"product","link":"https:\/\/staging.nbg.eu\/hu\/termek\/daa-gripz-markolat-javito-75-ml\/","title":{"rendered":"DAA GRIPZ &#8211; Markolat jav\u00edt\u00f3 75 ml"},"content":{"rendered":"<div class=\"product-description\">\n<h2>DAA GRIPZ &#8211; Markolatjav\u00edt\u00f3 75 ml<\/h2>\n<p>A DAA GRIPZ egy markolatjav\u00edt\u00f3 folyad\u00e9k IPSC \u00e9s USPSA pisztolyl\u00f6v\u00e9szethez. Ez a 75 ml-es palack biztos fog\u00e1st biztos\u00edt nedves k\u00f6r\u00fclm\u00e9nyek \u00e9s magas h\u0151m\u00e9rs\u00e9klet eset\u00e9n.<\/p>\n<ul>\n<li>Szil\u00edcium-alap\u00fa formula alkohollal \u00e9s stabiliz\u00e1torokkal a tart\u00f3ss\u00e1g \u00e9rdek\u00e9ben<\/li>\n<li>Praktikus &#8222;Snap-cap&#8221; z\u00e1r\u00e1s az egykezes haszn\u00e1lathoz<\/li>\n<li>Tiszt\u00e1bb alkalmaz\u00e1s &#8211; nem sz\u00e1rad feh\u00e9rre \u00e9s nem d\u00f6rzs\u00f6l\u0151dik le k\u00f6nnyen a ruh\u00e1zatra \u00e9s a pisztolymarkolatra<\/li>\n<li>Sz\u00e1raz teny\u00e9r \u00e9s biztos fog\u00e1s fenntart\u00e1s\u00e1ra szolg\u00e1l gyors \u00e9s pontos l\u00f6v\u00e9szet sor\u00e1n<\/li>\n<\/ul>\n<p>Haszn\u00e1lja a DAA GRIPZ-t a l\u00f6v\u00e9szeti teljes\u00edtm\u00e9ny jav\u00edt\u00e1s\u00e1hoz.<\/p>\n<\/div>\n","protected":false},"excerpt":{"rendered":"<p>DAA GRIPZ: Fokozza a fog\u00e1st a pontos l\u00f6v\u00e9szethez. 75 ml-es \u00fcveg.<\/p>\n","protected":false},"featured_media":582632,"template":"","meta":{"_acf_changed":false},"product_brand":[],"product_cat":[12983],"product_tag":[],"class_list":{"0":"post-582574","1":"product","2":"type-product","3":"status-publish","4":"has-post-thumbnail","6":"product_cat-kategorizalatlan","8":"first","9":"instock","10":"taxable","11":"shipping-taxable","12":"purchasable","13":"product-type-simple"},"acf":[],"_links":{"self":[{"href":"https:\/\/staging.nbg.eu\/hu\/wp-json\/wp\/v2\/product\/582574","targetHints":{"allow":["GET"]}}],"collection":[{"href":"https:\/\/staging.nbg.eu\/hu\/wp-json\/wp\/v2\/product"}],"about":[{"href":"https:\/\/staging.nbg.eu\/hu\/wp-json\/wp\/v2\/types\/product"}],"wp:featuredmedia":[{"embeddable":true,"href":"https:\/\/staging.nbg.eu\/hu\/wp-json\/wp\/v2\/media\/582632"}],"wp:attachment":[{"href":"https:\/\/staging.nbg.eu\/hu\/wp-json\/wp\/v2\/media?parent=582574"}],"wp:term":[{"taxonomy":"product_brand","embeddable":true,"href":"https:\/\/staging.nbg.eu\/hu\/wp-json\/wp\/v2\/product_brand?post=582574"},{"taxonomy":"product_cat","embeddable":true,"href":"https:\/\/staging.nbg.eu\/hu\/wp-json\/wp\/v2\/product_cat?post=582574"},{"taxonomy":"product_tag","embeddable":true,"href":"https:\/\/staging.nbg.eu\/hu\/wp-json\/wp\/v2\/product_tag?post=582574"}],"curies":[{"name":"wp","href":"https:\/\/api.w.org\/{rel}","templated":true}]}}