{"id":582273,"date":"2025-10-10T18:10:10","date_gmt":"2025-10-10T15:10:10","guid":{"rendered":"https:\/\/staging.nbg.eu\/product\/daa-magnet-inc-screw-and-thermal-nut-for-racer-pouch\/"},"modified":"2025-10-16T13:40:09","modified_gmt":"2025-10-16T10:40:09","slug":"daa-magnes-csavarral-es-hoallo-anyaval-versenytokhoz","status":"publish","type":"product","link":"https:\/\/staging.nbg.eu\/hu\/termek\/daa-magnes-csavarral-es-hoallo-anyaval-versenytokhoz\/","title":{"rendered":"DAA M\u00e1gnes csavarral \u00e9s h\u0151\u00e1ll\u00f3 any\u00e1val versenytokhoz"},"content":{"rendered":"<div class=\"product-description\">\n<h2>DAA m\u00e1gnes k\u00e9szlet egysoros Racer tokokhoz<\/h2>\n<p>Fejlessze DAA egysoros Racer tokj\u00e1t ezzel a m\u00e1gneses r\u00f6gz\u00edt\u00e9si megold\u00e1ssal. A k\u00e9szlet tartalma:<\/p>\n<ul>\n<li>Nagy 42mm N42 m\u00e1gnes<\/li>\n<li>S\u00fcllyesztett M5 anya<\/li>\n<li>12mm M5 csavar<\/li>\n<\/ul>\n<p>A felszerel\u00e9s gyors \u00e9s egyszer\u0171, a tok k\u00fcls\u0151 oldal\u00e1n l\u00e9v\u0151 megl\u00e9v\u0151 lyukat haszn\u00e1lva. Az optim\u00e1lis eredm\u00e9ny\u00e9rt:<\/p>\n<ol>\n<li>Hat\u00e1rozza meg \u00e9s r\u00f6gz\u00edtse a k\u00edv\u00e1nt tok sz\u00f6get a felszerel\u00e9s el\u0151tt<\/li>\n<li>Szerelje fel a m\u00e1gnest a mell\u00e9kelt alkatr\u00e9szekkel<\/li>\n<\/ol>\n<p><strong>Megjegyz\u00e9s:<\/strong> A felszerel\u00e9s ut\u00e1n a k\u00f6z\u00e9ps\u0151 r\u00f6gz\u00edt\u0151 csavarhoz val\u00f3 hozz\u00e1f\u00e9r\u00e9s korl\u00e1tozott lehet. \u00c9rdemes lehet egy egyedi 3mm-es imbuszkulcsot k\u00e9sz\u00edteni r\u00f6vid karral a j\u00f6v\u0151beni be\u00e1ll\u00edt\u00e1sokhoz.<\/p>\n<p>Ez a m\u00e1gneses r\u00f6gz\u00edt\u0151 k\u00e9szlet n\u00f6veli a tok sokoldal\u00fas\u00e1g\u00e1t \u00e9s k\u00e9nyelm\u00e9t.<\/p>\n<\/div>\n","protected":false},"excerpt":{"rendered":"<p>M\u00e1gneses r\u00f6gz\u00edt\u0151 k\u00e9szlet DAA Single Stack Racer tokokhoz. K\u00f6nnyen felszerelhet\u0151.<\/p>\n","protected":false},"featured_media":582334,"template":"","meta":{"_acf_changed":false},"product_brand":[],"product_cat":[12934,12937,12925],"product_tag":[],"class_list":{"0":"post-582273","1":"product","2":"type-product","3":"status-publish","4":"has-post-thumbnail","6":"product_cat-felszereles","7":"product_cat-sport-oevek","8":"product_cat-tasakok","10":"first","11":"instock","12":"taxable","13":"shipping-taxable","14":"purchasable","15":"product-type-simple"},"acf":[],"_links":{"self":[{"href":"https:\/\/staging.nbg.eu\/hu\/wp-json\/wp\/v2\/product\/582273","targetHints":{"allow":["GET"]}}],"collection":[{"href":"https:\/\/staging.nbg.eu\/hu\/wp-json\/wp\/v2\/product"}],"about":[{"href":"https:\/\/staging.nbg.eu\/hu\/wp-json\/wp\/v2\/types\/product"}],"wp:featuredmedia":[{"embeddable":true,"href":"https:\/\/staging.nbg.eu\/hu\/wp-json\/wp\/v2\/media\/582334"}],"wp:attachment":[{"href":"https:\/\/staging.nbg.eu\/hu\/wp-json\/wp\/v2\/media?parent=582273"}],"wp:term":[{"taxonomy":"product_brand","embeddable":true,"href":"https:\/\/staging.nbg.eu\/hu\/wp-json\/wp\/v2\/product_brand?post=582273"},{"taxonomy":"product_cat","embeddable":true,"href":"https:\/\/staging.nbg.eu\/hu\/wp-json\/wp\/v2\/product_cat?post=582273"},{"taxonomy":"product_tag","embeddable":true,"href":"https:\/\/staging.nbg.eu\/hu\/wp-json\/wp\/v2\/product_tag?post=582273"}],"curies":[{"name":"wp","href":"https:\/\/api.w.org\/{rel}","templated":true}]}}