{"id":582034,"date":"2025-10-10T18:10:00","date_gmt":"2025-10-10T15:10:00","guid":{"rendered":"https:\/\/staging.nbg.eu\/product\/daa-magnet-with-m4-screw-for-x-ray-pouches\/"},"modified":"2025-10-16T11:53:44","modified_gmt":"2025-10-16T08:53:44","slug":"daa-magnes-m4-csavarral-x-ray-tokhoz","status":"publish","type":"product","link":"https:\/\/staging.nbg.eu\/hu\/termek\/daa-magnes-m4-csavarral-x-ray-tokhoz\/","title":{"rendered":"DAA M\u00e1gnes M4 Csavarral X-Ray Tokhoz"},"content":{"rendered":"<div class=\"product-description\">\n<h2>DAA m\u00e1gnes M4 csavarral r\u00f6ntgen t\u00e1sk\u00e1khoz<\/h2>\n<p>M\u00e1gnesek r\u00f6ntgen alum\u00ednium \u00e9s m\u0171anyag t\u00e1sk\u00e1khoz, felvev\u0151 \u00e1llv\u00e1nyok \u00e9s t\u00e1rak r\u00f6gz\u00edt\u00e9s\u00e9re. Ezek a m\u00e1gnesek M4 menetes bet\u00e9ttel rendelkeznek, ami illeszkedik a r\u00f6ntgen t\u00e1sk\u00e1k menetes furat\u00e1hoz.<\/p>\n<h3>F\u0151bb jellemz\u0151k:<\/h3>\n<ul>\n<li>N54 m\u00e1gnes: 8mm vastag \u00e9s 90g s\u00faly\u00fa<\/li>\n<li>\u00daj kialak\u00edt\u00e1s: 30%-kal v\u00e9konyabb \u00e9s k\u00f6nnyebb<\/li>\n<li>Kompatibilis a DAA m\u00e1gnesfed\u00e9llel<\/li>\n<\/ul>\n<h3>A k\u00e9szlet tartalma:<\/h3>\n<ul>\n<li>48mm N54 m\u00e1gnes<\/li>\n<li>Sz\u00e9les fej\u0171 M4 Torx csavar<\/li>\n<li>Nagy k\u00fcls\u0151 \u00e1tm\u00e9r\u0151j\u0171 M4 al\u00e1t\u00e9t<\/li>\n<\/ul>\n<p><strong>Megjegyz\u00e9s:<\/strong> Az al\u00e1t\u00e9tet csak m\u0171anyag t\u00e1sk\u00e1khoz haszn\u00e1lja. Alkalmazzon Loctite-ot a biztos r\u00f6gz\u00edt\u00e9shez. Ne h\u00fazza t\u00fal.<\/p>\n<\/div>\n","protected":false},"excerpt":{"rendered":"<p>Ultra v\u00e9kony N54 m\u00e1gnes r\u00f6ntgen tasakokhoz. Biztons\u00e1gos, k\u00f6nny\u0171 r\u00f6gz\u00edt\u00e9s.<\/p>\n","protected":false},"featured_media":582067,"template":"","meta":{"_acf_changed":false},"product_brand":[],"product_cat":[12934,12937,12959],"product_tag":[],"class_list":{"0":"post-582034","1":"product","2":"type-product","3":"status-publish","4":"has-post-thumbnail","6":"product_cat-felszereles","7":"product_cat-sport-oevek","8":"product_cat-sport-tok","10":"first","11":"instock","12":"taxable","13":"shipping-taxable","14":"purchasable","15":"product-type-simple"},"acf":[],"_links":{"self":[{"href":"https:\/\/staging.nbg.eu\/hu\/wp-json\/wp\/v2\/product\/582034","targetHints":{"allow":["GET"]}}],"collection":[{"href":"https:\/\/staging.nbg.eu\/hu\/wp-json\/wp\/v2\/product"}],"about":[{"href":"https:\/\/staging.nbg.eu\/hu\/wp-json\/wp\/v2\/types\/product"}],"wp:featuredmedia":[{"embeddable":true,"href":"https:\/\/staging.nbg.eu\/hu\/wp-json\/wp\/v2\/media\/582067"}],"wp:attachment":[{"href":"https:\/\/staging.nbg.eu\/hu\/wp-json\/wp\/v2\/media?parent=582034"}],"wp:term":[{"taxonomy":"product_brand","embeddable":true,"href":"https:\/\/staging.nbg.eu\/hu\/wp-json\/wp\/v2\/product_brand?post=582034"},{"taxonomy":"product_cat","embeddable":true,"href":"https:\/\/staging.nbg.eu\/hu\/wp-json\/wp\/v2\/product_cat?post=582034"},{"taxonomy":"product_tag","embeddable":true,"href":"https:\/\/staging.nbg.eu\/hu\/wp-json\/wp\/v2\/product_tag?post=582034"}],"curies":[{"name":"wp","href":"https:\/\/api.w.org\/{rel}","templated":true}]}}