{"id":581587,"date":"2025-10-10T18:09:59","date_gmt":"2025-10-10T15:09:59","guid":{"rendered":"https:\/\/staging.nbg.eu\/product\/daa-x-ray-polymer-pouch-black\/"},"modified":"2025-10-16T11:21:59","modified_gmt":"2025-10-16T08:21:59","slug":"daa-x-ray-polimer-tok-fekete","status":"publish","type":"product","link":"https:\/\/staging.nbg.eu\/hu\/termek\/daa-x-ray-polimer-tok-fekete\/","title":{"rendered":"DAA X-Ray Polimer Tok &#8211; Fekete"},"content":{"rendered":"<h2>DAA X-Ray M\u0171anyag T\u00e1rtart\u00f3 &#8211; Fekete<\/h2>\n<p>A DAA X-Ray M\u0171anyag T\u00e1rtart\u00f3 a versenyt\u00e1rtart\u00f3k \u00faj gener\u00e1ci\u00f3ja. Jellemz\u0151i:<\/p>\n<ul>\n<li>Kiv\u00e1gott forma a s\u00falycs\u00f6kkent\u00e9s \u00e9rdek\u00e9ben<\/li>\n<li>8 r\u00f6gz\u00edt\u00e9si pont k\u00e9tkezes haszn\u00e1lathoz \u00e9s v\u00e1ltozatos elhelyez\u00e9shez<\/li>\n<li>3 t\u00e1vtart\u00f3 k\u00e9szlet, kompatibilis a legt\u00f6bb dupla soros t\u00e1rral<\/li>\n<li>Sz\u00e1ler\u0151s\u00edt\u00e9s\u0171 m\u0171anyag szerkezet<\/li>\n<li>Fels\u0151 perem a k\u00f6nnyebb t\u00e1rbehelyez\u00e9shez<\/li>\n<li>R\u00f6gz\u00edt\u0151csavar a v\u00e9letlen kiold\u00e1s ellen<\/li>\n<li>13 mm-es g\u00f6mbcsukl\u00f3 a stabilit\u00e1s\u00e9rt<\/li>\n<li>Szersz\u00e1m n\u00e9lk\u00fcli feszess\u00e9g\u00e1ll\u00edt\u00e1s nagy ker\u00e9kkel<\/li>\n<\/ul>\n<p>A DAA X-Ray M\u0171anyag T\u00e1rtart\u00f3 l\u00f6v\u00e9szfelszerel\u00e9sekhez k\u00e9sz\u00fclt.<\/p>\n","protected":false},"excerpt":{"rendered":"<p>DAA X-Ray polimer tok: Eleg\u00e1ns, sokoldal\u00fa, biztons\u00e1gos t\u00e1rh\u00fcvely versenyz\u0151knek.<\/p>\n","protected":false},"featured_media":581710,"template":"","meta":{"_acf_changed":false},"product_brand":[],"product_cat":[12934,12937,12959,12925],"product_tag":[],"class_list":{"0":"post-581587","1":"product","2":"type-product","3":"status-publish","4":"has-post-thumbnail","6":"product_cat-felszereles","7":"product_cat-sport-oevek","8":"product_cat-sport-tok","9":"product_cat-tasakok","11":"first","12":"instock","13":"taxable","14":"shipping-taxable","15":"purchasable","16":"product-type-simple"},"acf":[],"_links":{"self":[{"href":"https:\/\/staging.nbg.eu\/hu\/wp-json\/wp\/v2\/product\/581587","targetHints":{"allow":["GET"]}}],"collection":[{"href":"https:\/\/staging.nbg.eu\/hu\/wp-json\/wp\/v2\/product"}],"about":[{"href":"https:\/\/staging.nbg.eu\/hu\/wp-json\/wp\/v2\/types\/product"}],"wp:featuredmedia":[{"embeddable":true,"href":"https:\/\/staging.nbg.eu\/hu\/wp-json\/wp\/v2\/media\/581710"}],"wp:attachment":[{"href":"https:\/\/staging.nbg.eu\/hu\/wp-json\/wp\/v2\/media?parent=581587"}],"wp:term":[{"taxonomy":"product_brand","embeddable":true,"href":"https:\/\/staging.nbg.eu\/hu\/wp-json\/wp\/v2\/product_brand?post=581587"},{"taxonomy":"product_cat","embeddable":true,"href":"https:\/\/staging.nbg.eu\/hu\/wp-json\/wp\/v2\/product_cat?post=581587"},{"taxonomy":"product_tag","embeddable":true,"href":"https:\/\/staging.nbg.eu\/hu\/wp-json\/wp\/v2\/product_tag?post=581587"}],"curies":[{"name":"wp","href":"https:\/\/api.w.org\/{rel}","templated":true}]}}