{"id":58148,"date":"2024-02-20T19:21:46","date_gmt":"2024-09-13T15:01:33","guid":{"rendered":"https:\/\/staging.nbg.eu\/product\/geissele-super-precision-compm5s-series-optic-mounts-black-absolute-co-witness\/"},"modified":"2024-09-13T15:02:23","modified_gmt":"2024-09-13T15:02:23","slug":"geissele-super-precision-compm5s-sorozat-optikai-szerelek-fekete-abszolut-co-witness","status":"publish","type":"product","link":"https:\/\/staging.nbg.eu\/hu\/termek\/geissele-super-precision-compm5s-sorozat-optikai-szerelek-fekete-abszolut-co-witness\/","title":{"rendered":"Geissele Super Precision\u00ae &#8211; CompM5s Sorozat Optikai Szerel\u00e9k, Fekete (Abszol\u00fat Co-Witness)"},"content":{"rendered":"<h2>Geissele Super Precision\u00ae &#8211; CompM5s sorozat\u00fa optikai szerel\u00e9kek<\/h2>\n<h3>Fekete (Abszol\u00fat egy\u00fcttl\u00e1t\u00e1s)<\/h3>\n<p>A Geissele Super Precision\u00ae CompM5s sorozat\u00fa optikai szerel\u00e9k az Aimpoint CompM5s \u00e9s hasonl\u00f3 v\u00f6r\u00f6s pontos optik\u00e1khoz k\u00e9sz\u00fclt.<\/p>\n<ul>\n<li>Egyetlen darab 7075-T6 nagy szil\u00e1rds\u00e1g\u00fa alum\u00edniumb\u00f3l prec\u00edzi\u00f3s megmunk\u00e1l\u00e1ssal k\u00e9sz\u00fcl<\/li>\n<li>Abszol\u00fat egy\u00fcttl\u00e1t\u00e1s magass\u00e1g\u00fa opci\u00f3<\/li>\n<li>Csavar \u00e9s anya r\u00f6gz\u00edt\u00e9si m\u00f3dszer 1400 font szor\u00edt\u00f3er\u0151vel<\/li>\n<li>3 ny\u00edr\u00f3csap a maxim\u00e1lis merevs\u00e9g \u00e9s a jobb null\u00e1z\u00e1si visszat\u00e9r\u00e9s \u00e9rdek\u00e9ben<\/li>\n<li>3-as t\u00edpus\u00fa kem\u00e9nybevonat\u00fa elox\u00e1lt fel\u00fclet fekete sz\u00ednben<\/li>\n<\/ul>\n<p>A Geissele optikai szerel\u00e9si megold\u00e1sokat k\u00edn\u00e1l l\u0151fegyverekhez.<\/p>\n","protected":false},"excerpt":{"rendered":"<p>Prec\u00edzi\u00f3s megmunk\u00e1l\u00e1s\u00fa szerel\u00e9k Aimpoint CompM5s-hez. Er\u0151s, merev \u00e9s megb\u00edzhat\u00f3.<\/p>\n","protected":false},"featured_media":58149,"template":"","meta":{"_acf_changed":false},"product_brand":[11393],"product_cat":[12967],"product_tag":[],"class_list":{"0":"post-58148","1":"product","2":"type-product","3":"status-publish","4":"has-post-thumbnail","6":"product_brand-geissele","7":"product_cat-puska","9":"first","10":"instock","11":"taxable","12":"shipping-taxable","13":"product-type-simple"},"acf":[],"_links":{"self":[{"href":"https:\/\/staging.nbg.eu\/hu\/wp-json\/wp\/v2\/product\/58148","targetHints":{"allow":["GET"]}}],"collection":[{"href":"https:\/\/staging.nbg.eu\/hu\/wp-json\/wp\/v2\/product"}],"about":[{"href":"https:\/\/staging.nbg.eu\/hu\/wp-json\/wp\/v2\/types\/product"}],"wp:featuredmedia":[{"embeddable":true,"href":"https:\/\/staging.nbg.eu\/hu\/wp-json\/wp\/v2\/media\/58149"}],"wp:attachment":[{"href":"https:\/\/staging.nbg.eu\/hu\/wp-json\/wp\/v2\/media?parent=58148"}],"wp:term":[{"taxonomy":"product_brand","embeddable":true,"href":"https:\/\/staging.nbg.eu\/hu\/wp-json\/wp\/v2\/product_brand?post=58148"},{"taxonomy":"product_cat","embeddable":true,"href":"https:\/\/staging.nbg.eu\/hu\/wp-json\/wp\/v2\/product_cat?post=58148"},{"taxonomy":"product_tag","embeddable":true,"href":"https:\/\/staging.nbg.eu\/hu\/wp-json\/wp\/v2\/product_tag?post=58148"}],"curies":[{"name":"wp","href":"https:\/\/api.w.org\/{rel}","templated":true}]}}