{"id":581437,"date":"2025-10-10T18:09:53","date_gmt":"2025-10-10T15:09:53","guid":{"rendered":"https:\/\/staging.nbg.eu\/product\/jack-556x45mm-223-rem-wood\/"},"modified":"2025-10-17T17:34:16","modified_gmt":"2025-10-17T14:34:16","slug":"jack-556x45mm223-rem-fa","status":"publish","type":"product","link":"https:\/\/staging.nbg.eu\/hu\/termek\/jack-556x45mm223-rem-fa\/","title":{"rendered":"Jack 5,56x45mm\/.223 REM fa"},"content":{"rendered":"<h2>Jack 5,56x45mm\/.223 REM Fa<\/h2>\n<p>A Jack 5,56x45mm\/.223 REM fa puska egy f\u00e9lautomata l\u0151fegyver. Ez a fegyver klasszikus megjelen\u00e9st \u00e9s modern teljes\u00edtm\u00e9nyt \u00f6tv\u00f6z.<\/p>\n<h2>F\u0151 jellemz\u0151k:<\/h2>\n<ul>\n<li>Kaliber: 5.56x45mm \/.223 Rem<\/li>\n<li>Cs\u0151hossz: 415mm<\/li>\n<li>Huzagol\u00e1s: 1:8<\/li>\n<li>Cs\u0151sz\u00e1jmenet: 14\u00d71 bal<\/li>\n<li>\u00dcres t\u00f6meg: 3,1kg (t\u00f6ltetlen\u00fcl)<\/li>\n<li>L\u00f6ved\u00e9k kimeneti sebess\u00e9ge: 920 m\/s<\/li>\n<li>M\u0171k\u00f6d\u00e9si elv: forg\u00f3z\u00e1ras reteszel\u00e9s<\/li>\n<li>T\u00edpus: f\u00e9lautomata (teljesen automata verzi\u00f3 el\u00e9rhet\u0151 enged\u00e9llyel rendelkez\u0151 szervezeteknek)<\/li>\n<\/ul>\n<h2>Kialak\u00edt\u00e1s \u00e9s funkcionalit\u00e1s:<\/h2>\n<p>A Jack 5,56x45mm\/.223 REM fa modell mart oldals\u00ednnel rendelkezik az optika k\u00f6nny\u0171 felszerel\u00e9s\u00e9hez, amely k\u00f6zvetlen\u00fcl a z\u00e1rszerkezethez van szegecselve. Fa alkatr\u00e9szei k\u00f6z\u00e9 tartozik a markolat, az \u00e1gy \u00e9s a g\u00e1zcs\u0151 bor\u00edt\u00e1sa.<\/p>\n<h2>Haszn\u00e1lhat\u00f3s\u00e1g:<\/h2>\n<ul>\n<li>Nagym\u00e9ret\u0171 t\u0171znemv\u00e1lt\u00f3<\/li>\n<li>Nagym\u00e9ret\u0171 t\u00e1rkil\u00f6k\u0151<\/li>\n<li>S\u00edn az oldalszerelv\u00e9ny alatt (fecskefark) tov\u00e1bbi kieg\u00e9sz\u00edt\u0151kh\u00f6z<\/li>\n<\/ul>\n","protected":false},"excerpt":{"rendered":"<p>F\u00e9lautomata puska fa alkatr\u00e9szekkel, 415 mm-es cs\u0151vel, 3,1 kg s\u00fallyal. Mart s\u00edn az optik\u00e1hoz. 920 m\/s cs\u0151torkolati sebess\u00e9g.<\/p>\n","protected":false},"featured_media":581524,"template":"","meta":{"_acf_changed":false},"product_brand":[],"product_cat":[12964,12967],"product_tag":[],"class_list":{"0":"post-581437","1":"product","2":"type-product","3":"status-publish","4":"has-post-thumbnail","6":"product_cat-karabelyok","7":"product_cat-puska","9":"first","10":"outofstock","11":"taxable","12":"shipping-taxable","13":"product-type-simple"},"acf":[],"_links":{"self":[{"href":"https:\/\/staging.nbg.eu\/hu\/wp-json\/wp\/v2\/product\/581437","targetHints":{"allow":["GET"]}}],"collection":[{"href":"https:\/\/staging.nbg.eu\/hu\/wp-json\/wp\/v2\/product"}],"about":[{"href":"https:\/\/staging.nbg.eu\/hu\/wp-json\/wp\/v2\/types\/product"}],"wp:featuredmedia":[{"embeddable":true,"href":"https:\/\/staging.nbg.eu\/hu\/wp-json\/wp\/v2\/media\/581524"}],"wp:attachment":[{"href":"https:\/\/staging.nbg.eu\/hu\/wp-json\/wp\/v2\/media?parent=581437"}],"wp:term":[{"taxonomy":"product_brand","embeddable":true,"href":"https:\/\/staging.nbg.eu\/hu\/wp-json\/wp\/v2\/product_brand?post=581437"},{"taxonomy":"product_cat","embeddable":true,"href":"https:\/\/staging.nbg.eu\/hu\/wp-json\/wp\/v2\/product_cat?post=581437"},{"taxonomy":"product_tag","embeddable":true,"href":"https:\/\/staging.nbg.eu\/hu\/wp-json\/wp\/v2\/product_tag?post=581437"}],"curies":[{"name":"wp","href":"https:\/\/api.w.org\/{rel}","templated":true}]}}