{"id":581266,"date":"2025-10-10T18:09:52","date_gmt":"2025-10-10T15:09:52","guid":{"rendered":"https:\/\/staging.nbg.eu\/product\/jack-556x45mm-223-rem-polymer\/"},"modified":"2025-10-17T17:31:23","modified_gmt":"2025-10-17T14:31:23","slug":"jack-556x45mm223-rem-polimer","status":"publish","type":"product","link":"https:\/\/staging.nbg.eu\/hu\/termek\/jack-556x45mm223-rem-polimer\/","title":{"rendered":"Jack 5,56x45mm\/.223 REM Polimer"},"content":{"rendered":"<div class=\"product-description\">\n<h2>Jack 5,56x45mm\/.223 REM Polimer<\/h2>\n<p>A Jack 5,56x45mm\/.223 REM Polimer egy modern puska, amely prec\u00edzi\u00f3s m\u00e9rn\u00f6ki munk\u00e1t, fejlett anyagokat \u00e9s ergonomikus kialak\u00edt\u00e1st \u00f6tv\u00f6z.<\/p>\n<h2>F\u0151 jellemz\u0151k:<\/h2>\n<ul>\n<li>Kaliber: 5.56x45mm \/.223 Rem<\/li>\n<li>Cs\u0151hossz: 415mm<\/li>\n<li>Huzagol\u00e1s: 1:8<\/li>\n<li>Cs\u0151torkolat menet: 14\u00d71 bal<\/li>\n<li>\u00dcres t\u00f6meg: 3,1kg (t\u00f6ltetlen)<\/li>\n<li>L\u00f6ved\u00e9k torkolati sebess\u00e9g: 920 m\/s<\/li>\n<li>M\u0171k\u00f6d\u00e9s: Forg\u00f3-reteszel\u00e9s\u0171 z\u00e1r<\/li>\n<li>T\u00edpus: F\u00e9lautomata<\/li>\n<\/ul>\n<h2>Kialak\u00edt\u00e1s:<\/h2>\n<ul>\n<li>Mart oldals\u00edn optika felszerel\u00e9shez<\/li>\n<li>Z\u00e1rszerkezethez szegecselt s\u00edn<\/li>\n<li>Polimer tok<\/li>\n<li>Ergonomikus polimer \u00e1gy<\/li>\n<li>G\u00e1zcs\u0151 polimer burkolat<\/li>\n<li>Nagyobb t\u0171zv\u00e1lt\u00f3 kar<\/li>\n<li>Nagyobb t\u00e1rold\u00f3 gomb<\/li>\n<li>Als\u00f3 s\u00edn (fecskefark) kieg\u00e9sz\u00edt\u0151k r\u00f6gz\u00edt\u00e9s\u00e9hez<\/li>\n<\/ul>\n<p>A Jack 5,56x45mm\/.223 REM Polimer megb\u00edzhat\u00f3, pontos \u00e9s modern kialak\u00edt\u00e1s\u00fa puska.<\/p>\n<\/div>\n","protected":false},"excerpt":{"rendered":"<p>Kompakt, k\u00f6nny\u0171 5,56 mm-es puska polimer alkatr\u00e9szekkel. F\u00e9lautomata. Testreszabhat\u00f3 optikai s\u00ednnel.<\/p>\n","protected":false},"featured_media":581326,"template":"","meta":{"_acf_changed":false},"product_brand":[],"product_cat":[12964,12967],"product_tag":[],"class_list":{"0":"post-581266","1":"product","2":"type-product","3":"status-publish","4":"has-post-thumbnail","6":"product_cat-karabelyok","7":"product_cat-puska","9":"first","10":"outofstock","11":"taxable","12":"shipping-taxable","13":"product-type-simple"},"acf":[],"_links":{"self":[{"href":"https:\/\/staging.nbg.eu\/hu\/wp-json\/wp\/v2\/product\/581266","targetHints":{"allow":["GET"]}}],"collection":[{"href":"https:\/\/staging.nbg.eu\/hu\/wp-json\/wp\/v2\/product"}],"about":[{"href":"https:\/\/staging.nbg.eu\/hu\/wp-json\/wp\/v2\/types\/product"}],"wp:featuredmedia":[{"embeddable":true,"href":"https:\/\/staging.nbg.eu\/hu\/wp-json\/wp\/v2\/media\/581326"}],"wp:attachment":[{"href":"https:\/\/staging.nbg.eu\/hu\/wp-json\/wp\/v2\/media?parent=581266"}],"wp:term":[{"taxonomy":"product_brand","embeddable":true,"href":"https:\/\/staging.nbg.eu\/hu\/wp-json\/wp\/v2\/product_brand?post=581266"},{"taxonomy":"product_cat","embeddable":true,"href":"https:\/\/staging.nbg.eu\/hu\/wp-json\/wp\/v2\/product_cat?post=581266"},{"taxonomy":"product_tag","embeddable":true,"href":"https:\/\/staging.nbg.eu\/hu\/wp-json\/wp\/v2\/product_tag?post=581266"}],"curies":[{"name":"wp","href":"https:\/\/api.w.org\/{rel}","templated":true}]}}