{"id":580981,"date":"2025-10-10T18:09:47","date_gmt":"2025-10-10T15:09:47","guid":{"rendered":"https:\/\/staging.nbg.eu\/product\/jack-762x39-mm-polymer\/"},"modified":"2025-10-17T17:28:51","modified_gmt":"2025-10-17T14:28:51","slug":"jack-762x39-mm-polimer","status":"publish","type":"product","link":"https:\/\/staging.nbg.eu\/hu\/termek\/jack-762x39-mm-polimer\/","title":{"rendered":"Jack 7,62&#215;39 mm Polimer"},"content":{"rendered":"<div class=\"product-description\">\n<h2>Jack 7,62&#215;39 mm Polimer<\/h2>\n<p>A Jack 7,62&#215;39 mm Polimer egy f\u00e9lautomata puska, amelyet pontoss\u00e1gra \u00e9s megb\u00edzhat\u00f3s\u00e1gra terveztek. Ez a l\u0151fegyver fejlett technol\u00f3gi\u00e1t \u00e9s ergonomikus kialak\u00edt\u00e1st \u00f6tv\u00f6z, ami alkalmass\u00e1 teszi professzion\u00e1lis felhaszn\u00e1l\u00f3k \u00e9s lelkes amat\u0151r\u00f6k sz\u00e1m\u00e1ra egyar\u00e1nt.<\/p>\n<h2>F\u0151bb jellemz\u0151k:<\/h2>\n<ul>\n<li>Kaliber: 7,62x39mm<\/li>\n<li>Hossz: 880mm<\/li>\n<li>Cs\u0151hossz: 415mm<\/li>\n<li>\u00dcres t\u00f6meg: 3,1kg (t\u00f6ltetlen\u00fcl)<\/li>\n<li>Torkolati sebess\u00e9g: 715 m\/s<\/li>\n<li>M\u0171k\u00f6d\u00e9si elv: Forg\u00f3z\u00e1ras reteszel\u00e9s<\/li>\n<li>T\u00edpus: F\u00e9lautomata<\/li>\n<\/ul>\n<p>A Jack 7,62&#215;39 mm Polimer mar\u00f3val k\u00e9sz\u00fclt oldals\u00ednt tartalmaz az optik\u00e1k egyszer\u0171 felszerel\u00e9s\u00e9hez, k\u00f6zvetlen\u00fcl a z\u00e1rszerkezethez szegecselve a jobb stabilit\u00e1s \u00e9rdek\u00e9ben. Ez a funkci\u00f3 lehet\u0151v\u00e9 teszi k\u00fcl\u00f6nb\u00f6z\u0151 optikai ir\u00e1nyz\u00e9kok gyors \u00e9s biztons\u00e1gos r\u00f6gz\u00edt\u00e9s\u00e9t, jav\u00edtva a pontoss\u00e1got \u00e9s a c\u00e9lz\u00e1st.<\/p>\n<h2>Tov\u00e1bbfejlesztett alkatr\u00e9szek:<\/h2>\n<ul>\n<li>Polimer tok a k\u00f6nny\u0171 tart\u00f3ss\u00e1g \u00e9rdek\u00e9ben<\/li>\n<li>Polimer \u00e1gy a jobb ergon\u00f3mia \u00e9rdek\u00e9ben<\/li>\n<li>Polimer g\u00e1zcs\u0151 burkolat a h\u0151elvezet\u00e9s \u00e9rdek\u00e9ben<\/li>\n<li>Megn\u00f6velt t\u0171znem v\u00e1lt\u00f3 a k\u00f6nnyebb kezelhet\u0151s\u00e9g \u00e9rdek\u00e9ben<\/li>\n<li>Megn\u00f6velt t\u00e1r\u00fcr\u00edt\u0151 a gyors \u00fajrat\u00f6lt\u00e9s \u00e9rdek\u00e9ben<\/li>\n<li>S\u00edn az oldalszerelv\u00e9ny alatt (fecskefark) tov\u00e1bbi kieg\u00e9sz\u00edt\u0151kh\u00f6z<\/li>\n<\/ul>\n<\/div>\n","protected":false},"excerpt":{"rendered":"<p>Jack 7,62x39mm polimer: Polimer puska, 880 mm, f\u00e9lautomata, mart s\u00edn optik\u00e1khoz.<\/p>\n","protected":false},"featured_media":581175,"template":"","meta":{"_acf_changed":false},"product_brand":[],"product_cat":[12964,12967],"product_tag":[],"class_list":{"0":"post-580981","1":"product","2":"type-product","3":"status-publish","4":"has-post-thumbnail","6":"product_cat-karabelyok","7":"product_cat-puska","9":"first","10":"outofstock","11":"taxable","12":"shipping-taxable","13":"product-type-simple"},"acf":[],"_links":{"self":[{"href":"https:\/\/staging.nbg.eu\/hu\/wp-json\/wp\/v2\/product\/580981","targetHints":{"allow":["GET"]}}],"collection":[{"href":"https:\/\/staging.nbg.eu\/hu\/wp-json\/wp\/v2\/product"}],"about":[{"href":"https:\/\/staging.nbg.eu\/hu\/wp-json\/wp\/v2\/types\/product"}],"wp:featuredmedia":[{"embeddable":true,"href":"https:\/\/staging.nbg.eu\/hu\/wp-json\/wp\/v2\/media\/581175"}],"wp:attachment":[{"href":"https:\/\/staging.nbg.eu\/hu\/wp-json\/wp\/v2\/media?parent=580981"}],"wp:term":[{"taxonomy":"product_brand","embeddable":true,"href":"https:\/\/staging.nbg.eu\/hu\/wp-json\/wp\/v2\/product_brand?post=580981"},{"taxonomy":"product_cat","embeddable":true,"href":"https:\/\/staging.nbg.eu\/hu\/wp-json\/wp\/v2\/product_cat?post=580981"},{"taxonomy":"product_tag","embeddable":true,"href":"https:\/\/staging.nbg.eu\/hu\/wp-json\/wp\/v2\/product_tag?post=580981"}],"curies":[{"name":"wp","href":"https:\/\/api.w.org\/{rel}","templated":true}]}}