{"id":579916,"date":"2025-10-10T18:09:46","date_gmt":"2025-10-10T15:09:46","guid":{"rendered":"https:\/\/staging.nbg.eu\/product\/mini-jack-556x45mm-223-rem-wbp-x-kruk\/"},"modified":"2025-10-17T17:24:14","modified_gmt":"2025-10-17T14:24:14","slug":"mini-jack-556x45mm223-rem-wbp-x-kruk","status":"publish","type":"product","link":"https:\/\/staging.nbg.eu\/hu\/termek\/mini-jack-556x45mm223-rem-wbp-x-kruk\/","title":{"rendered":"Mini Jack 5,56x45mm\/.223 REM WBP X KRUK"},"content":{"rendered":"<div class=\"product-description\">\n<h2>Mini Jack 5,56x45mm\/.223 REM WBP X KRUK<\/h2>\n<p>A Mini Jack 5,56x45mm\/.223 REM WBP X KRUK egy puska, amely szakemberek \u00e9s lelkes l\u00f6v\u00e9szek sz\u00e1m\u00e1ra k\u00e9sz\u00fclt. Ez a fegyver teljes\u00edtm\u00e9nyt \u00e9s fejlett funkci\u00f3kat kombin\u00e1l.<\/p>\n<h2>F\u0151 jellemz\u0151k:<\/h2>\n<ul>\n<li>R\u00f6gz\u00edtett tus \u00e1ll\u00edthat\u00f3 CRC 5002\/9035-tel<\/li>\n<li>CRC 1U043 g\u00e1zcs\u0151 \u00e1gy \u00e9s bor\u00edt\u00e1s<\/li>\n<li>Ergonomikus polimer markolat<\/li>\n<li>Megn\u00f6velt t\u0171zv\u00e1lt\u00f3 kar<\/li>\n<li>Megn\u00f6velt t\u00e1rkil\u00f6k\u0151<\/li>\n<li>Oldalra szerelhet\u0151 s\u00edn (fecskefark)<\/li>\n<li>Mart oldals\u00edn optika r\u00f6gz\u00edt\u00e9s\u00e9hez<\/li>\n<\/ul>\n<h2>M\u0171szaki adatok:<\/h2>\n<ul>\n<li>Kaliber: 5.56\u00d745 mm\/.223 Rem<\/li>\n<li>Cs\u0151hossz: 259mm<\/li>\n<li>Huzagol\u00e1s: 1:8<\/li>\n<li>Cs\u0151v\u00e9g menete: 14\u00d71 bal<\/li>\n<li>M\u0171k\u00f6d\u00e9si elv: Forg\u00f3z\u00e1ras reteszel\u00e9s<\/li>\n<li>T\u00edpus: F\u00e9lautomata<\/li>\n<\/ul>\n<p>A Mini Jack kompakt kialak\u00edt\u00e1s\u00fa, \u00e9s k\u00fcl\u00f6nb\u00f6z\u0151 alkalmaz\u00e1sokhoz haszn\u00e1lhat\u00f3, taktikai m\u0171veletekt\u0151l a sportl\u00f6v\u00e9szetig.<\/p>\n<p>Ez a puska szegecselt s\u00ednt tartalmaz a z\u00e1rszerkezetn\u00e9l, amely stabil alapot biztos\u00edt az optika r\u00f6gz\u00edt\u00e9s\u00e9hez. A megn\u00f6velt t\u0171zv\u00e1lt\u00f3 kar \u00e9s t\u00e1rkil\u00f6k\u0151 jobb ergon\u00f3mi\u00e1t \u00e9s gyorsabb kezel\u00e9st biztos\u00edt.<\/p>\n<\/div>\n","protected":false},"excerpt":{"rendered":"<p>Kompakt 5,56 mm-es f\u00e9lautomata puska \u00e1ll\u00edthat\u00f3 tus\u00e1val, m\u0171anyag markolattal \u00e9s optikai s\u00ednnel. Sokoldal\u00fa \u00e9s testreszabhat\u00f3.<\/p>\n","protected":false},"featured_media":579944,"template":"","meta":{"_acf_changed":false},"product_brand":[],"product_cat":[12964,12967],"product_tag":[],"class_list":{"0":"post-579916","1":"product","2":"type-product","3":"status-publish","4":"has-post-thumbnail","6":"product_cat-karabelyok","7":"product_cat-puska","9":"first","10":"outofstock","11":"taxable","12":"shipping-taxable","13":"product-type-simple"},"acf":[],"_links":{"self":[{"href":"https:\/\/staging.nbg.eu\/hu\/wp-json\/wp\/v2\/product\/579916","targetHints":{"allow":["GET"]}}],"collection":[{"href":"https:\/\/staging.nbg.eu\/hu\/wp-json\/wp\/v2\/product"}],"about":[{"href":"https:\/\/staging.nbg.eu\/hu\/wp-json\/wp\/v2\/types\/product"}],"wp:featuredmedia":[{"embeddable":true,"href":"https:\/\/staging.nbg.eu\/hu\/wp-json\/wp\/v2\/media\/579944"}],"wp:attachment":[{"href":"https:\/\/staging.nbg.eu\/hu\/wp-json\/wp\/v2\/media?parent=579916"}],"wp:term":[{"taxonomy":"product_brand","embeddable":true,"href":"https:\/\/staging.nbg.eu\/hu\/wp-json\/wp\/v2\/product_brand?post=579916"},{"taxonomy":"product_cat","embeddable":true,"href":"https:\/\/staging.nbg.eu\/hu\/wp-json\/wp\/v2\/product_cat?post=579916"},{"taxonomy":"product_tag","embeddable":true,"href":"https:\/\/staging.nbg.eu\/hu\/wp-json\/wp\/v2\/product_tag?post=579916"}],"curies":[{"name":"wp","href":"https:\/\/api.w.org\/{rel}","templated":true}]}}