{"id":57978,"date":"2024-02-20T19:33:36","date_gmt":"2024-09-13T14:53:34","guid":{"rendered":"https:\/\/staging.nbg.eu\/product\/geissele-super-precision-compm5s-series-optic-mounts-black-1-93\/"},"modified":"2024-09-13T14:54:25","modified_gmt":"2024-09-13T14:54:25","slug":"geissele-super-precision-compm5s-sorozat-optikai-szerelek-fekete-193","status":"publish","type":"product","link":"https:\/\/staging.nbg.eu\/hu\/termek\/geissele-super-precision-compm5s-sorozat-optikai-szerelek-fekete-193\/","title":{"rendered":"Geissele Super Precision\u00ae &#8211; CompM5s Sorozat Optikai Szerel\u00e9k, Fekete (1.93&#8243;)"},"content":{"rendered":"<div class=\"product-description\">\n<h2>Geissele Super Precision\u00ae &#8211; CompM5s sorozat\u00fa optikai szerel\u00e9k, fekete (1,93&#8243;)<\/h2>\n<p>A Geissele Super Precision\u00ae CompM5s sorozat\u00fa optikai szerel\u00e9k az Aimpoint CompM5s \u00e9s hasonl\u00f3 v\u00f6r\u00f6s pontos optik\u00e1khoz k\u00e9sz\u00fclt.<\/p>\n<ul>\n<li>Prec\u00edzi\u00f3s megmunk\u00e1l\u00e1s\u00fa, egyetlen darab 7075-T6 nagy szil\u00e1rds\u00e1g\u00fa alum\u00edniumb\u00f3l<\/li>\n<li>1,93&#8243; magass\u00e1g opci\u00f3<\/li>\n<li>Csavar \u00e9s anya r\u00f6gz\u00edt\u00e9si m\u00f3dszer 1400 font szor\u00edt\u00f3er\u0151vel<\/li>\n<li>3 ny\u00edr\u00f3csap a maxim\u00e1lis merevs\u00e9g \u00e9s a nulla visszat\u00e9r\u00e9s \u00e9rdek\u00e9ben<\/li>\n<li>Fekete Type 3 Hardcoat elox\u00e1lt fel\u00fclet<\/li>\n<\/ul>\n<p>Ez az optikai szerel\u00e9k megb\u00edzhat\u00f3s\u00e1got \u00e9s teljes\u00edtm\u00e9nyt ny\u00fajt.<\/p>\n<\/div>\n","protected":false},"excerpt":{"rendered":"<p>Prec\u00edzi\u00f3s megmunk\u00e1l\u00e1s\u00fa tart\u00f3 Aimpoint CompM5s-hez, rendk\u00edv\u00fcl biztons\u00e1gos \u00e9s tart\u00f3s.<\/p>\n","protected":false},"featured_media":57979,"template":"","meta":{"_acf_changed":false},"product_brand":[11393],"product_cat":[12967],"product_tag":[],"class_list":{"0":"post-57978","1":"product","2":"type-product","3":"status-publish","4":"has-post-thumbnail","6":"product_brand-geissele","7":"product_cat-puska","9":"first","10":"instock","11":"taxable","12":"shipping-taxable","13":"product-type-simple"},"acf":[],"_links":{"self":[{"href":"https:\/\/staging.nbg.eu\/hu\/wp-json\/wp\/v2\/product\/57978","targetHints":{"allow":["GET"]}}],"collection":[{"href":"https:\/\/staging.nbg.eu\/hu\/wp-json\/wp\/v2\/product"}],"about":[{"href":"https:\/\/staging.nbg.eu\/hu\/wp-json\/wp\/v2\/types\/product"}],"wp:featuredmedia":[{"embeddable":true,"href":"https:\/\/staging.nbg.eu\/hu\/wp-json\/wp\/v2\/media\/57979"}],"wp:attachment":[{"href":"https:\/\/staging.nbg.eu\/hu\/wp-json\/wp\/v2\/media?parent=57978"}],"wp:term":[{"taxonomy":"product_brand","embeddable":true,"href":"https:\/\/staging.nbg.eu\/hu\/wp-json\/wp\/v2\/product_brand?post=57978"},{"taxonomy":"product_cat","embeddable":true,"href":"https:\/\/staging.nbg.eu\/hu\/wp-json\/wp\/v2\/product_cat?post=57978"},{"taxonomy":"product_tag","embeddable":true,"href":"https:\/\/staging.nbg.eu\/hu\/wp-json\/wp\/v2\/product_tag?post=57978"}],"curies":[{"name":"wp","href":"https:\/\/api.w.org\/{rel}","templated":true}]}}