{"id":578751,"date":"2025-10-10T18:09:29","date_gmt":"2025-10-10T15:09:29","guid":{"rendered":"https:\/\/staging.nbg.eu\/product\/mini-jack-762x39-mm-wbp-x-kruk\/"},"modified":"2025-10-17T16:52:12","modified_gmt":"2025-10-17T13:52:12","slug":"mini-jack-762x39-mm-wbp-x-kruk","status":"publish","type":"product","link":"https:\/\/staging.nbg.eu\/hu\/termek\/mini-jack-762x39-mm-wbp-x-kruk\/","title":{"rendered":"Mini Jack 7,62&#215;39 mm WBP X KRUK"},"content":{"rendered":"<h2>Mini Jack 7,62&#215;39 mm WBP X KRUK<\/h2>\n<p>A Mini Jack 7,62&#215;39 mm WBP X KRUK egy puska, amelyet civil felhaszn\u00e1l\u00f3k \u00e9s enged\u00e9lyezett szervezetek sz\u00e1m\u00e1ra terveztek. Ez a fegyver \u00f6tv\u00f6zi az er\u0151t, a pontoss\u00e1got \u00e9s az ergon\u00f3mi\u00e1t egy kompakt csomagban.<\/p>\n<h2>F\u0151 jellemz\u0151k:<\/h2>\n<ul>\n<li><strong>\u00c1ll\u00edthat\u00f3 tus:<\/strong> A CRC 5002\/9035 r\u00f6gz\u00edtett tus stabil t\u00e1maszt ny\u00fajt \u00e1ll\u00edthat\u00f3 hosszal.<\/li>\n<li><strong>Tart\u00f3s szerkezet:<\/strong> Robusztus \u00e1gytussal \u00e9s CRC 1U043 g\u00e1zcs\u0151 burkolattal rendelkezik.<\/li>\n<li><strong>Ergonomikus kialak\u00edt\u00e1s:<\/strong> K\u00f6nny\u0171 polimer markolat a k\u00e9nyelem\u00e9rt \u00e9s ir\u00e1ny\u00edt\u00e1s\u00e9rt.<\/li>\n<li><strong>Tov\u00e1bbfejlesztett kezel\u0151szervek:<\/strong> Nagyobb t\u0171zv\u00e1lt\u00f3 kar \u00e9s t\u00e1rkil\u00f6k\u0151 gomb a gyors kezel\u00e9s\u00e9rt.<\/li>\n<li><strong>Sokoldal\u00fa r\u00f6gz\u00edt\u00e9si lehet\u0151s\u00e9gek:<\/strong> Oldals\u00f3 &#8222;fecskefark&#8221; s\u00edn optikai \u00e9s \u00e9jjell\u00e1t\u00f3 eszk\u00f6z\u00f6k sz\u00e1m\u00e1ra.<\/li>\n<\/ul>\n<h2>M\u0171szaki adatok:<\/h2>\n<ul>\n<li>Kaliber: 7,62 x 39 mm<\/li>\n<li>Cs\u0151hossz: 259 mm<\/li>\n<li>Cs\u0151huzagol\u00e1s: 1:8<\/li>\n<li>Cs\u0151v\u00e9g menete: 14\u00d71 bal<\/li>\n<li>Z\u00e1rmechanizmus: Forg\u00f3z\u00e1ras<\/li>\n<li>T\u0171zm\u00f3d: F\u00e9lautomata<\/li>\n<li>Szerkezet t\u00edpusa: F\u00e9lautomata puska<\/li>\n<\/ul>\n<p>A Mini Jack 7,62&#215;39 mm WBP X KRUK megfelel mind a civil l\u00f6v\u00e9szek, mind az enged\u00e9lyezett szervezetek ig\u00e9nyeinek.<\/p>\n<p>A Mini Jack 7,62&#215;39 mm WBP X KRUK \u00f6tv\u00f6zi az er\u0151t, a pontoss\u00e1got \u00e9s az ergon\u00f3mi\u00e1t.<\/p>\n","protected":false},"excerpt":{"rendered":"<p>Mini Jack 7,62x39mm: Kompakt, ergonomikus puska tov\u00e1bbfejlesztett jellemz\u0151kkel civil \u00e9s enged\u00e9lyezett haszn\u00e1latra.<\/p>\n","protected":false},"featured_media":578807,"template":"","meta":{"_acf_changed":false},"product_brand":[],"product_cat":[12964,12967],"product_tag":[],"class_list":{"0":"post-578751","1":"product","2":"type-product","3":"status-publish","4":"has-post-thumbnail","6":"product_cat-karabelyok","7":"product_cat-puska","9":"first","10":"outofstock","11":"taxable","12":"shipping-taxable","13":"product-type-simple"},"acf":[],"_links":{"self":[{"href":"https:\/\/staging.nbg.eu\/hu\/wp-json\/wp\/v2\/product\/578751","targetHints":{"allow":["GET"]}}],"collection":[{"href":"https:\/\/staging.nbg.eu\/hu\/wp-json\/wp\/v2\/product"}],"about":[{"href":"https:\/\/staging.nbg.eu\/hu\/wp-json\/wp\/v2\/types\/product"}],"wp:featuredmedia":[{"embeddable":true,"href":"https:\/\/staging.nbg.eu\/hu\/wp-json\/wp\/v2\/media\/578807"}],"wp:attachment":[{"href":"https:\/\/staging.nbg.eu\/hu\/wp-json\/wp\/v2\/media?parent=578751"}],"wp:term":[{"taxonomy":"product_brand","embeddable":true,"href":"https:\/\/staging.nbg.eu\/hu\/wp-json\/wp\/v2\/product_brand?post=578751"},{"taxonomy":"product_cat","embeddable":true,"href":"https:\/\/staging.nbg.eu\/hu\/wp-json\/wp\/v2\/product_cat?post=578751"},{"taxonomy":"product_tag","embeddable":true,"href":"https:\/\/staging.nbg.eu\/hu\/wp-json\/wp\/v2\/product_tag?post=578751"}],"curies":[{"name":"wp","href":"https:\/\/api.w.org\/{rel}","templated":true}]}}