{"id":57840,"date":"2024-02-20T19:42:37","date_gmt":"2024-09-13T14:48:41","guid":{"rendered":"https:\/\/staging.nbg.eu\/product\/geissele-super-precision-t1-mount-lower-1-3-co-witness\/"},"modified":"2024-09-13T14:49:34","modified_gmt":"2024-09-13T14:49:34","slug":"geissele-super-precision-t1-szerelek-also-13-co-witness","status":"publish","type":"product","link":"https:\/\/staging.nbg.eu\/hu\/termek\/geissele-super-precision-t1-szerelek-also-13-co-witness\/","title":{"rendered":"Geissele Super Precision T1 Szerel\u00e9k &#8211; Als\u00f3 1\/3 Co-Witness"},"content":{"rendered":"<div class=\"product-description\">\n<h2>Geissele Super Precision T1 szerel\u00e9k &#8211; Als\u00f3 1\/3 egy\u00fcttes ir\u00e1nyz\u00e9k (DDC)<\/h2>\n<p>A Geissele Super Precision T1 szerel\u00e9k az Aimpoint T1 \u00e9s hasonl\u00f3 v\u00f6r\u00f6s pont ir\u00e1nyz\u00e9kokhoz k\u00e9sz\u00fclt. Jellemz\u0151i:<\/p>\n<ul>\n<li>Prec\u00edzi\u00f3s megmunk\u00e1l\u00e1s\u00fa, egyetlen darab 7075-T6 nagy szil\u00e1rds\u00e1g\u00fa alum\u00edniumb\u00f3l<\/li>\n<li>Als\u00f3 1\/3 egy\u00fcttes ir\u00e1nyz\u00e9k opci\u00f3 az optim\u00e1lis c\u00e9lk\u00e9phez<\/li>\n<li>DDC (Desert Dirt Color) 3-as t\u00edpus\u00fa kem\u00e9ny elox\u00e1lt bevonat<\/li>\n<li>Csavar \u00e9s anya r\u00f6gz\u00edt\u00e9si m\u00f3dszer, amely 1400 font szor\u00edt\u00f3er\u0151t biztos\u00edt<\/li>\n<li>3 ny\u00edr\u00f3csap a maxim\u00e1lis merevs\u00e9g \u00e9s a null\u00e1ra visszat\u00e9r\u00e9s \u00e9rdek\u00e9ben<\/li>\n<\/ul>\n<p>Ez a szerel\u00e9k stabilit\u00e1st \u00e9s pontoss\u00e1got biztos\u00edt, \u00e9s megfelel\u0151 komoly l\u00f6v\u00e9szek \u00e9s szakemberek sz\u00e1m\u00e1ra.<\/p>\n<\/div>\n","protected":false},"excerpt":{"rendered":"<p>Prec\u00edzi\u00f3s T1 r\u00f6gz\u00edt\u00e9s: Als\u00f3 1\/3 egy\u00fcttl\u00e1t\u00e1s, DDC fel\u00fclet, sziklaszil\u00e1rd.<\/p>\n","protected":false},"featured_media":57841,"template":"","meta":{"_acf_changed":false},"product_brand":[11393],"product_cat":[12967],"product_tag":[],"class_list":{"0":"post-57840","1":"product","2":"type-product","3":"status-publish","4":"has-post-thumbnail","6":"product_brand-geissele","7":"product_cat-puska","9":"first","10":"instock","11":"taxable","12":"shipping-taxable","13":"product-type-variable","14":"wvs-archive-product-wrapper"},"acf":[],"_links":{"self":[{"href":"https:\/\/staging.nbg.eu\/hu\/wp-json\/wp\/v2\/product\/57840","targetHints":{"allow":["GET"]}}],"collection":[{"href":"https:\/\/staging.nbg.eu\/hu\/wp-json\/wp\/v2\/product"}],"about":[{"href":"https:\/\/staging.nbg.eu\/hu\/wp-json\/wp\/v2\/types\/product"}],"wp:featuredmedia":[{"embeddable":true,"href":"https:\/\/staging.nbg.eu\/hu\/wp-json\/wp\/v2\/media\/57841"}],"wp:attachment":[{"href":"https:\/\/staging.nbg.eu\/hu\/wp-json\/wp\/v2\/media?parent=57840"}],"wp:term":[{"taxonomy":"product_brand","embeddable":true,"href":"https:\/\/staging.nbg.eu\/hu\/wp-json\/wp\/v2\/product_brand?post=57840"},{"taxonomy":"product_cat","embeddable":true,"href":"https:\/\/staging.nbg.eu\/hu\/wp-json\/wp\/v2\/product_cat?post=57840"},{"taxonomy":"product_tag","embeddable":true,"href":"https:\/\/staging.nbg.eu\/hu\/wp-json\/wp\/v2\/product_tag?post=57840"}],"curies":[{"name":"wp","href":"https:\/\/api.w.org\/{rel}","templated":true}]}}