{"id":577943,"date":"2025-10-10T18:01:49","date_gmt":"2025-10-10T15:01:49","guid":{"rendered":"https:\/\/staging.nbg.eu\/product\/x-ray-pcc-spacer-rh\/"},"modified":"2025-10-15T12:42:38","modified_gmt":"2025-10-15T09:42:38","slug":"x-ray-pcc-tavtarto-jobb","status":"publish","type":"product","link":"https:\/\/staging.nbg.eu\/hu\/termek\/x-ray-pcc-tavtarto-jobb\/","title":{"rendered":"X-Ray PCC T\u00e1vtart\u00f3 Jobb"},"content":{"rendered":"<h2>X-Ray PCC Hosszabb\u00edtott T\u00e1r T\u00e1vtart\u00f3 Jobbkezes<\/h2>\n<p>X-Ray PCC Hosszabb\u00edtott T\u00e1r T\u00e1vtart\u00f3 jobbkezes l\u00f6v\u00e9szeknek. Hosszabb\u00edtott Glock t\u00e1rakhoz haszn\u00e1lhat\u00f3 a DAA X-Ray tokokkal. Ez a t\u00e1vtart\u00f3 helyettes\u00edti a standard verzi\u00f3t, lehet\u0151v\u00e9 t\u00e9ve, hogy a hossz\u00fa t\u00e1rak \u00e1tny\u00faljanak a tok alj\u00e1n.<\/p>\n<h2>F\u0151bb jellemz\u0151k:<\/h2>\n<ul>\n<li>Kompatibilis az alum\u00ednium \u00e9s polimer DAA X-Ray tokokkal<\/li>\n<li>Kifejezetten hosszabb\u00edtott Glock PCC t\u00e1rakhoz tervezve<\/li>\n<li>A t\u00e1maszt\u00f3kar a t\u00e1r m\u00f6g\u00f6tt helyezkedik el<\/li>\n<li>Jav\u00edtja az egyens\u00falyt \u00e9s a r\u00f6gz\u00edt\u00e9st<\/li>\n<li>Gyors \u00e9s egyszer\u0171 felszerel\u00e9s<\/li>\n<\/ul>\n<p>Megjegyz\u00e9s: K\u00f6zepes h\u00e1ts\u00f3 t\u00e1vtart\u00f3 aj\u00e1nlott (X-Ray tokokhoz mell\u00e9kelve). T\u00e1rtok \u00e9s t\u00e1r nem tartoz\u00e9k. Csak egy t\u00e1vtart\u00f3t tartalmaz.<\/p>\n","protected":false},"excerpt":{"rendered":"<p>Biztos\u00edtsa a meghosszabb\u00edtott PCC t\u00e1rakat DAA X-Ray tokokkal. Jobbkezes verzi\u00f3.<\/p>\n","protected":false},"featured_media":578024,"template":"","meta":{"_acf_changed":false},"product_brand":[],"product_cat":[12934,12925],"product_tag":[],"class_list":{"0":"post-577943","1":"product","2":"type-product","3":"status-publish","4":"has-post-thumbnail","6":"product_cat-felszereles","7":"product_cat-tasakok","9":"first","10":"instock","11":"taxable","12":"shipping-taxable","13":"purchasable","14":"product-type-simple"},"acf":[],"_links":{"self":[{"href":"https:\/\/staging.nbg.eu\/hu\/wp-json\/wp\/v2\/product\/577943","targetHints":{"allow":["GET"]}}],"collection":[{"href":"https:\/\/staging.nbg.eu\/hu\/wp-json\/wp\/v2\/product"}],"about":[{"href":"https:\/\/staging.nbg.eu\/hu\/wp-json\/wp\/v2\/types\/product"}],"wp:featuredmedia":[{"embeddable":true,"href":"https:\/\/staging.nbg.eu\/hu\/wp-json\/wp\/v2\/media\/578024"}],"wp:attachment":[{"href":"https:\/\/staging.nbg.eu\/hu\/wp-json\/wp\/v2\/media?parent=577943"}],"wp:term":[{"taxonomy":"product_brand","embeddable":true,"href":"https:\/\/staging.nbg.eu\/hu\/wp-json\/wp\/v2\/product_brand?post=577943"},{"taxonomy":"product_cat","embeddable":true,"href":"https:\/\/staging.nbg.eu\/hu\/wp-json\/wp\/v2\/product_cat?post=577943"},{"taxonomy":"product_tag","embeddable":true,"href":"https:\/\/staging.nbg.eu\/hu\/wp-json\/wp\/v2\/product_tag?post=577943"}],"curies":[{"name":"wp","href":"https:\/\/api.w.org\/{rel}","templated":true}]}}