{"id":577747,"date":"2025-10-10T16:07:00","date_gmt":"2025-10-10T13:07:00","guid":{"rendered":"https:\/\/staging.nbg.eu\/product\/polymer-magazine-762x39-mm-for-akm-rifle-10-rounds\/"},"modified":"2025-10-15T12:35:54","modified_gmt":"2025-10-15T09:35:54","slug":"muanyag-tar-762x39-mm-akm-puskahoz-10-toltenyes","status":"publish","type":"product","link":"https:\/\/staging.nbg.eu\/hu\/termek\/muanyag-tar-762x39-mm-akm-puskahoz-10-toltenyes\/","title":{"rendered":"Muanyag tar 7,62&#215;39 mm AKM puskahoz 10 toltenyes"},"content":{"rendered":"<h2>Magpul PMAG 10 AK\/AKM MOE T\u00e1r<\/h2>\n<h2>7,62x39mm | 10 L\u0151szer Kapacit\u00e1s<\/h2>\n<p>A <strong>Magpul PMAG 10 AK\/AKM MOE<\/strong> t\u00e1r AK-t\u00edpus\u00fa fegyverekhez k\u00e9sz\u00fclt. Ez a polimer t\u00e1r Kalasnyikov t\u00edpus\u00fa fegyverekhez val\u00f3 7,62x39mm kaliberben, bele\u00e9rtve az AK-47, AKM, AKS \u00e9s SIG556R modelleket.<\/p>\n<h3>F\u0151bb jellemz\u0151k:<\/h3>\n<ul>\n<li>Polimer szerkezet<\/li>\n<li>10 l\u0151szer kapacit\u00e1s<\/li>\n<li>\u00c1lland\u00f3 g\u00f6rb\u00fclet\u0171 geometria<\/li>\n<li>Rozsdamentes ac\u00e9l rug\u00f3<\/li>\n<li>Megb\u00edzhat\u00f3, alacsony s\u00farl\u00f3d\u00e1s\u00fa adogat\u00f3<\/li>\n<li>Elt\u00e1vol\u00edthat\u00f3 alaplemez<\/li>\n<li>Bord\u00e1zott markolat fel\u00fclet<\/li>\n<li>Fest\u00e9k pont m\u00e1trix azonos\u00edt\u00e1shoz<\/li>\n<li>H\u00e1rom US megfelel\u0151s\u00e9gi alkatr\u00e9sznek sz\u00e1m\u00edt a 922(r) szerint<\/li>\n<\/ul>\n<p>Ez a kompakt t\u00e1r alkalmas fekv\u0151 \u00e9s t\u00e1masztott l\u00f6v\u00e9szeti poz\u00edci\u00f3khoz. A f\u00e9m t\u00e1rakhoz hasonl\u00f3 megb\u00edzhat\u00f3s\u00e1got ny\u00fajt.<\/p>\n<p><em>USA-ban gy\u00e1rtva<\/em><\/p>\n","protected":false},"excerpt":{"rendered":"<p>Megb\u00edzhat\u00f3 10 l\u0151szeres 7,62x39mm-es AKM t\u00e1r. K\u00f6nny\u0171 m\u0171anyag, amerikai gy\u00e1rtm\u00e1ny.<\/p>\n","protected":false},"featured_media":577851,"template":"","meta":{"_acf_changed":false},"product_brand":[],"product_cat":[12967,12950],"product_tag":[],"class_list":{"0":"post-577747","1":"product","2":"type-product","3":"status-publish","4":"has-post-thumbnail","6":"product_cat-puska","7":"product_cat-puska-tarak","9":"first","10":"outofstock","11":"taxable","12":"shipping-taxable","13":"product-type-simple"},"acf":[],"_links":{"self":[{"href":"https:\/\/staging.nbg.eu\/hu\/wp-json\/wp\/v2\/product\/577747","targetHints":{"allow":["GET"]}}],"collection":[{"href":"https:\/\/staging.nbg.eu\/hu\/wp-json\/wp\/v2\/product"}],"about":[{"href":"https:\/\/staging.nbg.eu\/hu\/wp-json\/wp\/v2\/types\/product"}],"wp:featuredmedia":[{"embeddable":true,"href":"https:\/\/staging.nbg.eu\/hu\/wp-json\/wp\/v2\/media\/577851"}],"wp:attachment":[{"href":"https:\/\/staging.nbg.eu\/hu\/wp-json\/wp\/v2\/media?parent=577747"}],"wp:term":[{"taxonomy":"product_brand","embeddable":true,"href":"https:\/\/staging.nbg.eu\/hu\/wp-json\/wp\/v2\/product_brand?post=577747"},{"taxonomy":"product_cat","embeddable":true,"href":"https:\/\/staging.nbg.eu\/hu\/wp-json\/wp\/v2\/product_cat?post=577747"},{"taxonomy":"product_tag","embeddable":true,"href":"https:\/\/staging.nbg.eu\/hu\/wp-json\/wp\/v2\/product_tag?post=577747"}],"curies":[{"name":"wp","href":"https:\/\/api.w.org\/{rel}","templated":true}]}}