{"id":577599,"date":"2025-10-10T16:06:59","date_gmt":"2025-10-10T13:06:59","guid":{"rendered":"https:\/\/staging.nbg.eu\/product\/polymer-magazine-556x45-mm-for-akm-rifles-10-rounds\/"},"modified":"2025-10-15T12:30:28","modified_gmt":"2025-10-15T09:30:28","slug":"muanyag-tar-556x45-mm-akm-puskahoz-10-toltenyes","status":"publish","type":"product","link":"https:\/\/staging.nbg.eu\/hu\/termek\/muanyag-tar-556x45-mm-akm-puskahoz-10-toltenyes\/","title":{"rendered":"Muanyag tar 5,56&#215;45 mm AKM puskahoz 10 toltenyes"},"content":{"rendered":"<h2>Polimer t\u00e1r AK-hoz 5,56&#215;45 mm \/ .223 Rem &#8211; 10 l\u0151szer<\/h2>\n<p>WBP Rog\u00f3w polimer t\u00e1r AK pusk\u00e1hoz. 5,56&#215;45 mm \/ .223 Rem kaliber\u0171 l\u0151szerhez tervezve, 10 l\u0151szeres kapacit\u00e1ssal. Kompatibilis Jack, Mini Jack, Beryl \u00e9s Mini Beryl karab\u00e9lyokkal.<\/p>\n<h2>Jellemz\u0151k:<\/h2>\n<ul>\n<li>Polimer szerkezet<\/li>\n<li>K\u00f6nny\u0171 kivitel<\/li>\n<li>F\u00e9lig \u00e1tl\u00e1tsz\u00f3 test a l\u0151szerek ellen\u0151rz\u00e9s\u00e9hez<\/li>\n<li>Ac\u00e9l alaplemez<\/li>\n<\/ul>\n<h2>M\u0171szaki adatok:<\/h2>\n<ul>\n<li>Test: Polimer<\/li>\n<li>Adogat\u00f3: Ac\u00e9l<\/li>\n<li>Kaliber: 5,56&#215;45 mm \/ .223 Rem<\/li>\n<li>Kapacit\u00e1s: 10 l\u0151szer<\/li>\n<li>S\u00faly: 103 g<\/li>\n<li>Sz\u00edn: \u00c1tl\u00e1tsz\u00f3<\/li>\n<\/ul>\n<p>AK pusk\u00e1hoz val\u00f3 t\u00e1r.<\/p>\n","protected":false},"excerpt":{"rendered":"<p>Polimer AK t\u00e1r, 10 l\u0151szeres, 5,56\u00d745\/.223 kaliber\u0171, f\u00e9lig \u00e1tl\u00e1tsz\u00f3, WBP Rog\u00f3w<\/p>\n","protected":false},"featured_media":577660,"template":"","meta":{"_acf_changed":false},"product_brand":[],"product_cat":[12967,12950],"product_tag":[],"class_list":{"0":"post-577599","1":"product","2":"type-product","3":"status-publish","4":"has-post-thumbnail","6":"product_cat-puska","7":"product_cat-puska-tarak","9":"first","10":"outofstock","11":"taxable","12":"shipping-taxable","13":"product-type-simple"},"acf":[],"_links":{"self":[{"href":"https:\/\/staging.nbg.eu\/hu\/wp-json\/wp\/v2\/product\/577599","targetHints":{"allow":["GET"]}}],"collection":[{"href":"https:\/\/staging.nbg.eu\/hu\/wp-json\/wp\/v2\/product"}],"about":[{"href":"https:\/\/staging.nbg.eu\/hu\/wp-json\/wp\/v2\/types\/product"}],"wp:featuredmedia":[{"embeddable":true,"href":"https:\/\/staging.nbg.eu\/hu\/wp-json\/wp\/v2\/media\/577660"}],"wp:attachment":[{"href":"https:\/\/staging.nbg.eu\/hu\/wp-json\/wp\/v2\/media?parent=577599"}],"wp:term":[{"taxonomy":"product_brand","embeddable":true,"href":"https:\/\/staging.nbg.eu\/hu\/wp-json\/wp\/v2\/product_brand?post=577599"},{"taxonomy":"product_cat","embeddable":true,"href":"https:\/\/staging.nbg.eu\/hu\/wp-json\/wp\/v2\/product_cat?post=577599"},{"taxonomy":"product_tag","embeddable":true,"href":"https:\/\/staging.nbg.eu\/hu\/wp-json\/wp\/v2\/product_tag?post=577599"}],"curies":[{"name":"wp","href":"https:\/\/api.w.org\/{rel}","templated":true}]}}