{"id":577343,"date":"2025-10-10T16:06:55","date_gmt":"2025-10-10T13:06:55","guid":{"rendered":"https:\/\/staging.nbg.eu\/product\/polymer-magazine-762x39-mm-for-akm-rifle-30-rounds\/"},"modified":"2025-10-15T12:27:21","modified_gmt":"2025-10-15T09:27:21","slug":"muanyag-tar-762x39-mm-akm-puskahoz-30-toltenyes","status":"publish","type":"product","link":"https:\/\/staging.nbg.eu\/hu\/termek\/muanyag-tar-762x39-mm-akm-puskahoz-30-toltenyes\/","title":{"rendered":"Muanyag tar 7,62&#215;39 mm AKM puskahoz 30 toltenyes"},"content":{"rendered":"<div class=\"product-description\">\n<h2>WBP\u00ae Polimer t\u00e1r AK\/AKM pusk\u00e1khoz &#8211; 7,62&#215;39 mm, 30 l\u0151szer<\/h2>\n<p>WBP\u00ae 30 l\u0151szeres t\u00e1r AK\/AKM pusk\u00e1khoz. Lengyelorsz\u00e1gban gy\u00e1rtva, jellemz\u0151i:<\/p>\n<ul>\n<li>\u00c1tl\u00e1tsz\u00f3, \u00fct\u00e9s\u00e1ll\u00f3 polimer test a l\u0151szerek ellen\u0151rz\u00e9s\u00e9hez<\/li>\n<li>K\u00f6nny\u0171 kialak\u00edt\u00e1s meger\u0151s\u00edtett ac\u00e9l alaplappal<\/li>\n<li>Kompatibilis a legt\u00f6bb 7,62\u00d739 mm-es AK-47 platform\u00fa pusk\u00e1val<\/li>\n<li>Lengyel gy\u00e1rt\u00e1s, k\u00fcl\u00f6nleges er\u0151k \u00e1ltal tesztelve<\/li>\n<\/ul>\n<p>WBP polimer t\u00e1r AK fegyverekhez.<\/p>\n<p><strong>Specifik\u00e1ci\u00f3k:<\/strong> Kaliber: 7,62&#215;39 mm | Kapacit\u00e1s: 30 l\u0151szer | Anyag: Polimer ac\u00e9l alaplappal<\/p>\n<\/div>\n","protected":false},"excerpt":{"rendered":"<p>\u00c1tl\u00e1tsz\u00f3 30 l\u0151szeres AK\/AKM t\u00e1r. Tart\u00f3s m\u0171anyag, ac\u00e9l alappal. 7,62&#215;39 mm-es.<\/p>\n","protected":false},"featured_media":577432,"template":"","meta":{"_acf_changed":false},"product_brand":[],"product_cat":[12967,12950],"product_tag":[],"class_list":{"0":"post-577343","1":"product","2":"type-product","3":"status-publish","4":"has-post-thumbnail","6":"product_cat-puska","7":"product_cat-puska-tarak","9":"first","10":"outofstock","11":"taxable","12":"shipping-taxable","13":"product-type-simple"},"acf":[],"_links":{"self":[{"href":"https:\/\/staging.nbg.eu\/hu\/wp-json\/wp\/v2\/product\/577343","targetHints":{"allow":["GET"]}}],"collection":[{"href":"https:\/\/staging.nbg.eu\/hu\/wp-json\/wp\/v2\/product"}],"about":[{"href":"https:\/\/staging.nbg.eu\/hu\/wp-json\/wp\/v2\/types\/product"}],"wp:featuredmedia":[{"embeddable":true,"href":"https:\/\/staging.nbg.eu\/hu\/wp-json\/wp\/v2\/media\/577432"}],"wp:attachment":[{"href":"https:\/\/staging.nbg.eu\/hu\/wp-json\/wp\/v2\/media?parent=577343"}],"wp:term":[{"taxonomy":"product_brand","embeddable":true,"href":"https:\/\/staging.nbg.eu\/hu\/wp-json\/wp\/v2\/product_brand?post=577343"},{"taxonomy":"product_cat","embeddable":true,"href":"https:\/\/staging.nbg.eu\/hu\/wp-json\/wp\/v2\/product_cat?post=577343"},{"taxonomy":"product_tag","embeddable":true,"href":"https:\/\/staging.nbg.eu\/hu\/wp-json\/wp\/v2\/product_tag?post=577343"}],"curies":[{"name":"wp","href":"https:\/\/api.w.org\/{rel}","templated":true}]}}