{"id":577169,"date":"2025-10-10T16:06:54","date_gmt":"2025-10-10T13:06:54","guid":{"rendered":"https:\/\/staging.nbg.eu\/product\/polymer-magazine-556x45-mm-for-akm-rifles-30-rounds\/"},"modified":"2025-10-15T12:22:39","modified_gmt":"2025-10-15T09:22:39","slug":"muanyag-tar-556x45-mm-akm-puskahoz-30-toltenyes","status":"publish","type":"product","link":"https:\/\/staging.nbg.eu\/hu\/termek\/muanyag-tar-556x45-mm-akm-puskahoz-30-toltenyes\/","title":{"rendered":"Muanyag tar 5,56&#215;45 mm AKM puskahoz 30 toltenyes"},"content":{"rendered":"<div class=\"product-description\">\n<h2>WBP\u00ae Polimer t\u00e1r AKM pusk\u00e1khoz &#8211; 5,56x45mm (30 l\u0151szer)<\/h2>\n<p>30 l\u0151szeres t\u00e1r AK\/AKM pusk\u00e1khoz a WBP\u00ae-t\u0151l. \u00c1tl\u00e1tsz\u00f3, \u00fct\u00e9s\u00e1ll\u00f3 polimerb\u0151l k\u00e9sz\u00fclt, jellemz\u0151i:<\/p>\n<ul>\n<li>Gyors l\u0151szerellen\u0151rz\u00e9s<\/li>\n<li>K\u00f6nny\u0171 \u00e9s tart\u00f3s szerkezet<\/li>\n<li>Meger\u0151s\u00edtett ac\u00e9l alaplemez<\/li>\n<li>Kompatibilis a legt\u00f6bb 5,56\u00d745mm-es AK platformmal<\/li>\n<\/ul>\n<p>Lengyel tervez\u00e9s\u0171, k\u00fcl\u00f6nleges er\u0151k \u00e1ltal tesztelt. A WBP csal\u00e1di v\u00e1llalkoz\u00e1sk\u00e9nt m\u0171k\u00f6dik, h\u00e1zon bel\u00fcli gy\u00e1rt\u00e1ssal \u00e9s ellen\u0151rz\u00e9ssel.<\/p>\n<p>Ez a t\u00e1r haszn\u00e1lhat\u00f3 hobbi \u00e9s professzion\u00e1lis c\u00e9lokra is.<\/p>\n<\/div>\n","protected":false},"excerpt":{"rendered":"<p>Tart\u00f3s 30 l\u0151szeres 5,56x45mm-es AKM t\u00e1r. \u00c1tl\u00e1tsz\u00f3 m\u0171anyag, ac\u00e9l alappal.<\/p>\n","protected":false},"featured_media":577213,"template":"","meta":{"_acf_changed":false},"product_brand":[],"product_cat":[12967,12950],"product_tag":[],"class_list":{"0":"post-577169","1":"product","2":"type-product","3":"status-publish","4":"has-post-thumbnail","6":"product_cat-puska","7":"product_cat-puska-tarak","9":"first","10":"outofstock","11":"taxable","12":"shipping-taxable","13":"product-type-simple"},"acf":[],"_links":{"self":[{"href":"https:\/\/staging.nbg.eu\/hu\/wp-json\/wp\/v2\/product\/577169","targetHints":{"allow":["GET"]}}],"collection":[{"href":"https:\/\/staging.nbg.eu\/hu\/wp-json\/wp\/v2\/product"}],"about":[{"href":"https:\/\/staging.nbg.eu\/hu\/wp-json\/wp\/v2\/types\/product"}],"wp:featuredmedia":[{"embeddable":true,"href":"https:\/\/staging.nbg.eu\/hu\/wp-json\/wp\/v2\/media\/577213"}],"wp:attachment":[{"href":"https:\/\/staging.nbg.eu\/hu\/wp-json\/wp\/v2\/media?parent=577169"}],"wp:term":[{"taxonomy":"product_brand","embeddable":true,"href":"https:\/\/staging.nbg.eu\/hu\/wp-json\/wp\/v2\/product_brand?post=577169"},{"taxonomy":"product_cat","embeddable":true,"href":"https:\/\/staging.nbg.eu\/hu\/wp-json\/wp\/v2\/product_cat?post=577169"},{"taxonomy":"product_tag","embeddable":true,"href":"https:\/\/staging.nbg.eu\/hu\/wp-json\/wp\/v2\/product_tag?post=577169"}],"curies":[{"name":"wp","href":"https:\/\/api.w.org\/{rel}","templated":true}]}}