{"id":576648,"date":"2025-10-10T15:52:39","date_gmt":"2025-10-10T12:52:39","guid":{"rendered":"https:\/\/staging.nbg.eu\/product\/adapter-single-arta435-52-52mm\/"},"modified":"2025-10-15T12:10:49","modified_gmt":"2025-10-15T09:10:49","slug":"adapter-egyszeres-arta435-52-52mm","status":"publish","type":"product","link":"https:\/\/staging.nbg.eu\/hu\/termek\/adapter-egyszeres-arta435-52-52mm\/","title":{"rendered":"Adapter egyszeres ARTA435-52, 52mm"},"content":{"rendered":"<div class=\"product-description\">\n<h2>ARTA435-52 egyes adapter, 52mm<\/h2>\n<p>Az ARTA435-52 egy gyorskiold\u00e1s\u00fa harang-adapter Guide TA \u00e9s TB h\u0151kamer\u00e1s el\u0151t\u00e9tekhez. Ez az 52mm-es adapter a nappali c\u00e9lt\u00e1vcs\u0151 \u00e9s a h\u0151kamer\u00e1s el\u0151t\u00e9t \u00f6sszekapcsol\u00e1s\u00e1ra szolg\u00e1l.<\/p>\n<h2>F\u0151bb jellemz\u0151k:<\/h2>\n<ul>\n<li>Kompatibilis M33.5&#215;0.75 menettel rendelkez\u0151 eszk\u00f6z\u00f6kkel<\/li>\n<li>Er\u0151s alum\u00edniumb\u00f3l k\u00e9sz\u00fclt<\/li>\n<li>Mozg\u00f3 alkatr\u00e9szek edzett ac\u00e9lb\u00f3l<\/li>\n<li>Speci\u00e1lis bels\u0151 v\u00e9d\u0151bevonat<\/li>\n<li>Biztos fog\u00e1st biztos\u00edt \u00e9s v\u00e9di az optik\u00e1t<\/li>\n<li>Gyorskiold\u00f3 mechanizmus a k\u00f6nny\u0171 felszerel\u00e9shez<\/li>\n<\/ul>\n<h2>Kompatibilit\u00e1s:<\/h2>\n<p>Ez az adapter kompatibilis k\u00fcl\u00f6nb\u00f6z\u0151 h\u0151kamer\u00e1s el\u0151t\u00e9tekkel, bele\u00e9rtve:<\/p>\n<ul>\n<li>Guide TB \u00e9s TA sorozat<\/li>\n<li>Athlon Cronus ATS Pro<\/li>\n<li>Burris BTC50, BTC35 v2 \u00e9s v3<\/li>\n<li>Steiner Nighthunter C35 Gen I \u00e9s Gen II<\/li>\n<li>Konus Fiery<\/li>\n<li>Nitehog Viper<\/li>\n<\/ul>\n<p>V\u00e1s\u00e1rl\u00e1s el\u0151tt ellen\u0151rizze, hogy a c\u00e9lt\u00e1vcs\u0151 objekt\u00edvj\u00e9nek k\u00fcls\u0151 \u00e1tm\u00e9r\u0151je 52mm. Alternat\u00edv r\u00f6gz\u00edt\u00e9si lehet\u0151s\u00e9gek\u00e9rt tekintse meg a Picatinny s\u00edn adaptereinket, amelyek k\u00fcl\u00f6nb\u00f6z\u0151 magass\u00e1gokban el\u00e9rhet\u0151k.<\/p>\n<p>A Rusan-Mikron \u00e1ltal gy\u00e1rtott adapter illeszked\u00e9st \u00e9s integr\u00e1ci\u00f3t biztos\u00edt a h\u0151kamer\u00e1s rendszerhez. Az ARTA435-52 adapter haszn\u00e1lhat\u00f3 vad\u00e1szathoz vagy taktikai c\u00e9lokra.<\/p>\n<\/div>\n","protected":false},"excerpt":{"rendered":"<p>52 mm-es Rusan adapter Guide h\u0151kamer\u00e1s el\u0151t\u00e9tekhez. Gyorskiold\u00f3s, alum\u00ednium.<\/p>\n","protected":false},"featured_media":576676,"template":"","meta":{"_acf_changed":false},"product_brand":[],"product_cat":[12943,12900,12898],"product_tag":[],"class_list":{"0":"post-576648","1":"product","2":"type-product","3":"status-publish","4":"has-post-thumbnail","6":"product_cat-celzas","7":"product_cat-celzo-kiegeszitok","8":"product_cat-hokepes","10":"first","11":"outofstock","12":"taxable","13":"shipping-taxable","14":"purchasable","15":"product-type-simple"},"acf":[],"_links":{"self":[{"href":"https:\/\/staging.nbg.eu\/hu\/wp-json\/wp\/v2\/product\/576648","targetHints":{"allow":["GET"]}}],"collection":[{"href":"https:\/\/staging.nbg.eu\/hu\/wp-json\/wp\/v2\/product"}],"about":[{"href":"https:\/\/staging.nbg.eu\/hu\/wp-json\/wp\/v2\/types\/product"}],"wp:featuredmedia":[{"embeddable":true,"href":"https:\/\/staging.nbg.eu\/hu\/wp-json\/wp\/v2\/media\/576676"}],"wp:attachment":[{"href":"https:\/\/staging.nbg.eu\/hu\/wp-json\/wp\/v2\/media?parent=576648"}],"wp:term":[{"taxonomy":"product_brand","embeddable":true,"href":"https:\/\/staging.nbg.eu\/hu\/wp-json\/wp\/v2\/product_brand?post=576648"},{"taxonomy":"product_cat","embeddable":true,"href":"https:\/\/staging.nbg.eu\/hu\/wp-json\/wp\/v2\/product_cat?post=576648"},{"taxonomy":"product_tag","embeddable":true,"href":"https:\/\/staging.nbg.eu\/hu\/wp-json\/wp\/v2\/product_tag?post=576648"}],"curies":[{"name":"wp","href":"https:\/\/api.w.org\/{rel}","templated":true}]}}