{"id":575627,"date":"2025-10-10T12:35:07","date_gmt":"2025-10-10T09:35:07","guid":{"rendered":"https:\/\/staging.nbg.eu\/product\/grips-kmr-l-dotmatrix-ergo-short-for-orca-emiq-pink\/"},"modified":"2025-10-15T11:49:19","modified_gmt":"2025-10-15T08:49:19","slug":"markolat-kmr-l-pontmatrix-ergo-rovid-orca-emiq-pink","status":"publish","type":"product","link":"https:\/\/staging.nbg.eu\/hu\/termek\/markolat-kmr-l-pontmatrix-ergo-rovid-orca-emiq-pink\/","title":{"rendered":"MARKOLAT KMR L PONTMATRIX ERGO ROVID ORCA, EMIQ PINK"},"content":{"rendered":"<h2>GRIPS KMR L DOTMATRIX ERGO SHORT ORCA \u00e9s EMIQ modellekhez &#8211; R\u00d3ZSASZ\u00cdN<\/h2>\n<p>GRIPS KMR L DOTMATRIX ERGO SHORT markolat ORCA \u00e9s EMIQ modellekhez r\u00f3zsasz\u00edn sz\u00ednben. Ezek a duralumin markolatok golf labda mint\u00e1zattal rendelkeznek, biztos fog\u00e1st biztos\u00edtva.<\/p>\n<h2>F\u0151 jellemz\u0151k:<\/h2>\n<ul>\n<li>Referencia: 0611-03204-0110<\/li>\n<li>M\u00e1rka: KMR Precision Arms<\/li>\n<li>M\u00e9ret: R\u00f6vid<\/li>\n<li>Anyag: Elox\u00e1lt duralumin<\/li>\n<li>Minta: Golf labda (Dotmatrix Ergo)<\/li>\n<li>Haszn\u00e1lat: T\u00e1rvezet\u0151vel<\/li>\n<li>Tartalmaz: Torx csavarokat<\/li>\n<\/ul>\n<p>Alkalmas megl\u00e9v\u0151 pisztoly fejleszt\u00e9s\u00e9re vagy versenyfegyver kialak\u00edt\u00e1s\u00e1ra. Kompatibilis a KMR L-02 EMIQ, KMR L-02 EMIQ (OR) \u00e9s KMR L-02 ORCA (2023-ig) modellekkel.<\/p>\n","protected":false},"excerpt":{"rendered":"<p>R\u00f3zsasz\u00edn duralumin markolat ORCA\/EMIQ-hez. Golflabda text\u00far\u00e1j\u00fa. R\u00f6vid, ergonomikus.<\/p>\n","protected":false},"featured_media":575660,"template":"","meta":{"_acf_changed":false},"product_brand":[],"product_cat":[12919],"product_tag":[],"class_list":{"0":"post-575627","1":"product","2":"type-product","3":"status-publish","4":"has-post-thumbnail","6":"product_cat-kmr-alkatreszek","8":"first","9":"outofstock","10":"taxable","11":"shipping-taxable","12":"purchasable","13":"product-type-simple"},"acf":[],"_links":{"self":[{"href":"https:\/\/staging.nbg.eu\/hu\/wp-json\/wp\/v2\/product\/575627","targetHints":{"allow":["GET"]}}],"collection":[{"href":"https:\/\/staging.nbg.eu\/hu\/wp-json\/wp\/v2\/product"}],"about":[{"href":"https:\/\/staging.nbg.eu\/hu\/wp-json\/wp\/v2\/types\/product"}],"wp:featuredmedia":[{"embeddable":true,"href":"https:\/\/staging.nbg.eu\/hu\/wp-json\/wp\/v2\/media\/575660"}],"wp:attachment":[{"href":"https:\/\/staging.nbg.eu\/hu\/wp-json\/wp\/v2\/media?parent=575627"}],"wp:term":[{"taxonomy":"product_brand","embeddable":true,"href":"https:\/\/staging.nbg.eu\/hu\/wp-json\/wp\/v2\/product_brand?post=575627"},{"taxonomy":"product_cat","embeddable":true,"href":"https:\/\/staging.nbg.eu\/hu\/wp-json\/wp\/v2\/product_cat?post=575627"},{"taxonomy":"product_tag","embeddable":true,"href":"https:\/\/staging.nbg.eu\/hu\/wp-json\/wp\/v2\/product_tag?post=575627"}],"curies":[{"name":"wp","href":"https:\/\/api.w.org\/{rel}","templated":true}]}}