{"id":575544,"date":"2025-10-10T12:34:58","date_gmt":"2025-10-10T09:34:58","guid":{"rendered":"https:\/\/staging.nbg.eu\/product\/grips-kmr-l-dotmatrix-ergo-brass\/"},"modified":"2025-10-15T11:44:27","modified_gmt":"2025-10-15T08:44:27","slug":"markolat-kmr-l-pontmatrix-ergo-sargarez","status":"publish","type":"product","link":"https:\/\/staging.nbg.eu\/hu\/termek\/markolat-kmr-l-pontmatrix-ergo-sargarez\/","title":{"rendered":"MARKOLAT KMR L PONTMATRIX ERGO SARGAREZ"},"content":{"rendered":"<h2>GRIPS KMR S DOTMATRIX ERGO S\u00c1RGAR\u00c9Z<\/h2>\n<p><strong>Referencia:<\/strong> 0611-03001-0316<\/p>\n<p><strong>M\u00e1rka:<\/strong> KMR Precision Arms<\/p>\n<p>A GRIPS KMR S DOTMATRIX ERGO S\u00c1RGAR\u00c9Z markolat kompatibilis k\u00fcl\u00f6nb\u00f6z\u0151 KMR \u00e9s CZ modellekkel, bele\u00e9rtve a KMR S-01 LANCE (OR), KMR S-02 (2023-ig), CZ SHADOW 1, CZ SHADOW 2, CZ SHADOW 2 (OR) \u00e9s CZ SP-01 t\u00edpusokat.<\/p>\n<p>A markolat teljes m\u00e9ret\u0171, magwell n\u00e9lk\u00fcl. A Dotmatrix Ergo text\u00fara biztos\u00edtja a stabil fog\u00e1st k\u00fcl\u00f6nb\u00f6z\u0151 k\u00f6r\u00fclm\u00e9nyek k\u00f6z\u00f6tt.<\/p>\n<p>A markolat s\u00e1rgar\u00e9zb\u0151l k\u00e9sz\u00fclt, amely tart\u00f3s anyag. Versenyszer\u0171 l\u00f6v\u00e9szek \u00e9s fegyverrajong\u00f3k sz\u00e1m\u00e1ra k\u00e9sz\u00fclt.<\/p>\n","protected":false},"excerpt":{"rendered":"<p>Ergonomikus r\u00e9zmarkolatok KMR pisztolyokhoz. Pontm\u00e1trix fel\u00fclettel, teljes m\u00e9ret\u0171.<\/p>\n","protected":false},"featured_media":575571,"template":"","meta":{"_acf_changed":false},"product_brand":[],"product_cat":[12919],"product_tag":[],"class_list":{"0":"post-575544","1":"product","2":"type-product","3":"status-publish","4":"has-post-thumbnail","6":"product_cat-kmr-alkatreszek","8":"first","9":"instock","10":"taxable","11":"shipping-taxable","12":"purchasable","13":"product-type-simple"},"acf":[],"_links":{"self":[{"href":"https:\/\/staging.nbg.eu\/hu\/wp-json\/wp\/v2\/product\/575544","targetHints":{"allow":["GET"]}}],"collection":[{"href":"https:\/\/staging.nbg.eu\/hu\/wp-json\/wp\/v2\/product"}],"about":[{"href":"https:\/\/staging.nbg.eu\/hu\/wp-json\/wp\/v2\/types\/product"}],"wp:featuredmedia":[{"embeddable":true,"href":"https:\/\/staging.nbg.eu\/hu\/wp-json\/wp\/v2\/media\/575571"}],"wp:attachment":[{"href":"https:\/\/staging.nbg.eu\/hu\/wp-json\/wp\/v2\/media?parent=575544"}],"wp:term":[{"taxonomy":"product_brand","embeddable":true,"href":"https:\/\/staging.nbg.eu\/hu\/wp-json\/wp\/v2\/product_brand?post=575544"},{"taxonomy":"product_cat","embeddable":true,"href":"https:\/\/staging.nbg.eu\/hu\/wp-json\/wp\/v2\/product_cat?post=575544"},{"taxonomy":"product_tag","embeddable":true,"href":"https:\/\/staging.nbg.eu\/hu\/wp-json\/wp\/v2\/product_tag?post=575544"}],"curies":[{"name":"wp","href":"https:\/\/api.w.org\/{rel}","templated":true}]}}