{"id":575380,"date":"2025-10-10T12:34:58","date_gmt":"2025-10-10T09:34:58","guid":{"rendered":"https:\/\/staging.nbg.eu\/product\/grips-kmr-l-dotmatrix-short-for-orca-emiq-pink\/"},"modified":"2025-10-15T11:40:27","modified_gmt":"2025-10-15T08:40:27","slug":"markolat-kmr-l-pontmatrix-rovid-orca-emiq-pink","status":"publish","type":"product","link":"https:\/\/staging.nbg.eu\/hu\/termek\/markolat-kmr-l-pontmatrix-rovid-orca-emiq-pink\/","title":{"rendered":"MARKOLAT KMR L PONTMATRIX ROVID ORCA, EMIQ PINK"},"content":{"rendered":"<div class=\"product-description\">\n<h2>GRIPS KMR L DOTMATRIX R\u00d6VID ORCA, EMIQ modellekhez &#8211; R\u00d3ZSASZ\u00cdN<\/h2>\n<p>KMR Precision Arms duralum\u00ednium markolat. Golf labda mint\u00e1zattal rendelkezik.<\/p>\n<ul>\n<li>Referencia: 0611-03202-0110<\/li>\n<li>Sz\u00edn: R\u00f3zsasz\u00edn<\/li>\n<li>M\u00e9ret: R\u00f6vid<\/li>\n<li>Anyag: Elox\u00e1lt duralum\u00ednium<\/li>\n<li>Minta: Dotmatrix (golf labda)<\/li>\n<li>Haszn\u00e1lat: T\u00e1rvezet\u0151vel<\/li>\n<li>Tartalmaz: Torx csavarokat<\/li>\n<\/ul>\n<p>Kompatibilis a KMR L-02 EMIQ, KMR L-02 EMIQ (OR) \u00e9s KMR L-02 ORCA (2023-ig) modellekkel.<\/p>\n<p>Textur\u00e1lt fel\u00fclettel rendelkezik. KMR Precision Arms term\u00e9k.<\/p>\n<\/div>\n","protected":false},"excerpt":{"rendered":"<p>R\u00f3zsasz\u00edn KMR duralumin markolatok ORCA \u00e9s EMIQ t\u00edpusokhoz. Golfmint\u00e1s, r\u00f6vid kivitel.<\/p>\n","protected":false},"featured_media":575407,"template":"","meta":{"_acf_changed":false},"product_brand":[],"product_cat":[12919],"product_tag":[],"class_list":{"0":"post-575380","1":"product","2":"type-product","3":"status-publish","4":"has-post-thumbnail","6":"product_cat-kmr-alkatreszek","8":"first","9":"instock","10":"taxable","11":"shipping-taxable","12":"purchasable","13":"product-type-simple"},"acf":[],"_links":{"self":[{"href":"https:\/\/staging.nbg.eu\/hu\/wp-json\/wp\/v2\/product\/575380","targetHints":{"allow":["GET"]}}],"collection":[{"href":"https:\/\/staging.nbg.eu\/hu\/wp-json\/wp\/v2\/product"}],"about":[{"href":"https:\/\/staging.nbg.eu\/hu\/wp-json\/wp\/v2\/types\/product"}],"wp:featuredmedia":[{"embeddable":true,"href":"https:\/\/staging.nbg.eu\/hu\/wp-json\/wp\/v2\/media\/575407"}],"wp:attachment":[{"href":"https:\/\/staging.nbg.eu\/hu\/wp-json\/wp\/v2\/media?parent=575380"}],"wp:term":[{"taxonomy":"product_brand","embeddable":true,"href":"https:\/\/staging.nbg.eu\/hu\/wp-json\/wp\/v2\/product_brand?post=575380"},{"taxonomy":"product_cat","embeddable":true,"href":"https:\/\/staging.nbg.eu\/hu\/wp-json\/wp\/v2\/product_cat?post=575380"},{"taxonomy":"product_tag","embeddable":true,"href":"https:\/\/staging.nbg.eu\/hu\/wp-json\/wp\/v2\/product_tag?post=575380"}],"curies":[{"name":"wp","href":"https:\/\/api.w.org\/{rel}","templated":true}]}}