{"id":575079,"date":"2025-10-10T12:34:49","date_gmt":"2025-10-10T09:34:49","guid":{"rendered":"https:\/\/staging.nbg.eu\/product\/grips-kmr-l-modular-brass\/"},"modified":"2025-10-15T11:28:29","modified_gmt":"2025-10-15T08:28:29","slug":"markolat-kmr-l-modularis-sargarez","status":"publish","type":"product","link":"https:\/\/staging.nbg.eu\/hu\/termek\/markolat-kmr-l-modularis-sargarez\/","title":{"rendered":"MARKOLAT KMR L MODULARIS SARGAREZ"},"content":{"rendered":"<h2>GRIPS KMR L MODUL\u00c1RIS S\u00c1RGAR\u00c9Z<\/h2>\n<p><strong>Hivatkoz\u00e1s:<\/strong> 0611-04101-0316<\/p>\n<p>A GRIPS KMR L MODUL\u00c1RIS S\u00c1RGAR\u00c9Z egy teljes m\u00e9ret\u0171 markolat, amely a KMR-re illeszkedik t\u00f6lcs\u00e9r n\u00e9lk\u00fcl. A modul\u00e1ris fel\u00fclet testreszabhat\u00f3 fog\u00e1st biztos\u00edt.<\/p>\n<h2>Kompatibilis fegyverek:<\/h2>\n<ul>\n<li>KMR L-02 SPECTRA (2024-t\u0151l)<\/li>\n<li>KMR L-02 SPECTRA (2023-ig)<\/li>\n<li>KMR L-02 UMBRA<\/li>\n<li>KMR L-02 UMBRA (2024-t\u0151l)<\/li>\n<li>KMR L-02 UMBRA (2023-ig)<\/li>\n<\/ul>\n<p>Ez a markolat jav\u00edthatja a KMR kezelhet\u0151s\u00e9g\u00e9t.<\/p>\n","protected":false},"excerpt":{"rendered":"<p>Teljes m\u00e9ret\u0171 modul\u00e1ris r\u00e9z markolat KMR L-02 SPECTRA\/UMBRA modellekhez.<\/p>\n","protected":false},"featured_media":575110,"template":"","meta":{"_acf_changed":false},"product_brand":[],"product_cat":[12919],"product_tag":[],"class_list":{"0":"post-575079","1":"product","2":"type-product","3":"status-publish","4":"has-post-thumbnail","6":"product_cat-kmr-alkatreszek","8":"first","9":"instock","10":"taxable","11":"shipping-taxable","12":"purchasable","13":"product-type-simple"},"acf":[],"_links":{"self":[{"href":"https:\/\/staging.nbg.eu\/hu\/wp-json\/wp\/v2\/product\/575079","targetHints":{"allow":["GET"]}}],"collection":[{"href":"https:\/\/staging.nbg.eu\/hu\/wp-json\/wp\/v2\/product"}],"about":[{"href":"https:\/\/staging.nbg.eu\/hu\/wp-json\/wp\/v2\/types\/product"}],"wp:featuredmedia":[{"embeddable":true,"href":"https:\/\/staging.nbg.eu\/hu\/wp-json\/wp\/v2\/media\/575110"}],"wp:attachment":[{"href":"https:\/\/staging.nbg.eu\/hu\/wp-json\/wp\/v2\/media?parent=575079"}],"wp:term":[{"taxonomy":"product_brand","embeddable":true,"href":"https:\/\/staging.nbg.eu\/hu\/wp-json\/wp\/v2\/product_brand?post=575079"},{"taxonomy":"product_cat","embeddable":true,"href":"https:\/\/staging.nbg.eu\/hu\/wp-json\/wp\/v2\/product_cat?post=575079"},{"taxonomy":"product_tag","embeddable":true,"href":"https:\/\/staging.nbg.eu\/hu\/wp-json\/wp\/v2\/product_tag?post=575079"}],"curies":[{"name":"wp","href":"https:\/\/api.w.org\/{rel}","templated":true}]}}