{"id":572776,"date":"2025-10-10T23:44:24","date_gmt":"2025-10-10T20:44:24","guid":{"rendered":"https:\/\/staging.nbg.eu\/product\/e-arthur-brown-company-inc-knob-s-lever-for-harris-type-bipods\/"},"modified":"2025-10-15T00:50:03","modified_gmt":"2025-10-14T21:50:03","slug":"e-arthur-brown-company-inc-gomb-s-kar-harris-tipus-ketlabhoz","status":"publish","type":"product","link":"https:\/\/staging.nbg.eu\/hu\/termek\/e-arthur-brown-company-inc-gomb-s-kar-harris-tipus-ketlabhoz\/","title":{"rendered":"E. ARTHUR BROWN COMPANY, INC. GOMB S-KAR HARRIS-TIPUS KETLABHOZ"},"content":{"rendered":"<h2>E. Arthur Brown Company S-Lever\u00ae Fesz\u00edt\u0151<\/h2>\n<p>Fejlessze Harris t\u00edpus\u00fa vagy Caldwell XLA k\u00e9tl\u00e1b\u00fa \u00e1llv\u00e1ny\u00e1t az eredeti S-Lever\u00ae Fesz\u00edt\u0151vel. Ez a s\u00farl\u00f3d\u00e1sos gomb helyettes\u00edt\u0151 a k\u00f6vetkez\u0151ket k\u00edn\u00e1lja:<\/p>\n<ul>\n<li>Jobb ir\u00e1ny\u00edt\u00e1s \u00e9s er\u0151kar a d\u0151l\u00e9ssz\u00f6g be\u00e1ll\u00edt\u00e1s\u00e1hoz<\/li>\n<li>Finomhangol\u00e1si lehet\u0151s\u00e9g a pontos pozicion\u00e1l\u00e1shoz<\/li>\n<li>Tart\u00f3s, \u00fcvegsz\u00e1ler\u0151s\u00edt\u00e9s\u0171 nejlon szerkezet<\/li>\n<li>Biztons\u00e1gi kialak\u00edt\u00e1s, amely extr\u00e9m terhel\u00e9s alatt meghajlik vagy elt\u00f6rik<\/li>\n<li>Egyszer\u0171 felszerel\u00e9s a mell\u00e9kelt \u00fatmutat\u00f3val<\/li>\n<li>Amerikai gy\u00e1rtm\u00e1ny<\/li>\n<\/ul>\n<p>S t\u00edpus\u00fa Harris \u00e9s Caldwell XLA k\u00e9tl\u00e1b\u00fa \u00e1llv\u00e1nyokhoz tervezve, ez a fekete alum\u00ednium kar gyors \u00e9s k\u00f6nny\u0171 \u00e1llv\u00e1ny-be\u00e1ll\u00edt\u00e1st tesz lehet\u0151v\u00e9 terepen. Az E. Arthur Brown Company S-Lever\u00ae Fesz\u00edt\u0151 jav\u00edtja a l\u00f6v\u00e9szeti tapasztalatot.<\/p>\n","protected":false},"excerpt":{"rendered":"<p>Ergonomikus S-kar a Harris t\u00edpus\u00fa \u00e1llv\u00e1nyok egyszer\u0171 d\u0151l\u00e9ssz\u00f6g-be\u00e1ll\u00edt\u00e1s\u00e1hoz.<\/p>\n","protected":false},"featured_media":572931,"template":"","meta":{"_acf_changed":false},"product_brand":[],"product_cat":[12960],"product_tag":[],"class_list":{"0":"post-572776","1":"product","2":"type-product","3":"status-publish","4":"has-post-thumbnail","6":"product_cat-ketlabuak","8":"first","9":"instock","10":"taxable","11":"shipping-taxable","12":"purchasable","13":"product-type-simple"},"acf":[],"_links":{"self":[{"href":"https:\/\/staging.nbg.eu\/hu\/wp-json\/wp\/v2\/product\/572776","targetHints":{"allow":["GET"]}}],"collection":[{"href":"https:\/\/staging.nbg.eu\/hu\/wp-json\/wp\/v2\/product"}],"about":[{"href":"https:\/\/staging.nbg.eu\/hu\/wp-json\/wp\/v2\/types\/product"}],"wp:featuredmedia":[{"embeddable":true,"href":"https:\/\/staging.nbg.eu\/hu\/wp-json\/wp\/v2\/media\/572931"}],"wp:attachment":[{"href":"https:\/\/staging.nbg.eu\/hu\/wp-json\/wp\/v2\/media?parent=572776"}],"wp:term":[{"taxonomy":"product_brand","embeddable":true,"href":"https:\/\/staging.nbg.eu\/hu\/wp-json\/wp\/v2\/product_brand?post=572776"},{"taxonomy":"product_cat","embeddable":true,"href":"https:\/\/staging.nbg.eu\/hu\/wp-json\/wp\/v2\/product_cat?post=572776"},{"taxonomy":"product_tag","embeddable":true,"href":"https:\/\/staging.nbg.eu\/hu\/wp-json\/wp\/v2\/product_tag?post=572776"}],"curies":[{"name":"wp","href":"https:\/\/api.w.org\/{rel}","templated":true}]}}