{"id":57044,"date":"2024-02-20T20:01:55","date_gmt":"2024-09-13T14:29:21","guid":{"rendered":"https:\/\/staging.nbg.eu\/product\/geissele-ar15-super-precision-34mm-extended\/"},"modified":"2024-09-13T14:30:33","modified_gmt":"2024-09-13T14:30:33","slug":"geissele-ar15-super-precision-34mm-hosszabbitott","status":"publish","type":"product","link":"https:\/\/staging.nbg.eu\/hu\/termek\/geissele-ar15-super-precision-34mm-hosszabbitott\/","title":{"rendered":"Geissele AR15 Super Precision\u00ae 34mm, Hosszabb\u00edtott"},"content":{"rendered":"<div class=\"product-description\">\n<h2>Geissele AR15 Super Precision\u00ae 34mm, Hosszabb\u00edtott<\/h2>\n<p>Az AR-15\/M4 pontoss\u00e1g\u00e1nak jav\u00edt\u00e1s\u00e1ra szolg\u00e1l a Geissele Super Precision\u00ae 34mm Hosszabb\u00edtott T\u00e1vcs\u0151 Szerel\u00e9k. A szerel\u00e9k jellemz\u0151i:<\/p>\n<ul>\n<li>7 picatinny szakasz 4 ny\u00edr\u00f3csappal a stabilit\u00e1s \u00e9rdek\u00e9ben<\/li>\n<li>Anya \u00e9s csavar r\u00f6gz\u00edt\u0151 rendszer, p\u00e1ronk\u00e9nt 1400 font er\u0151vel<\/li>\n<li>7075-T6 nagy szil\u00e1rds\u00e1g\u00fa alum\u00ednium t\u00f6mbb\u0151l k\u00e9sz\u00fclt<\/li>\n<li>Merev\u00edt\u00e9s speci\u00e1lis \u00fcregek \u00e9s bord\u00e1zat \u00e1ltal<\/li>\n<li>Vonalban f\u00fart sapk\u00e1k a t\u00e1vcs\u0151 megfelel\u0151 illeszked\u00e9s\u00e9hez \u00e9s v\u00e9delm\u00e9hez<\/li>\n<li>Sorsz\u00e1mozott sapk\u00e1k a be\u00e1ll\u00edt\u00e1s meg\u0151rz\u00e9s\u00e9hez<\/li>\n<li>K\u00fcl\u00f6nb\u00f6z\u0151 t\u00e1vcs\u0151t\u00edpusokkal kompatibilis kialak\u00edt\u00e1s<\/li>\n<\/ul>\n<p>A Geissele prec\u00edzi\u00f3s tervez\u00e9se biztos\u00edtja a pontoss\u00e1got \u00e9s a tart\u00f3ss\u00e1got.<\/p>\n<\/div>\n","protected":false},"excerpt":{"rendered":"<p>Prec\u00edzi\u00f3s m\u00e9rn\u00f6ki tervez\u00e9s\u0171 34 mm-es AR-15 t\u00e1vcs\u0151szerel\u00e9k p\u00e1ratlan stabilit\u00e1s\u00e9rt.<\/p>\n","protected":false},"featured_media":57046,"template":"","meta":{"_acf_changed":false},"product_brand":[11393],"product_cat":[12967],"product_tag":[],"class_list":{"0":"post-57044","1":"product","2":"type-product","3":"status-publish","4":"has-post-thumbnail","6":"product_brand-geissele","7":"product_cat-puska","9":"first","10":"instock","11":"taxable","12":"shipping-taxable","13":"product-type-variable","14":"wvs-archive-product-wrapper"},"acf":[],"_links":{"self":[{"href":"https:\/\/staging.nbg.eu\/hu\/wp-json\/wp\/v2\/product\/57044","targetHints":{"allow":["GET"]}}],"collection":[{"href":"https:\/\/staging.nbg.eu\/hu\/wp-json\/wp\/v2\/product"}],"about":[{"href":"https:\/\/staging.nbg.eu\/hu\/wp-json\/wp\/v2\/types\/product"}],"wp:featuredmedia":[{"embeddable":true,"href":"https:\/\/staging.nbg.eu\/hu\/wp-json\/wp\/v2\/media\/57046"}],"wp:attachment":[{"href":"https:\/\/staging.nbg.eu\/hu\/wp-json\/wp\/v2\/media?parent=57044"}],"wp:term":[{"taxonomy":"product_brand","embeddable":true,"href":"https:\/\/staging.nbg.eu\/hu\/wp-json\/wp\/v2\/product_brand?post=57044"},{"taxonomy":"product_cat","embeddable":true,"href":"https:\/\/staging.nbg.eu\/hu\/wp-json\/wp\/v2\/product_cat?post=57044"},{"taxonomy":"product_tag","embeddable":true,"href":"https:\/\/staging.nbg.eu\/hu\/wp-json\/wp\/v2\/product_tag?post=57044"}],"curies":[{"name":"wp","href":"https:\/\/api.w.org\/{rel}","templated":true}]}}