{"id":56686,"date":"2024-02-20T20:12:58","date_gmt":"2024-09-13T13:32:16","guid":{"rendered":"https:\/\/staging.nbg.eu\/product\/geissele-super-precision-scope-mount-30mm-for-ar-15-vortex-1-6\/"},"modified":"2024-09-13T13:33:10","modified_gmt":"2024-09-13T13:33:10","slug":"geissele-super-precision-tavcso-szerelek-30mm-ar-15-hoez-vortex-1-6","status":"publish","type":"product","link":"https:\/\/staging.nbg.eu\/hu\/termek\/geissele-super-precision-tavcso-szerelek-30mm-ar-15-hoez-vortex-1-6\/","title":{"rendered":"Geissele Super Precision T\u00e1vcs\u0151 Szerel\u00e9k 30mm, AR-15-h\u00f6z (Vortex 1-6)"},"content":{"rendered":"<div class=\"description-text\">\n<div class=\"exerpt\">\n<p>Ez az AR-15 t\u00e1vcs\u0151szerel\u00e9k a Geissele SOPMOD tan\u00fas\u00edtott sorozat r\u00e9sze, amelyet jelenleg az Egyes\u00fclt \u00c1llamok K\u00fcl\u00f6nleges M\u0171veleti Parancsnoks\u00e1g\u00e1nak (USSOCOM) elit katonai \u00e9s terrorelh\u00e1r\u00edt\u00f3 egys\u00e9gei haszn\u00e1lnak. A SOPMOD egy USSOCOM program, amely lehet\u0151v\u00e9 teszi a k\u00fcl\u00f6nleges er\u0151k szem\u00e9lyzete sz\u00e1m\u00e1ra, hogy fegyvereiket egy\u00e9ni preferenci\u00e1ik \u00e9s k\u00fcldet\u00e9si k\u00f6vetelm\u00e9nyek szerint konfigur\u00e1lj\u00e1k. A program j\u00f3v\u00e1hagyott kieg\u00e9sz\u00edt\u0151 rendszer az M4A1 karab\u00e9lyhoz, az FN SCAR Mk 16\/17-hez \u00e9s m\u00e1s, az USSOCOM \u00e1ltal haszn\u00e1lt fegyverekhez. A Geissele SOPMOD sorozatban k\u00edn\u00e1lt minden Geissele term\u00e9ket szigor\u00fa amerikai korm\u00e1nyzati tesztel\u00e9snek \u00e9s USSOCOM tan\u00fas\u00edt\u00e1snak vetettek al\u00e1. Ezeket az optikai szerel\u00e9keket egyetlen 4,5 fontos rep\u00fcl\u0151g\u00e9p-min\u0151s\u00e9g\u0171 7075-T6 \u00f6tv\u00f6z\u00f6tt alum\u00ednium t\u00f6mbb\u0151l munk\u00e1lj\u00e1k meg.<\/p>\n<p>Az egyedileg sorsz\u00e1mozott t\u00e1vcs\u0151sapk\u00e1kat a testtel egy\u00fctt f\u00farj\u00e1k, \u00e9s egyetlen m\u0171veletben k\u00e9sz\u00edtik, \u00edgy a lehet\u0151 legjobban illeszkednek az optika test\u00e9hez. A Geissele szerel\u00e9keket a klasszikus, bev\u00e1lt anya \u00e9s bilincs rendszer r\u00f6gz\u00edti, amely any\u00e1nk\u00e9nt 1400 font szor\u00edt\u00f3er\u0151t biztos\u00edt. Ez a rendszer ak\u00e1r h\u00e1romszor nagyobb szor\u00edt\u00f3er\u0151t biztos\u00edt, mint b\u00e1rmely karos rendszer, m\u00edg a prec\u00edzi\u00f3s megmunk\u00e1l\u00e1s\u00fa ny\u00edr\u00f3bord\u00e1k seg\u00edtenek a t\u00e1vcs\u00f6vet a hely\u00e9n r\u00f6gz\u00edteni a vev\u00e9nyen visszar\u00fag\u00e1s k\u00f6zben. A r\u00f6gz\u00edt\u0151fel\u00fclet 8 picatinny szekci\u00f3t \u00f6lel fel.<\/p>\n<h2 style=\"text-align: center\"><strong>&#8212; SPECIFIK\u00c1CI\u00d3K &#8212;<\/strong><\/h2>\n<table border=\"1\">\n<tbody>\n<tr>\n<td><strong>ANYAG: <\/strong><\/td>\n<td> 7075-T6<\/td>\n<\/tr>\n<tr>\n<td><strong>SZ\u00cdN: <\/strong><\/td>\n<td> Fekete<\/td>\n<\/tr>\n<tr>\n<td><strong>FEL\u00dcLET: <\/strong><\/td>\n<td> 3-as t\u00edpus\u00fa kem\u00e9nybevonat\u00fa elox\u00e1l\u00e1s<\/td>\n<\/tr>\n<tr>\n<td><strong>S\u00daLY: <\/strong><\/td>\n<td> 7,1 uncia<\/td>\n<\/tr>\n<tr>\n<td><strong>GY\u0170R\u0170M\u00c9RET: <\/strong><\/td>\n<td> 30mm<\/td>\n<\/tr>\n<\/tbody>\n<\/table>\n<\/div>\n<\/div>\n","protected":false},"excerpt":{"rendered":"<p><strong>A Geissele SOPMOD Certified sorozat r\u00e9sze<\/strong><\/p>\n","protected":false},"featured_media":56687,"template":"","meta":{"_acf_changed":false},"product_brand":[11393],"product_cat":[12967],"product_tag":[],"class_list":{"0":"post-56686","1":"product","2":"type-product","3":"status-publish","4":"has-post-thumbnail","6":"product_brand-geissele","7":"product_cat-puska","9":"first","10":"instock","11":"taxable","12":"shipping-taxable","13":"product-type-variable","14":"wvs-archive-product-wrapper"},"acf":[],"_links":{"self":[{"href":"https:\/\/staging.nbg.eu\/hu\/wp-json\/wp\/v2\/product\/56686","targetHints":{"allow":["GET"]}}],"collection":[{"href":"https:\/\/staging.nbg.eu\/hu\/wp-json\/wp\/v2\/product"}],"about":[{"href":"https:\/\/staging.nbg.eu\/hu\/wp-json\/wp\/v2\/types\/product"}],"wp:featuredmedia":[{"embeddable":true,"href":"https:\/\/staging.nbg.eu\/hu\/wp-json\/wp\/v2\/media\/56687"}],"wp:attachment":[{"href":"https:\/\/staging.nbg.eu\/hu\/wp-json\/wp\/v2\/media?parent=56686"}],"wp:term":[{"taxonomy":"product_brand","embeddable":true,"href":"https:\/\/staging.nbg.eu\/hu\/wp-json\/wp\/v2\/product_brand?post=56686"},{"taxonomy":"product_cat","embeddable":true,"href":"https:\/\/staging.nbg.eu\/hu\/wp-json\/wp\/v2\/product_cat?post=56686"},{"taxonomy":"product_tag","embeddable":true,"href":"https:\/\/staging.nbg.eu\/hu\/wp-json\/wp\/v2\/product_tag?post=56686"}],"curies":[{"name":"wp","href":"https:\/\/api.w.org\/{rel}","templated":true}]}}