{"id":56508,"date":"2024-02-20T20:21:46","date_gmt":"2024-09-13T13:26:48","guid":{"rendered":"https:\/\/staging.nbg.eu\/product\/geissele-super-precision-zero-compromise-scope-mount-36mm-black\/"},"modified":"2024-09-13T13:27:39","modified_gmt":"2024-09-13T13:27:39","slug":"geissele-super-precision-zero-compromise-tavcso-szerelek-36mm-fekete","status":"publish","type":"product","link":"https:\/\/staging.nbg.eu\/hu\/termek\/geissele-super-precision-zero-compromise-tavcso-szerelek-36mm-fekete\/","title":{"rendered":"Geissele Super Precision\u00ae &#8211; Zero Compromise T\u00e1vcs\u0151 Szerel\u00e9k, 36mm &#8211; Fekete"},"content":{"rendered":"<div class=\"product-description\">\n<h2>Geissele Super Precision\u00ae &#8211; Zero Compromise t\u00e1vcs\u0151szerel\u00e9k, 36mm &#8211; Fekete<\/h2>\n<p>A Zero Compromise ZC420 optikai sorozathoz tervezve, ez a szerel\u00e9k hossz\u00fa t\u00e1v\u00fa prec\u00edzi\u00f3s l\u00f6v\u00e9szeknek k\u00e9sz\u00fclt. Jellemz\u0151i:<\/p>\n<ul>\n<li>20 MOA (5,7 MIL) be\u00e9p\u00edtett d\u0151l\u00e9ssz\u00f6g a megn\u00f6velt magass\u00e1gi tartom\u00e1ny\u00e9rt<\/li>\n<li>2,5&#8243; meghosszabb\u00edtott konzolos kialak\u00edt\u00e1s az optim\u00e1lis szemt\u00e1vols\u00e1g\u00e9rt<\/li>\n<li>Prec\u00edzi\u00f3s megmunk\u00e1l\u00e1s\u00fa ny\u00edr\u00f3csapok a stabilit\u00e1s\u00e9rt<\/li>\n<li>1400 font szor\u00edt\u00f3er\u0151 a Geissele friss\u00edtett csavar \u00e9s anya rendszer\u00e9vel<\/li>\n<li>Gyors fel- \u00e9s leszerel\u00e9s \u00e1ltal\u00e1nos szersz\u00e1mokkal<\/li>\n<li>J\u00f3 visszat\u00e9r\u00e9si k\u00e9pess\u00e9g a null\u00e1hoz<\/li>\n<li>Kompakt kialak\u00edt\u00e1s a tart\u00f3ss\u00e1g\u00e9rt \u00e9s teljes\u00edtm\u00e9ny\u00e9rt<\/li>\n<\/ul>\n<p>A Geissele Super Precision\u00ae Zero Compromise t\u00e1vcs\u0151szerel\u00e9k pontoss\u00e1got \u00e9s megb\u00edzhat\u00f3s\u00e1got biztos\u00edt.<\/p>\n<\/div>\n","protected":false},"excerpt":{"rendered":"<p>Robusztus 36 mm-es t\u00e1vcs\u0151tart\u00f3 extr\u00e9m hossz\u00fa t\u00e1v\u00fa prec\u00edzi\u00f3s l\u00f6v\u00e9szethez.<\/p>\n","protected":false},"featured_media":56509,"template":"","meta":{"_acf_changed":false},"product_brand":[11393],"product_cat":[12967],"product_tag":[],"class_list":{"0":"post-56508","1":"product","2":"type-product","3":"status-publish","4":"has-post-thumbnail","6":"product_brand-geissele","7":"product_cat-puska","9":"first","10":"instock","11":"taxable","12":"shipping-taxable","13":"product-type-simple"},"acf":[],"_links":{"self":[{"href":"https:\/\/staging.nbg.eu\/hu\/wp-json\/wp\/v2\/product\/56508","targetHints":{"allow":["GET"]}}],"collection":[{"href":"https:\/\/staging.nbg.eu\/hu\/wp-json\/wp\/v2\/product"}],"about":[{"href":"https:\/\/staging.nbg.eu\/hu\/wp-json\/wp\/v2\/types\/product"}],"wp:featuredmedia":[{"embeddable":true,"href":"https:\/\/staging.nbg.eu\/hu\/wp-json\/wp\/v2\/media\/56509"}],"wp:attachment":[{"href":"https:\/\/staging.nbg.eu\/hu\/wp-json\/wp\/v2\/media?parent=56508"}],"wp:term":[{"taxonomy":"product_brand","embeddable":true,"href":"https:\/\/staging.nbg.eu\/hu\/wp-json\/wp\/v2\/product_brand?post=56508"},{"taxonomy":"product_cat","embeddable":true,"href":"https:\/\/staging.nbg.eu\/hu\/wp-json\/wp\/v2\/product_cat?post=56508"},{"taxonomy":"product_tag","embeddable":true,"href":"https:\/\/staging.nbg.eu\/hu\/wp-json\/wp\/v2\/product_tag?post=56508"}],"curies":[{"name":"wp","href":"https:\/\/api.w.org\/{rel}","templated":true}]}}