{"id":56192,"date":"2024-02-24T19:52:23","date_gmt":"2024-09-13T13:20:06","guid":{"rendered":"https:\/\/staging.nbg.eu\/product\/fox-classic-hunter-65-mm-139-gr\/"},"modified":"2024-09-13T13:21:03","modified_gmt":"2024-09-13T13:21:03","slug":"fox-classic-hunter-65-mm-139-gr","status":"publish","type":"product","link":"https:\/\/staging.nbg.eu\/hu\/termek\/fox-classic-hunter-65-mm-139-gr\/","title":{"rendered":"Fox Classic Hunter 6,5 mm (139 gr)"},"content":{"rendered":"<div class=\"product-description\">\n<h2>Fox Classic Hunter<\/h2>\n<p>A Fox Classic Hunter egy sokoldal\u00fa, \u00f3lommentes l\u00f6ved\u00e9k, amit eur\u00f3pai vad\u00e1szoknak terveztek k\u00fcl\u00f6nb\u00f6z\u0151 vad\u00e1szati helyzetekre. Alkalmas vaddiszn\u00f3 hajt\u00f3vad\u00e1szatra \u00e9s hegyi vad\u00e1szatra is. Ez a r\u00e9z-cink \u00f6tv\u00f6zet\u0171 l\u00f6ved\u00e9k j\u00f3 teljes\u00edtm\u00e9nyt ny\u00fajt.<\/p>\n<ul>\n<li>\u00d3lommentes \u00f6sszet\u00e9tel a k\u00f6rnyezettudatoss\u00e1g jegy\u00e9ben<\/li>\n<li>Hat\u00e9kony deform\u00e1ci\u00f3 alacsonyabb becsap\u00f3d\u00e1si sebess\u00e9gn\u00e9l (500 m\/s)<\/li>\n<li>Bar\u00e1zd\u00e1lt kialak\u00edt\u00e1s a cs\u00f6kkentett cs\u0151nyom\u00e1s \u00e9s nagyobb sebess\u00e9g \u00e9rdek\u00e9ben<\/li>\n<li>H\u0151\u00e1ll\u00f3 m\u0171anyag cs\u00facs a ballisztika \u00e9s a v\u00e9ghat\u00e1s jav\u00edt\u00e1s\u00e1ra<\/li>\n<li>Kontroll\u00e1lt t\u00e1gul\u00e1s az optim\u00e1lis energia\u00e1tad\u00e1s \u00e9rdek\u00e9ben<\/li>\n<li>Gomba alak\u00fa deform\u00e1ci\u00f3 a kaliber\u00e1tm\u00e9r\u0151 ak\u00e1r k\u00e9tszeres\u00e9ig<\/li>\n<li>J\u00f3 meg\u00e1ll\u00edt\u00f3 er\u0151 minim\u00e1lis h\u00fask\u00e1rosod\u00e1s mellett<\/li>\n<\/ul>\n<p>A Fox Classic Hunter j\u00f3 v\u00e1laszt\u00e1s az eur\u00f3pai vad\u00e1szatokhoz.<\/p>\n<\/div>\n","protected":false},"excerpt":{"rendered":"<p>\u00d3lommentes r\u00e9z-cink l\u00f6ved\u00e9k sokoldal\u00fa vad\u00e1szathoz. Gyors t\u00e1gul\u00e1s, magas pontoss\u00e1g.<\/p>\n","protected":false},"featured_media":56193,"template":"","meta":{"_acf_changed":false},"product_brand":[11336],"product_cat":[12946,12963],"product_tag":[],"class_list":{"0":"post-56192","1":"product","2":"type-product","3":"status-publish","4":"has-post-thumbnail","6":"product_brand-fox-bullets","7":"product_cat-loevedekek","8":"product_cat-ujratoeltes","10":"first","11":"instock","12":"taxable","13":"shipping-taxable","14":"purchasable","15":"product-type-variable","16":"wvs-archive-product-wrapper"},"acf":[],"_links":{"self":[{"href":"https:\/\/staging.nbg.eu\/hu\/wp-json\/wp\/v2\/product\/56192","targetHints":{"allow":["GET"]}}],"collection":[{"href":"https:\/\/staging.nbg.eu\/hu\/wp-json\/wp\/v2\/product"}],"about":[{"href":"https:\/\/staging.nbg.eu\/hu\/wp-json\/wp\/v2\/types\/product"}],"wp:featuredmedia":[{"embeddable":true,"href":"https:\/\/staging.nbg.eu\/hu\/wp-json\/wp\/v2\/media\/56193"}],"wp:attachment":[{"href":"https:\/\/staging.nbg.eu\/hu\/wp-json\/wp\/v2\/media?parent=56192"}],"wp:term":[{"taxonomy":"product_brand","embeddable":true,"href":"https:\/\/staging.nbg.eu\/hu\/wp-json\/wp\/v2\/product_brand?post=56192"},{"taxonomy":"product_cat","embeddable":true,"href":"https:\/\/staging.nbg.eu\/hu\/wp-json\/wp\/v2\/product_cat?post=56192"},{"taxonomy":"product_tag","embeddable":true,"href":"https:\/\/staging.nbg.eu\/hu\/wp-json\/wp\/v2\/product_tag?post=56192"}],"curies":[{"name":"wp","href":"https:\/\/api.w.org\/{rel}","templated":true}]}}