{"id":55784,"date":"2024-02-28T06:01:20","date_gmt":"2024-02-28T06:01:20","guid":{"rendered":"https:\/\/staging.nbg.eu\/product\/fox-classic-hunter-9-3-mm-220-gr\/"},"modified":"2024-09-13T13:17:23","modified_gmt":"2024-09-13T13:17:23","slug":"fox-classic-hunter-93-mm-220-gr","status":"publish","type":"product","link":"https:\/\/staging.nbg.eu\/hu\/termek\/fox-classic-hunter-93-mm-220-gr\/","title":{"rendered":"Fox Classic Hunter 9.3 mm (220 gr)"},"content":{"rendered":"<div class=\"product-description\">\n<h2>Fox Classic Hunter<\/h2>\n<p>A Fox Classic Hunter egy sokoldal\u00fa, \u00f3lommentes l\u00f6ved\u00e9k, amelyet eur\u00f3pai vad\u00e1szoknak terveztek k\u00fcl\u00f6nb\u00f6z\u0151 vad\u00e1szati helyzetekre. Alkalmas vaddiszn\u00f3hajt\u00e1sra \u00e9s hegyi vad\u00e1szatra is.<\/p>\n<ul>\n<li>\u00d3lommentes \u00f6sszet\u00e9tel<\/li>\n<li>Hat\u00e9kony deform\u00e1ci\u00f3 alacsonyabb becsap\u00f3d\u00e1si sebess\u00e9gn\u00e9l (500 m\/s)<\/li>\n<li>Bar\u00e1zd\u00e1lt kialak\u00edt\u00e1s a cs\u00f6kkentett cs\u0151nyom\u00e1s \u00e9s a megn\u00f6velt sebess\u00e9g \u00e9rdek\u00e9ben<\/li>\n<li>H\u0151\u00e1ll\u00f3 m\u0171anyag cs\u00facs a jobb ballisztika \u00e9s v\u00e9ghat\u00e1s \u00e9rdek\u00e9ben<\/li>\n<li>Kontroll\u00e1lt t\u00e1gul\u00e1s az optim\u00e1lis energia\u00e1tad\u00e1s \u00e9rdek\u00e9ben<\/li>\n<li>Gomba alak\u00fa deform\u00e1ci\u00f3 a kaliber\u00e1tm\u00e9r\u0151 ak\u00e1r k\u00e9tszeres\u00e9ig<\/li>\n<li>Nagy meg\u00e1ll\u00edt\u00f3er\u0151 minim\u00e1lis h\u00fask\u00e1rosod\u00e1ssal<\/li>\n<\/ul>\n<p>A Fox Classic Hunter megfelel\u0151 v\u00e1laszt\u00e1s az eur\u00f3pai vad\u00e1szatokhoz.<\/p>\n<\/div>\n","protected":false},"excerpt":{"rendered":"<p>\u00d3lommentes r\u00e9z-cink l\u00f6ved\u00e9k sokoldal\u00fa vad\u00e1szathoz. Gyors t\u00e1gul\u00e1s, nagy pontoss\u00e1g.<\/p>\n","protected":false},"featured_media":55785,"template":"","meta":{"_acf_changed":false},"product_brand":[11336],"product_cat":[12946,12963],"product_tag":[],"class_list":{"0":"post-55784","1":"product","2":"type-product","3":"status-publish","4":"has-post-thumbnail","6":"product_brand-fox-bullets","7":"product_cat-loevedekek","8":"product_cat-ujratoeltes","10":"first","11":"instock","12":"taxable","13":"shipping-taxable","14":"purchasable","15":"product-type-simple"},"acf":[],"_links":{"self":[{"href":"https:\/\/staging.nbg.eu\/hu\/wp-json\/wp\/v2\/product\/55784","targetHints":{"allow":["GET"]}}],"collection":[{"href":"https:\/\/staging.nbg.eu\/hu\/wp-json\/wp\/v2\/product"}],"about":[{"href":"https:\/\/staging.nbg.eu\/hu\/wp-json\/wp\/v2\/types\/product"}],"wp:featuredmedia":[{"embeddable":true,"href":"https:\/\/staging.nbg.eu\/hu\/wp-json\/wp\/v2\/media\/55785"}],"wp:attachment":[{"href":"https:\/\/staging.nbg.eu\/hu\/wp-json\/wp\/v2\/media?parent=55784"}],"wp:term":[{"taxonomy":"product_brand","embeddable":true,"href":"https:\/\/staging.nbg.eu\/hu\/wp-json\/wp\/v2\/product_brand?post=55784"},{"taxonomy":"product_cat","embeddable":true,"href":"https:\/\/staging.nbg.eu\/hu\/wp-json\/wp\/v2\/product_cat?post=55784"},{"taxonomy":"product_tag","embeddable":true,"href":"https:\/\/staging.nbg.eu\/hu\/wp-json\/wp\/v2\/product_tag?post=55784"}],"curies":[{"name":"wp","href":"https:\/\/api.w.org\/{rel}","templated":true}]}}