{"id":555055,"date":"2025-09-06T16:22:33","date_gmt":"2025-09-06T13:22:33","guid":{"rendered":"https:\/\/staging.nbg.eu\/product\/magnetospeed-llc-barrel-cooler\/"},"modified":"2025-10-01T16:52:48","modified_gmt":"2025-10-01T13:52:48","slug":"magnetospeed-llc-csovuto","status":"publish","type":"product","link":"https:\/\/staging.nbg.eu\/hu\/termek\/magnetospeed-llc-csovuto\/","title":{"rendered":"MAGNETOSPEED LLC Csovuto"},"content":{"rendered":"<div class=\"product-description\">\n<h2>MAGNETOSPEED LLC Cs\u0151h\u0171t\u0151<\/h2>\n<p>Tartsa h\u0171v\u00f6sen fegyvere cs\u00f6v\u00e9t \u00e9s hosszabb\u00edtsa meg a l\u00f6v\u00e9szeti alkalmakat a MAGNETOSPEED LLC Cs\u0151h\u0171t\u0151vel. Ez az eszk\u00f6z biztons\u00e1gosan r\u00f6gz\u00edthet\u0151 a cs\u0151re, gyors h\u0151elvezet\u00e9st biztos\u00edtva a pontoss\u00e1g \u00e9s \u00e9lettartam jav\u00edt\u00e1sa \u00e9rdek\u00e9ben.<\/p>\n<ul>\n<li>Kompatibilis a legt\u00f6bb puska \u00e9s pisztoly cs\u00f6v\u00e9vel<\/li>\n<li>Tart\u00f3s alum\u00ednium szerkezet<\/li>\n<li>K\u00f6nnyen haszn\u00e1lhat\u00f3 m\u00e1gneses r\u00f6gz\u00edt\u0151 rendszer<\/li>\n<li>Ak\u00e1r 50%-kal cs\u00f6kkenti a cs\u0151 h\u0151m\u00e9rs\u00e9klet\u00e9t<\/li>\n<li>Kompakt \u00e9s k\u00f6nny\u0171 kialak\u00edt\u00e1s a hordozhat\u00f3s\u00e1g \u00e9rdek\u00e9ben<\/li>\n<\/ul>\n<p>A MAGNETOSPEED LLC Cs\u0151h\u0171t\u0151 biztos\u00edtja, hogy fegyvere megtartsa teljes\u00edtm\u00e9ny\u00e9t a l\u0151t\u00e9ren vagy versenyen. Ez a kieg\u00e9sz\u00edt\u0151 megakad\u00e1lyozza, hogy a t\u00falmeleged\u00e9s korl\u00e1tozza a l\u00f6v\u00e9szeti \u00e9lm\u00e9nyt.<\/p>\n<\/div>\n","protected":false},"excerpt":{"rendered":"<p>Gyors cs\u0151h\u0171t\u0151 eszk\u00f6z l\u0151fegyverekhez. N\u00f6veli a pontoss\u00e1got \u00e9s az \u00e9lettartamot.<\/p>\n","protected":false},"featured_media":499606,"template":"","meta":{"_acf_changed":false},"product_brand":[],"product_cat":[12967,12916],"product_tag":[],"class_list":{"0":"post-555055","1":"product","2":"type-product","3":"status-publish","4":"has-post-thumbnail","6":"product_cat-puska","7":"product_cat-puska-tuning","9":"first","10":"instock","11":"taxable","12":"shipping-taxable","13":"purchasable","14":"product-type-simple"},"acf":[],"_links":{"self":[{"href":"https:\/\/staging.nbg.eu\/hu\/wp-json\/wp\/v2\/product\/555055","targetHints":{"allow":["GET"]}}],"collection":[{"href":"https:\/\/staging.nbg.eu\/hu\/wp-json\/wp\/v2\/product"}],"about":[{"href":"https:\/\/staging.nbg.eu\/hu\/wp-json\/wp\/v2\/types\/product"}],"wp:featuredmedia":[{"embeddable":true,"href":"https:\/\/staging.nbg.eu\/hu\/wp-json\/wp\/v2\/media\/499606"}],"wp:attachment":[{"href":"https:\/\/staging.nbg.eu\/hu\/wp-json\/wp\/v2\/media?parent=555055"}],"wp:term":[{"taxonomy":"product_brand","embeddable":true,"href":"https:\/\/staging.nbg.eu\/hu\/wp-json\/wp\/v2\/product_brand?post=555055"},{"taxonomy":"product_cat","embeddable":true,"href":"https:\/\/staging.nbg.eu\/hu\/wp-json\/wp\/v2\/product_cat?post=555055"},{"taxonomy":"product_tag","embeddable":true,"href":"https:\/\/staging.nbg.eu\/hu\/wp-json\/wp\/v2\/product_tag?post=555055"}],"curies":[{"name":"wp","href":"https:\/\/api.w.org\/{rel}","templated":true}]}}