{"id":554481,"date":"2025-09-05T18:19:19","date_gmt":"2025-09-05T15:19:19","guid":{"rendered":"https:\/\/staging.nbg.eu\/product\/magpul-enhanced-ejection-port-cover-for-ar-15\/"},"modified":"2025-10-01T16:37:42","modified_gmt":"2025-10-01T13:37:42","slug":"magpul-fokozott-kivetofedel-ar-15-hoz","status":"publish","type":"product","link":"https:\/\/staging.nbg.eu\/hu\/termek\/magpul-fokozott-kivetofedel-ar-15-hoz\/","title":{"rendered":"MAGPUL FOKOZOTT KIVETOFEDEL AR-15-HOZ"},"content":{"rendered":"<div class=\"product-description\">\n<h2>Magpul Tov\u00e1bbfejlesztett Kivet\u0151ny\u00edl\u00e1s Fed\u00e9l AR-15-h\u00f6z<\/h2>\n<p>A <strong>Magpul Tov\u00e1bbfejlesztett Kivet\u0151ny\u00edl\u00e1s Fed\u00e9l<\/strong> egy AR-15 alkatr\u00e9sz. Jellemz\u0151i:<\/p>\n<ul>\n<li>Korr\u00f3zi\u00f3\u00e1ll\u00f3 \u00e9s \u00fct\u00e9s\u00e1ll\u00f3 fr\u00f6ccs\u00f6nt\u00f6tt polimer szerkezet<\/li>\n<li>Egyszer\u0171 bepattint\u00f3s felszerel\u00e9s az el\u0151agy, cs\u0151anya, c-kapcsok vagy rug\u00f3k elt\u00e1vol\u00edt\u00e1sa n\u00e9lk\u00fcl<\/li>\n<li>Kompatibilis .223 Remington\/5.56 kaliber\u0171 AR-15 platformokkal<\/li>\n<li>Fekete sz\u00edn\u0171<\/li>\n<\/ul>\n<p>A Magpul Tov\u00e1bbfejlesztett Kivet\u0151ny\u00edl\u00e1s Fed\u00e9l k\u00f6nnyen felszerelhet\u0151 \u00e9s karbantarthat\u00f3. Ez egy AR-15 kieg\u00e9sz\u00edt\u0151.<\/p>\n<\/div>\n","protected":false},"excerpt":{"rendered":"<p>Pattinthat\u00f3, korr\u00f3zi\u00f3\u00e1ll\u00f3 AR-15 porv\u00e9d\u0151. K\u00f6nnyen felszerelhet\u0151.<\/p>\n","protected":false},"featured_media":499447,"template":"","meta":{"_acf_changed":false},"product_brand":[],"product_cat":[12928,12967,12916],"product_tag":[],"class_list":{"0":"post-554481","1":"product","2":"type-product","3":"status-publish","4":"has-post-thumbnail","6":"product_cat-ar-tuning","7":"product_cat-puska","8":"product_cat-puska-tuning","10":"first","11":"instock","12":"taxable","13":"shipping-taxable","14":"purchasable","15":"product-type-simple"},"acf":[],"_links":{"self":[{"href":"https:\/\/staging.nbg.eu\/hu\/wp-json\/wp\/v2\/product\/554481","targetHints":{"allow":["GET"]}}],"collection":[{"href":"https:\/\/staging.nbg.eu\/hu\/wp-json\/wp\/v2\/product"}],"about":[{"href":"https:\/\/staging.nbg.eu\/hu\/wp-json\/wp\/v2\/types\/product"}],"wp:featuredmedia":[{"embeddable":true,"href":"https:\/\/staging.nbg.eu\/hu\/wp-json\/wp\/v2\/media\/499447"}],"wp:attachment":[{"href":"https:\/\/staging.nbg.eu\/hu\/wp-json\/wp\/v2\/media?parent=554481"}],"wp:term":[{"taxonomy":"product_brand","embeddable":true,"href":"https:\/\/staging.nbg.eu\/hu\/wp-json\/wp\/v2\/product_brand?post=554481"},{"taxonomy":"product_cat","embeddable":true,"href":"https:\/\/staging.nbg.eu\/hu\/wp-json\/wp\/v2\/product_cat?post=554481"},{"taxonomy":"product_tag","embeddable":true,"href":"https:\/\/staging.nbg.eu\/hu\/wp-json\/wp\/v2\/product_tag?post=554481"}],"curies":[{"name":"wp","href":"https:\/\/api.w.org\/{rel}","templated":true}]}}