{"id":554271,"date":"2025-09-06T16:21:27","date_gmt":"2025-09-06T13:21:27","guid":{"rendered":"https:\/\/staging.nbg.eu\/product\/armazone-q-r-viper-30mm\/"},"modified":"2025-10-01T16:26:15","modified_gmt":"2025-10-01T13:26:15","slug":"armazone-q-r-viper-30mm","status":"publish","type":"product","link":"https:\/\/staging.nbg.eu\/hu\/termek\/armazone-q-r-viper-30mm\/","title":{"rendered":"# Armazone Q-R Viper 30mm"},"content":{"rendered":"<h2>Armazone Q-R Viper 30mm<\/h2>\n<p>Az Armazone Q-R Viper 30mm egy gyorskiold\u00f3 adapter M33.5\u00d70.75 menettel rendelkez\u0151 eszk\u00f6z\u00f6kh\u00f6z. Ez az egyr\u00e9szes r\u00f6gz\u00edt\u0151 adapter lehet\u0151v\u00e9 teszi az \u00e9jjell\u00e1t\u00f3 vagy h\u0151kamer\u00e1s el\u0151t\u00e9tek integr\u00e1l\u00e1s\u00e1t a nappali c\u00e9lz\u00f3eszk\u00f6z\u00f6kkel.<\/p>\n<h2>F\u0151 jellemz\u0151k:<\/h2>\n<ul>\n<li>Gyorskiold\u00f3 kar az egyszer\u0171 fel- \u00e9s leszerel\u00e9shez<\/li>\n<li>Szersz\u00e1m n\u00e9lk\u00fcli be\u00e1ll\u00edt\u00e1s \u00e9s telep\u00edt\u00e9s<\/li>\n<li>Speci\u00e1lis ArmaZone szalag a zajcs\u00f6kkent\u00e9shez szerel\u00e9s \u00e9s l\u00f6v\u00e9s k\u00f6zben<\/li>\n<li>Kompatibilis Nitehog h\u0151kamer\u00e1s eszk\u00f6z\u00f6kkel<\/li>\n<li>Ak\u00e1r 1 mm-es lefel\u00e9 ir\u00e1nyul\u00f3 elt\u00e9r\u00e9st kompenz\u00e1l<\/li>\n<\/ul>\n<p>Az Armazone Q-R Viper 30mm megold\u00e1st k\u00edn\u00e1l a professzion\u00e1lis l\u00f6v\u00e9szek \u00e9s vad\u00e1szok sz\u00e1m\u00e1ra az \u00e9jszakai k\u00e9pess\u00e9gek jav\u00edt\u00e1s\u00e1ra.<\/p>\n","protected":false},"excerpt":{"rendered":"<p>Gyorsan r\u00f6gz\u00edthet\u0151 adapter h\u0151kamer\u00e1khoz Nitehog t\u00e1vcs\u00f6vekhez. Szersz\u00e1m n\u00e9lk\u00fcl haszn\u00e1lhat\u00f3.<\/p>\n","protected":false},"featured_media":499536,"template":"","meta":{"_acf_changed":false},"product_brand":[],"product_cat":[12943,12900,12898],"product_tag":[],"class_list":{"0":"post-554271","1":"product","2":"type-product","3":"status-publish","4":"has-post-thumbnail","6":"product_cat-celzas","7":"product_cat-celzo-kiegeszitok","8":"product_cat-hokepes","10":"first","11":"instock","12":"taxable","13":"shipping-taxable","14":"purchasable","15":"product-type-simple"},"acf":[],"_links":{"self":[{"href":"https:\/\/staging.nbg.eu\/hu\/wp-json\/wp\/v2\/product\/554271","targetHints":{"allow":["GET"]}}],"collection":[{"href":"https:\/\/staging.nbg.eu\/hu\/wp-json\/wp\/v2\/product"}],"about":[{"href":"https:\/\/staging.nbg.eu\/hu\/wp-json\/wp\/v2\/types\/product"}],"wp:featuredmedia":[{"embeddable":true,"href":"https:\/\/staging.nbg.eu\/hu\/wp-json\/wp\/v2\/media\/499536"}],"wp:attachment":[{"href":"https:\/\/staging.nbg.eu\/hu\/wp-json\/wp\/v2\/media?parent=554271"}],"wp:term":[{"taxonomy":"product_brand","embeddable":true,"href":"https:\/\/staging.nbg.eu\/hu\/wp-json\/wp\/v2\/product_brand?post=554271"},{"taxonomy":"product_cat","embeddable":true,"href":"https:\/\/staging.nbg.eu\/hu\/wp-json\/wp\/v2\/product_cat?post=554271"},{"taxonomy":"product_tag","embeddable":true,"href":"https:\/\/staging.nbg.eu\/hu\/wp-json\/wp\/v2\/product_tag?post=554271"}],"curies":[{"name":"wp","href":"https:\/\/api.w.org\/{rel}","templated":true}]}}