{"id":55018,"date":"2024-03-01T10:28:01","date_gmt":"2024-09-13T13:08:22","guid":{"rendered":"https:\/\/staging.nbg.eu\/product\/fox-ammunition-300winmag\/"},"modified":"2024-09-13T13:09:20","modified_gmt":"2024-09-13T13:09:20","slug":"fox-loszer-300winmag","status":"publish","type":"product","link":"https:\/\/staging.nbg.eu\/hu\/termek\/fox-loszer-300winmag\/","title":{"rendered":"Fox L\u0151szer .300winmag"},"content":{"rendered":"<div class=\"product-description\">\n<h2>Fox Classic Hunter L\u0151szer<\/h2>\n<p>A Fox Classic Hunter l\u00f6ved\u00e9kek \u00f3lommentesek, \u00e9s minden eur\u00f3pai vad\u00e1szati helyzethez tervezt\u00e9k \u0151ket. R\u00e9z-cink \u00f6tv\u00f6zetb\u0151l k\u00e9sz\u00fclnek, \u00e9s a k\u00f6vetkez\u0151ket k\u00edn\u00e1lj\u00e1k:<\/p>\n<ul>\n<li>Hat\u00e9kony teljes\u00edtm\u00e9ny a k\u00f6zeli vaddiszn\u00f3 vad\u00e1szatt\u00f3l a hossz\u00fa t\u00e1v\u00fa hegyi l\u00f6v\u00e9sekig<\/li>\n<li>Megb\u00edzhat\u00f3 deform\u00e1ci\u00f3 alacsonyabb becsap\u00f3d\u00e1si sebess\u00e9gekn\u00e9l (500 m\/s)<\/li>\n<li>Bar\u00e1zd\u00e1lt kialak\u00edt\u00e1s a cs\u0151nyom\u00e1s cs\u00f6kkent\u00e9se \u00e9s a sebess\u00e9g n\u00f6vel\u00e9se \u00e9rdek\u00e9ben<\/li>\n<li>H\u0151stabil m\u0171anyag hegy a jobb ballisztika \u00e9s v\u00e9ghat\u00e1s \u00e9rdek\u00e9ben<\/li>\n<li>Kontroll\u00e1lt t\u00e1gul\u00e1s a hat\u00e9kony energia\u00e1tad\u00e1s \u00e9s meg\u00e1ll\u00edt\u00f3 er\u0151 \u00e9rdek\u00e9ben<\/li>\n<li>Gomba alak\u00fa deform\u00e1ci\u00f3 a kaliber\u00e1tm\u00e9r\u0151 ak\u00e1r k\u00e9tszeres\u00e9ig<\/li>\n<li>95%+ t\u00f6megmegtart\u00e1s norm\u00e1l behatol\u00e1si k\u00f6r\u00fclm\u00e9nyek k\u00f6z\u00f6tt<\/li>\n<li>J\u00f3 h\u00fasmeg\u0151rz\u00e9s<\/li>\n<\/ul>\n<p>Fox Classic Hunter l\u0151szerrel vad\u00e1szhat.<\/p>\n<\/div>\n","protected":false},"excerpt":{"rendered":"<p>\u00d3lommentes l\u0151szer sokoldal\u00fa eur\u00f3pai vad\u00e1szathoz. Pontos \u00e9s hat\u00e9kony.<\/p>\n","protected":false},"featured_media":55019,"template":"","meta":{"_acf_changed":false},"product_brand":[11336],"product_cat":[12942,12979],"product_tag":[],"class_list":{"0":"post-55018","1":"product","2":"type-product","3":"status-publish","4":"has-post-thumbnail","6":"product_brand-fox-bullets","7":"product_cat-loszer","8":"product_cat-puska-loszer","10":"first","11":"instock","12":"taxable","13":"shipping-taxable","14":"purchasable","15":"product-type-simple"},"acf":[],"_links":{"self":[{"href":"https:\/\/staging.nbg.eu\/hu\/wp-json\/wp\/v2\/product\/55018","targetHints":{"allow":["GET"]}}],"collection":[{"href":"https:\/\/staging.nbg.eu\/hu\/wp-json\/wp\/v2\/product"}],"about":[{"href":"https:\/\/staging.nbg.eu\/hu\/wp-json\/wp\/v2\/types\/product"}],"wp:featuredmedia":[{"embeddable":true,"href":"https:\/\/staging.nbg.eu\/hu\/wp-json\/wp\/v2\/media\/55019"}],"wp:attachment":[{"href":"https:\/\/staging.nbg.eu\/hu\/wp-json\/wp\/v2\/media?parent=55018"}],"wp:term":[{"taxonomy":"product_brand","embeddable":true,"href":"https:\/\/staging.nbg.eu\/hu\/wp-json\/wp\/v2\/product_brand?post=55018"},{"taxonomy":"product_cat","embeddable":true,"href":"https:\/\/staging.nbg.eu\/hu\/wp-json\/wp\/v2\/product_cat?post=55018"},{"taxonomy":"product_tag","embeddable":true,"href":"https:\/\/staging.nbg.eu\/hu\/wp-json\/wp\/v2\/product_tag?post=55018"}],"curies":[{"name":"wp","href":"https:\/\/api.w.org\/{rel}","templated":true}]}}