{"id":54956,"date":"2024-03-01T10:36:26","date_gmt":"2024-03-01T10:36:26","guid":{"rendered":"https:\/\/staging.nbg.eu\/product\/fox-ammunition-93x62-220-gr\/"},"modified":"2024-09-13T13:07:54","modified_gmt":"2024-09-13T13:07:54","slug":"fox-loszer-93x62-220-gr","status":"publish","type":"product","link":"https:\/\/staging.nbg.eu\/hu\/termek\/fox-loszer-93x62-220-gr\/","title":{"rendered":"Fox L\u0151szer 9,3&#215;62 &#8211; 220 gr"},"content":{"rendered":"<div class=\"product-description\">\n<h2>Fox Classic Hunter L\u0151szer<\/h2>\n<p>A Fox Classic Hunter l\u00f6ved\u00e9kek \u00f3lommentesek, eur\u00f3pai vad\u00e1szati helyzetekre tervezve. R\u00e9z-cink \u00f6tv\u00f6zetb\u0151l k\u00e9sz\u00fclnek, \u00e9s a k\u00f6vetkez\u0151ket k\u00edn\u00e1lj\u00e1k:<\/p>\n<ul>\n<li>Teljes\u00edtm\u00e9ny k\u00f6zeli vaddiszn\u00f3 vad\u00e1szatt\u00f3l t\u00e1voli hegyi l\u00f6v\u00e9sekig<\/li>\n<li>Deform\u00e1ci\u00f3 alacsonyabb becsap\u00f3d\u00e1si sebess\u00e9gn\u00e9l (500 m\/s)<\/li>\n<li>Bar\u00e1zd\u00e1lt kialak\u00edt\u00e1s a cs\u0151nyom\u00e1s cs\u00f6kkent\u00e9s\u00e9re \u00e9s a sebess\u00e9g n\u00f6vel\u00e9s\u00e9re<\/li>\n<li>H\u0151\u00e1ll\u00f3 m\u0171anyag cs\u00facs a ballisztika \u00e9s a v\u00e9ghat\u00e1s jav\u00edt\u00e1s\u00e1ra<\/li>\n<li>Kontroll\u00e1lt t\u00e1gul\u00e1s az energia\u00e1tad\u00e1shoz \u00e9s meg\u00e1ll\u00edt\u00f3 er\u0151h\u00f6z<\/li>\n<li>Gomba alak\u00fa deform\u00e1ci\u00f3 a kaliber\u00e1tm\u00e9r\u0151 k\u00e9tszeres\u00e9ig<\/li>\n<li>95%+ t\u00f6megmegtart\u00e1s norm\u00e1l behatol\u00e1si k\u00f6r\u00fclm\u00e9nyek k\u00f6z\u00f6tt<\/li>\n<li>J\u00f3 h\u00fasmeg\u0151rz\u00e9s<\/li>\n<\/ul>\n<p>Fox Classic Hunter l\u0151szer vad\u00e1szathoz.<\/p>\n<\/div>\n","protected":false},"excerpt":{"rendered":"<p>\u00d3lommentes l\u0151szer sokoldal\u00fa eur\u00f3pai vad\u00e1szathoz. Pontos \u00e9s hat\u00e9kony.<\/p>\n","protected":false},"featured_media":54957,"template":"","meta":{"_acf_changed":false},"product_brand":[11336],"product_cat":[12952,12942,12979],"product_tag":[],"class_list":{"0":"post-54956","1":"product","2":"type-product","3":"status-publish","4":"has-post-thumbnail","6":"product_brand-fox-bullets","7":"product_cat-licencelt","8":"product_cat-loszer","9":"product_cat-puska-loszer","11":"first","12":"instock","13":"taxable","14":"shipping-taxable","15":"purchasable","16":"product-type-simple"},"acf":[],"_links":{"self":[{"href":"https:\/\/staging.nbg.eu\/hu\/wp-json\/wp\/v2\/product\/54956","targetHints":{"allow":["GET"]}}],"collection":[{"href":"https:\/\/staging.nbg.eu\/hu\/wp-json\/wp\/v2\/product"}],"about":[{"href":"https:\/\/staging.nbg.eu\/hu\/wp-json\/wp\/v2\/types\/product"}],"wp:featuredmedia":[{"embeddable":true,"href":"https:\/\/staging.nbg.eu\/hu\/wp-json\/wp\/v2\/media\/54957"}],"wp:attachment":[{"href":"https:\/\/staging.nbg.eu\/hu\/wp-json\/wp\/v2\/media?parent=54956"}],"wp:term":[{"taxonomy":"product_brand","embeddable":true,"href":"https:\/\/staging.nbg.eu\/hu\/wp-json\/wp\/v2\/product_brand?post=54956"},{"taxonomy":"product_cat","embeddable":true,"href":"https:\/\/staging.nbg.eu\/hu\/wp-json\/wp\/v2\/product_cat?post=54956"},{"taxonomy":"product_tag","embeddable":true,"href":"https:\/\/staging.nbg.eu\/hu\/wp-json\/wp\/v2\/product_tag?post=54956"}],"curies":[{"name":"wp","href":"https:\/\/api.w.org\/{rel}","templated":true}]}}