{"id":547601,"date":"2025-09-05T18:17:28","date_gmt":"2025-09-05T15:17:28","guid":{"rendered":"https:\/\/staging.nbg.eu\/product\/armazone-q-r-viper-62mm\/"},"modified":"2025-10-01T11:33:37","modified_gmt":"2025-10-01T08:33:37","slug":"szerelek-q-r-viper-62mm","status":"publish","type":"product","link":"https:\/\/staging.nbg.eu\/hu\/termek\/szerelek-q-r-viper-62mm\/","title":{"rendered":"Szerel\u00e9k Q-R Viper 62mm"},"content":{"rendered":"<div class=\"product-description\">\n<h2>Armazone Q-R Viper 62mm Gyorskiold\u00f3 Adapter<\/h2>\n<p>Az Armazone Q-R Viper 62mm Gyorskiold\u00f3 Adapter h\u0151kamer\u00e1s klipekhez \u00e9s megfigyel\u0151 t\u00e1vcs\u00f6vekhez k\u00e9sz\u00fclt, amelyek 62mm-es objekt\u00edv k\u00fcls\u0151 \u00e1tm\u00e9r\u0151vel rendelkeznek.<\/p>\n<h2>F\u0151 jellemz\u0151k:<\/h2>\n<ul>\n<li>Egydarabos alum\u00ednium szerkezet<\/li>\n<li>Gyors fel- \u00e9s leszerel\u00e9s<\/li>\n<li>\u00c1ll\u00edthat\u00f3 r\u00f6gz\u00edt\u00e9si er\u0151<\/li>\n<li>Kompatibilis a legt\u00f6bb c\u00e9lt\u00e1vcs\u0151vel<\/li>\n<li>Alkalmas Nitehog h\u0151kamer\u00e1s eszk\u00f6z\u00f6kh\u00f6z<\/li>\n<\/ul>\n<p>A Q-R Viper gyorskiold\u00f3 karja lehet\u0151v\u00e9 teszi a t\u00f6bbsz\u00f6ri felszerel\u00e9st tov\u00e1bbi szersz\u00e1mok n\u00e9lk\u00fcl. Vad\u00e1szoknak \u00e9s k\u00fclt\u00e9ri tev\u00e9kenys\u00e9get v\u00e9gz\u0151knek aj\u00e1nlott. Megjegyz\u00e9s: Az adapter maximum 1mm-es lefel\u00e9 ir\u00e1nyul\u00f3 elt\u00e9r\u00e9st kompenz\u00e1l.<\/p>\n<\/div>\n","protected":false},"excerpt":{"rendered":"<p>Gyorskiold\u00f3 adapter 62 mm-es t\u00e1vcs\u00f6vekhez. Egyszer\u0171en felszerelhet\u0151 h\u0151kamer\u00e1khoz.<\/p>\n","protected":false},"featured_media":499401,"template":"","meta":{"_acf_changed":false},"product_brand":[],"product_cat":[12943,12900,12898],"product_tag":[],"class_list":{"0":"post-547601","1":"product","2":"type-product","3":"status-publish","4":"has-post-thumbnail","6":"product_cat-celzas","7":"product_cat-celzo-kiegeszitok","8":"product_cat-hokepes","10":"first","11":"instock","12":"taxable","13":"shipping-taxable","14":"purchasable","15":"product-type-simple"},"acf":[],"_links":{"self":[{"href":"https:\/\/staging.nbg.eu\/hu\/wp-json\/wp\/v2\/product\/547601","targetHints":{"allow":["GET"]}}],"collection":[{"href":"https:\/\/staging.nbg.eu\/hu\/wp-json\/wp\/v2\/product"}],"about":[{"href":"https:\/\/staging.nbg.eu\/hu\/wp-json\/wp\/v2\/types\/product"}],"wp:featuredmedia":[{"embeddable":true,"href":"https:\/\/staging.nbg.eu\/hu\/wp-json\/wp\/v2\/media\/499401"}],"wp:attachment":[{"href":"https:\/\/staging.nbg.eu\/hu\/wp-json\/wp\/v2\/media?parent=547601"}],"wp:term":[{"taxonomy":"product_brand","embeddable":true,"href":"https:\/\/staging.nbg.eu\/hu\/wp-json\/wp\/v2\/product_brand?post=547601"},{"taxonomy":"product_cat","embeddable":true,"href":"https:\/\/staging.nbg.eu\/hu\/wp-json\/wp\/v2\/product_cat?post=547601"},{"taxonomy":"product_tag","embeddable":true,"href":"https:\/\/staging.nbg.eu\/hu\/wp-json\/wp\/v2\/product_tag?post=547601"}],"curies":[{"name":"wp","href":"https:\/\/api.w.org\/{rel}","templated":true}]}}