{"id":547281,"date":"2025-09-05T18:17:28","date_gmt":"2025-09-05T15:17:28","guid":{"rendered":"https:\/\/staging.nbg.eu\/product\/armazone-viper-fts\/"},"modified":"2025-10-01T11:23:45","modified_gmt":"2025-10-01T08:23:45","slug":"szerelek-viper-fts","status":"publish","type":"product","link":"https:\/\/staging.nbg.eu\/hu\/termek\/szerelek-viper-fts\/","title":{"rendered":"Szerel\u00e9k Viper FTS"},"content":{"rendered":"<div class=\"product-description\">\n<h2>Armazone Viper FTS Adapter<\/h2>\n<p>Az Armazone Viper FTS Adapter lehet\u0151v\u00e9 teszi az \u00e9jjell\u00e1t\u00f3 vagy h\u0151kamer\u00e1s el\u0151t\u00e9tek r\u00f6gz\u00edt\u00e9s\u00e9t Picatinny vagy Weaver s\u00ednrendszerre. Az adapter a k\u00f6vetkez\u0151ket k\u00edn\u00e1lja:<\/p>\n<ul>\n<li>H\u0151kamer\u00e1s kieg\u00e9sz\u00edt\u0151k gyors felszerel\u00e9se<\/li>\n<li>Integr\u00e1l\u00e1s a nappali c\u00e9lt\u00e1vcs\u0151 l\u00e1t\u00f3mezej\u00e9vel<\/li>\n<li>Gyors \u00e9s pontos reag\u00e1l\u00e1s l\u00f6v\u00e9szeti helyzetekben<\/li>\n<li>Kompatibilit\u00e1s Picatinny \u00e9s Weaver s\u00ednrendszerekkel<\/li>\n<li>Tart\u00f3s konstrukci\u00f3 terepi haszn\u00e1latra<\/li>\n<\/ul>\n<p>Az Armazone Viper FTS Adapter haszn\u00e1lhat\u00f3 taktikai m\u0171veletekhez, vad\u00e1szathoz vagy sportl\u00f6v\u00e9szethez. Az adapter lehet\u0151v\u00e9 teszi a c\u00e9lz\u00e1st gyenge f\u00e9nyviszonyok mellett is.<\/p>\n<\/div>\n","protected":false},"excerpt":{"rendered":"<p>Armazone Viper FTS: Gyorsr\u00f6gz\u00edt\u0151 adapter h\u0151kamer\u00e1s\/\u00e9jjell\u00e1t\u00f3 el\u0151t\u00e9tekhez.<\/p>\n","protected":false},"featured_media":499309,"template":"","meta":{"_acf_changed":false},"product_brand":[],"product_cat":[12943,12900,12898],"product_tag":[],"class_list":{"0":"post-547281","1":"product","2":"type-product","3":"status-publish","4":"has-post-thumbnail","6":"product_cat-celzas","7":"product_cat-celzo-kiegeszitok","8":"product_cat-hokepes","10":"first","11":"instock","12":"taxable","13":"shipping-taxable","14":"purchasable","15":"product-type-simple"},"acf":[],"_links":{"self":[{"href":"https:\/\/staging.nbg.eu\/hu\/wp-json\/wp\/v2\/product\/547281","targetHints":{"allow":["GET"]}}],"collection":[{"href":"https:\/\/staging.nbg.eu\/hu\/wp-json\/wp\/v2\/product"}],"about":[{"href":"https:\/\/staging.nbg.eu\/hu\/wp-json\/wp\/v2\/types\/product"}],"wp:featuredmedia":[{"embeddable":true,"href":"https:\/\/staging.nbg.eu\/hu\/wp-json\/wp\/v2\/media\/499309"}],"wp:attachment":[{"href":"https:\/\/staging.nbg.eu\/hu\/wp-json\/wp\/v2\/media?parent=547281"}],"wp:term":[{"taxonomy":"product_brand","embeddable":true,"href":"https:\/\/staging.nbg.eu\/hu\/wp-json\/wp\/v2\/product_brand?post=547281"},{"taxonomy":"product_cat","embeddable":true,"href":"https:\/\/staging.nbg.eu\/hu\/wp-json\/wp\/v2\/product_cat?post=547281"},{"taxonomy":"product_tag","embeddable":true,"href":"https:\/\/staging.nbg.eu\/hu\/wp-json\/wp\/v2\/product_tag?post=547281"}],"curies":[{"name":"wp","href":"https:\/\/api.w.org\/{rel}","templated":true}]}}