{"id":547143,"date":"2025-09-05T18:15:58","date_gmt":"2025-09-05T15:15:58","guid":{"rendered":"https:\/\/staging.nbg.eu\/product\/mount-arta435-34-34mm\/"},"modified":"2025-10-01T11:12:42","modified_gmt":"2025-10-01T08:12:42","slug":"szerelek-arta435-34-34mm","status":"publish","type":"product","link":"https:\/\/staging.nbg.eu\/hu\/termek\/szerelek-arta435-34-34mm\/","title":{"rendered":"Szerel\u00e9k ARTA435-34, 34mm"},"content":{"rendered":"<div class=\"product-description\">\n<h2>XSKEL34TW Gen 2 Meghosszabb\u00edtott V\u00e1zas 34mm MSR Szerel\u00e9k<\/h2>\n<p>Az XSKEL34TW Gen 2 egy meghosszabb\u00edtott v\u00e1zas 34mm MSR szerel\u00e9k, amelyet AR15, AR10 st\u00edlus\u00fa pusk\u00e1khoz \u00e9s 2,75&#8243; vagy hosszabb Picatinny s\u00ednnel rendelkez\u0151 sportpusk\u00e1khoz terveztek.<\/p>\n<h2>F\u0151 jellemz\u0151k:<\/h2>\n<ul>\n<li>MSR ide\u00e1lis magass\u00e1g a megfelel\u0151 illeszked\u00e9shez<\/li>\n<li>T\u00f6bb mint 2 h\u00fcvelyk el\u0151reny\u00fal\u00e1s a jobb egyens\u00faly\u00e9rt<\/li>\n<li>Ac\u00e9l menetes bet\u00e9tek a csavarokhoz<\/li>\n<li>K\u00f6nny\u0171, de er\u0151s v\u00e1zas kialak\u00edt\u00e1s<\/li>\n<li>6061 alum\u00edniumb\u00f3l CNC megmunk\u00e1l\u00e1ssal k\u00e9sz\u00fclt<\/li>\n<li>1 darabos oldals\u00f3 r\u00f6gz\u00edt\u00e9s a nagyobb er\u0151ss\u00e9g\u00e9rt<\/li>\n<\/ul>\n<p>Az XSKEL34TW nagyobb, nehezebb 34mm-es cs\u00f6v\u0171 t\u00e1vcs\u00f6vekhez k\u00e9sz\u00fclt, bele\u00e9rtve a kis nagy\u00edt\u00e1s\u00fa v\u00e1ltoztathat\u00f3 optik\u00e1kat \u00e9s a nagy hat\u00f3t\u00e1vols\u00e1g\u00fa optik\u00e1kat ak\u00e1r 56 mm-es objekt\u00edvvel. A szerel\u00e9k optim\u00e1lisan pozicion\u00e1lja az optik\u00e1t az ide\u00e1lis magass\u00e1gban \u00e9s el\u0151retolt helyzetben az AR platformon.<\/p>\n<p>Kompatibilis AR-15, M-4, SR-25, LR308, PTR-91 \u00e9s b\u00e1rmely m\u00e1s MSR pusk\u00e1val, amelynek legal\u00e1bb 3 h\u00fcvelyk hossz\u00fa Picatinny s\u00ednje van. Taktikai karab\u00e9lyokon is n\u00e9pszer\u0171.<\/p>\n<p>Az XSKEL34TW MSR\/AR szerel\u00e9k megb\u00edzhat\u00f3 v\u00e1laszt\u00e1s versenyeken, taktikai feladatokban \u00e9s AR vad\u00e1szati helyzetekben.<\/p>\n<p>Az XSKEL34TW Gen 2 meghosszabb\u00edtott v\u00e1zas 34mm MSR szerel\u00e9k k\u00f6nny\u0171 kialak\u00edt\u00e1st \u00e9s tart\u00f3ss\u00e1got k\u00edn\u00e1l.<\/p>\n<\/div>\n","protected":false},"excerpt":{"rendered":"<p>K\u00f6nny\u0171, tart\u00f3s 34 mm-es AR t\u00e1vcs\u0151szerel\u00e9k. Ide\u00e1lis magass\u00e1g, 5 cm-es el\u0151reny\u00fal\u00e1s.<\/p>\n","protected":false},"featured_media":499252,"template":"","meta":{"_acf_changed":false},"product_brand":[],"product_cat":[12943,12900,12898],"product_tag":[],"class_list":{"0":"post-547143","1":"product","2":"type-product","3":"status-publish","4":"has-post-thumbnail","6":"product_cat-celzas","7":"product_cat-celzo-kiegeszitok","8":"product_cat-hokepes","10":"first","11":"instock","12":"taxable","13":"shipping-taxable","14":"purchasable","15":"product-type-simple"},"acf":[],"_links":{"self":[{"href":"https:\/\/staging.nbg.eu\/hu\/wp-json\/wp\/v2\/product\/547143","targetHints":{"allow":["GET"]}}],"collection":[{"href":"https:\/\/staging.nbg.eu\/hu\/wp-json\/wp\/v2\/product"}],"about":[{"href":"https:\/\/staging.nbg.eu\/hu\/wp-json\/wp\/v2\/types\/product"}],"wp:featuredmedia":[{"embeddable":true,"href":"https:\/\/staging.nbg.eu\/hu\/wp-json\/wp\/v2\/media\/499252"}],"wp:attachment":[{"href":"https:\/\/staging.nbg.eu\/hu\/wp-json\/wp\/v2\/media?parent=547143"}],"wp:term":[{"taxonomy":"product_brand","embeddable":true,"href":"https:\/\/staging.nbg.eu\/hu\/wp-json\/wp\/v2\/product_brand?post=547143"},{"taxonomy":"product_cat","embeddable":true,"href":"https:\/\/staging.nbg.eu\/hu\/wp-json\/wp\/v2\/product_cat?post=547143"},{"taxonomy":"product_tag","embeddable":true,"href":"https:\/\/staging.nbg.eu\/hu\/wp-json\/wp\/v2\/product_tag?post=547143"}],"curies":[{"name":"wp","href":"https:\/\/api.w.org\/{rel}","templated":true}]}}