{"id":546103,"date":"2025-09-05T18:15:45","date_gmt":"2025-09-05T15:15:45","guid":{"rendered":"https:\/\/staging.nbg.eu\/product\/rrs-sc-arc-harris-bipod-adapter-black\/"},"modified":"2025-10-01T10:58:16","modified_gmt":"2025-10-01T07:58:16","slug":"rrs-sc-arc-harris-ketlab-adapter-fekete","status":"publish","type":"product","link":"https:\/\/staging.nbg.eu\/hu\/termek\/rrs-sc-arc-harris-ketlab-adapter-fekete\/","title":{"rendered":"RRS SC-ARC Harris K\u00e9tl\u00e1b Adapter Fekete"},"content":{"rendered":"<div class=\"product-description\">\n<h2>RRS SC-ARC Harris Bipod Adapter Fekete<\/h2>\n<h2>Harris Bipod Adapter<\/h2>\n<p>Az RRS SC-ARC Harris Bipod Adapter kompatibilis a megl\u00e9v\u0151 Harris &#8216;S&#8217; Bipodokkal, \u00e9s t\u00f6bb funkci\u00f3t biztos\u00edt.<\/p>\n<h3>F\u0151bb jellemz\u0151k:<\/h3>\n<ul>\n<li><strong>Gyors felszerel\u00e9s v\u00e1lt\u00e1s:<\/strong> Gyors \u00e1t\u00e1ll\u00e1s k\u00fcl\u00f6nb\u00f6z\u0151 be\u00e1ll\u00edt\u00e1sok k\u00f6z\u00f6tt.<\/li>\n<li><strong>Stabilabb t\u00e1masz:<\/strong> Megn\u00f6velt stabilit\u00e1s \u00e9s megb\u00edzhat\u00f3s\u00e1g.<\/li>\n<li><strong>Sz\u00e9les kompatibilit\u00e1s:<\/strong> M\u0171k\u00f6dik RRS csatlakoz\u00f3kkal, mint a BTC-Pro \u00e9s SC-ARC.<\/li>\n<\/ul>\n<p>A Harris Bipod Adapter \u00f6sszek\u00f6ti a jelenlegi felszerel\u00e9st az RRS eszk\u00f6z\u00f6kkel.<\/p>\n<h3>Specifik\u00e1ci\u00f3k:<\/h3>\n<table>\n<tr>\n<td><strong>Hossz\u00fas\u00e1g:<\/strong><\/td>\n<td>1,4 h\u00fcvelyk (35,6 mm)<\/td>\n<\/tr>\n<tr>\n<td><strong>Sz\u00e9less\u00e9g:<\/strong><\/td>\n<td>1,3 h\u00fcvelyk (33,8 mm)<\/td>\n<\/tr>\n<tr>\n<td><strong>Magass\u00e1g:<\/strong><\/td>\n<td>1,35 h\u00fcvelyk (34,3 mm)<\/td>\n<\/tr>\n<tr>\n<td><strong>S\u00faly:<\/strong><\/td>\n<td>1,2 uncia (34,7 g)<\/td>\n<\/tr>\n<\/table>\n<p>Az RRS SC-ARC Harris Bipod Adapter n\u00f6veli a Harris &#8216;S&#8217; Bipodok funkcionalit\u00e1s\u00e1t, \u00e9s kompatibilis az RRS csatlakoz\u00f3kkal. Ez az adapter sokoldal\u00fas\u00e1got \u00e9s stabilit\u00e1st biztos\u00edt a pontos l\u00f6v\u00e9sekhez \u00e9s a gyors be\u00e1ll\u00edt\u00e1sokhoz terepen.<\/p>\n<\/div>\n","protected":false},"excerpt":{"rendered":"<p>N\u00f6velje a stabilit\u00e1st \u00e9s sokoldal\u00fas\u00e1got ezzel a k\u00f6nny\u0171 Harris bipod adapterrel.<\/p>\n","protected":false},"featured_media":499229,"template":"","meta":{"_acf_changed":false},"product_brand":[],"product_cat":[12960,12967],"product_tag":[],"class_list":{"0":"post-546103","1":"product","2":"type-product","3":"status-publish","4":"has-post-thumbnail","6":"product_cat-ketlabuak","7":"product_cat-puska","9":"first","10":"instock","11":"taxable","12":"shipping-taxable","13":"purchasable","14":"product-type-simple"},"acf":[],"_links":{"self":[{"href":"https:\/\/staging.nbg.eu\/hu\/wp-json\/wp\/v2\/product\/546103","targetHints":{"allow":["GET"]}}],"collection":[{"href":"https:\/\/staging.nbg.eu\/hu\/wp-json\/wp\/v2\/product"}],"about":[{"href":"https:\/\/staging.nbg.eu\/hu\/wp-json\/wp\/v2\/types\/product"}],"wp:featuredmedia":[{"embeddable":true,"href":"https:\/\/staging.nbg.eu\/hu\/wp-json\/wp\/v2\/media\/499229"}],"wp:attachment":[{"href":"https:\/\/staging.nbg.eu\/hu\/wp-json\/wp\/v2\/media?parent=546103"}],"wp:term":[{"taxonomy":"product_brand","embeddable":true,"href":"https:\/\/staging.nbg.eu\/hu\/wp-json\/wp\/v2\/product_brand?post=546103"},{"taxonomy":"product_cat","embeddable":true,"href":"https:\/\/staging.nbg.eu\/hu\/wp-json\/wp\/v2\/product_cat?post=546103"},{"taxonomy":"product_tag","embeddable":true,"href":"https:\/\/staging.nbg.eu\/hu\/wp-json\/wp\/v2\/product_tag?post=546103"}],"curies":[{"name":"wp","href":"https:\/\/api.w.org\/{rel}","templated":true}]}}