{"id":545996,"date":"2025-09-05T18:15:44","date_gmt":"2025-09-05T15:15:44","guid":{"rendered":"https:\/\/staging.nbg.eu\/product\/area-419-diving-board-for-tactical-one-piece-scope-mount\/"},"modified":"2025-10-01T10:49:15","modified_gmt":"2025-10-01T07:49:15","slug":"area-419-ugrodes-tabla-tactical-one-piece-tavcso-szerelekhez","status":"publish","type":"product","link":"https:\/\/staging.nbg.eu\/hu\/termek\/area-419-ugrodes-tabla-tactical-one-piece-tavcso-szerelekhez\/","title":{"rendered":"AREA 419 UGRODES TABLA TACTICAL ONE PIECE TAVCSO SZERELEKHEZ"},"content":{"rendered":"<div class=\"product-description\">\n<h2>AREA 419 DIVING BOARD TAKTIKAI EGYR\u00c9SZES T\u00c1VCS\u0150SZEREL\u00c9KHEZ<\/h2>\n<p>Az AREA 419 Diving Board kieg\u00e9sz\u00edt\u0151 a taktikai egyr\u00e9szes t\u00e1vcs\u0151szerel\u00e9khez.<\/p>\n<h2>F\u0151bb jellemz\u0151k:<\/h2>\n<ul>\n<li>Szabadalmaztat\u00e1s alatt \u00e1ll\u00f3 kett\u0151s k\u00fapos r\u00f6gz\u00edt\u00e9si pont<\/li>\n<li>Platform szintez\u0151kh\u00f6z, l\u0151t\u00e1bl\u00e1zatokhoz, v\u00f6r\u00f6s pontokhoz \u00e9s l\u00e9zeres t\u00e1vols\u00e1gm\u00e9r\u0151kh\u00f6z<\/li>\n<li>Tart\u00f3s \u00e9s merev szerkezet a jobb visszat\u00e9r\u00e9shez<\/li>\n<li>El\u00e9rhet\u0151 standard \u00e9s alacsony magass\u00e1g\u00fa v\u00e1ltozatban<\/li>\n<li>MIL-STD-1913 szabv\u00e1ny\u00fa s\u00edn (10 foglalat a standard, 6 az alacsony magass\u00e1g\u00fahoz)<\/li>\n<li>III. t\u00edpus\u00fa kem\u00e9ny fekete elox\u00e1lt fel\u00fclet<\/li>\n<li>CNC mar\u00e1ssal k\u00e9sz\u00fclt Amerik\u00e1ban, amerikai 7075 alum\u00edniumb\u00f3l<\/li>\n<li>R\u00f6gz\u00edtett szerel\u0151csavarok a k\u00f6nny\u0171 felszerel\u00e9shez<\/li>\n<\/ul>\n<p>V\u00e1laszthat\u00f3 standard magass\u00e1g (2,82 cm magas, 70,87 g) vagy alacsony magass\u00e1g (1,78 cm magas, 42,52 g). Mindk\u00e9t v\u00e1ltozat t\u00f6bb 1\/4 x 20-as furattal rendelkezik kieg\u00e9sz\u00edt\u0151k r\u00f6gz\u00edt\u00e9s\u00e9hez.<\/p>\n<p>Az AREA 419 Diving Board kieg\u00e9sz\u00edt\u0151 a t\u00e1vcs\u0151szerel\u00e9khez.<\/p>\n<\/div>\n","protected":false},"excerpt":{"rendered":"<p>Biztons\u00e1gos, sokoldal\u00fa s\u00edn a Tactical One-Piece t\u00e1vcs\u0151szerel\u00e9khez.<\/p>\n","protected":false},"featured_media":499160,"template":"","meta":{"_acf_changed":false},"product_brand":[11039],"product_cat":[12943,12900],"product_tag":[],"class_list":{"0":"post-545996","1":"product","2":"type-product","3":"status-publish","4":"has-post-thumbnail","6":"product_brand-area-419","7":"product_cat-celzas","8":"product_cat-celzo-kiegeszitok","10":"first","11":"instock","12":"taxable","13":"shipping-taxable","14":"purchasable","15":"product-type-simple"},"acf":[],"_links":{"self":[{"href":"https:\/\/staging.nbg.eu\/hu\/wp-json\/wp\/v2\/product\/545996","targetHints":{"allow":["GET"]}}],"collection":[{"href":"https:\/\/staging.nbg.eu\/hu\/wp-json\/wp\/v2\/product"}],"about":[{"href":"https:\/\/staging.nbg.eu\/hu\/wp-json\/wp\/v2\/types\/product"}],"wp:featuredmedia":[{"embeddable":true,"href":"https:\/\/staging.nbg.eu\/hu\/wp-json\/wp\/v2\/media\/499160"}],"wp:attachment":[{"href":"https:\/\/staging.nbg.eu\/hu\/wp-json\/wp\/v2\/media?parent=545996"}],"wp:term":[{"taxonomy":"product_brand","embeddable":true,"href":"https:\/\/staging.nbg.eu\/hu\/wp-json\/wp\/v2\/product_brand?post=545996"},{"taxonomy":"product_cat","embeddable":true,"href":"https:\/\/staging.nbg.eu\/hu\/wp-json\/wp\/v2\/product_cat?post=545996"},{"taxonomy":"product_tag","embeddable":true,"href":"https:\/\/staging.nbg.eu\/hu\/wp-json\/wp\/v2\/product_tag?post=545996"}],"curies":[{"name":"wp","href":"https:\/\/api.w.org\/{rel}","templated":true}]}}