{"id":545550,"date":"2025-09-05T18:15:43","date_gmt":"2025-09-05T15:15:43","guid":{"rendered":"https:\/\/staging.nbg.eu\/product\/kmr-baseball-cap\/"},"modified":"2025-10-01T10:40:54","modified_gmt":"2025-10-01T07:40:54","slug":"kkr-baseball-sapka","status":"publish","type":"product","link":"https:\/\/staging.nbg.eu\/hu\/termek\/kkr-baseball-sapka\/","title":{"rendered":"KKR Baseball Sapka"},"content":{"rendered":"<h2>KMR Baseball Sapka<\/h2>\n<h2>Referencia: 0380-00501-0000<\/h2>\n<p>A KMR Precision Arms Competition sapk\u00e1ja. Ez a baseball sapka k\u00e9nyelmes \u00e9s st\u00edlusos a l\u0151t\u00e9ren vagy terepen. A KMR log\u00f3val ell\u00e1tott sapka verseny l\u00f6v\u00e9szeknek \u00e9s fegyver rajong\u00f3knak k\u00e9sz\u00fclt. Az \u00e1ll\u00edthat\u00f3 p\u00e1nt biztos\u00edtja a megfelel\u0151 illeszked\u00e9st, m\u00edg a l\u00e9g\u00e1tereszt\u0151 anyag h\u0171v\u00f6sen tartja visel\u0151j\u00e9t. Ez egy KMR kieg\u00e9sz\u00edt\u0151.<\/p>\n","protected":false},"excerpt":{"rendered":"<p>KMR baseball sapka: Eleg\u00e1ns versenyfejfed\u0151 prec\u00edzi\u00f3s l\u00f6v\u00e9szek sz\u00e1m\u00e1ra.<\/p>\n","protected":false},"featured_media":499068,"template":"","meta":{"_acf_changed":false},"product_brand":[],"product_cat":[12983],"product_tag":[],"class_list":{"0":"post-545550","1":"product","2":"type-product","3":"status-publish","4":"has-post-thumbnail","6":"product_cat-kategorizalatlan","8":"first","9":"instock","10":"taxable","11":"shipping-taxable","12":"purchasable","13":"product-type-simple"},"acf":[],"_links":{"self":[{"href":"https:\/\/staging.nbg.eu\/hu\/wp-json\/wp\/v2\/product\/545550","targetHints":{"allow":["GET"]}}],"collection":[{"href":"https:\/\/staging.nbg.eu\/hu\/wp-json\/wp\/v2\/product"}],"about":[{"href":"https:\/\/staging.nbg.eu\/hu\/wp-json\/wp\/v2\/types\/product"}],"wp:featuredmedia":[{"embeddable":true,"href":"https:\/\/staging.nbg.eu\/hu\/wp-json\/wp\/v2\/media\/499068"}],"wp:attachment":[{"href":"https:\/\/staging.nbg.eu\/hu\/wp-json\/wp\/v2\/media?parent=545550"}],"wp:term":[{"taxonomy":"product_brand","embeddable":true,"href":"https:\/\/staging.nbg.eu\/hu\/wp-json\/wp\/v2\/product_brand?post=545550"},{"taxonomy":"product_cat","embeddable":true,"href":"https:\/\/staging.nbg.eu\/hu\/wp-json\/wp\/v2\/product_cat?post=545550"},{"taxonomy":"product_tag","embeddable":true,"href":"https:\/\/staging.nbg.eu\/hu\/wp-json\/wp\/v2\/product_tag?post=545550"}],"curies":[{"name":"wp","href":"https:\/\/api.w.org\/{rel}","templated":true}]}}