{"id":545367,"date":"2025-09-05T18:15:06","date_gmt":"2025-09-05T15:15:06","guid":{"rendered":"https:\/\/staging.nbg.eu\/product\/surefire-csp-09-weaponlight-switch\/"},"modified":"2025-10-01T10:32:59","modified_gmt":"2025-10-01T07:32:59","slug":"surefire-csp-09-fegyverlampa-kapcsolo","status":"publish","type":"product","link":"https:\/\/staging.nbg.eu\/hu\/termek\/surefire-csp-09-fegyverlampa-kapcsolo\/","title":{"rendered":"Surefire CSP-09 Fegyverl\u00e1mpa Kapcsol\u00f3"},"content":{"rendered":"<div class=\"product-description\">\n<h2>Surefire CSP-09 Fegyver L\u00e1mpa Kapcsol\u00f3<\/h2>\n<h2>Picatinny S\u00ednre Szerelhet\u0151 T\u00e1vir\u00e1ny\u00edt\u00f3 Kapcsol\u00f3 Fegyver L\u00e1mp\u00e1khoz<\/h2>\n<p>A Surefire CSP-09 Fegyver L\u00e1mpa Kapcsol\u00f3 egy t\u00e1voli kapcsol\u00f3, amely aktiv\u00e1lja a SureFire fegyver l\u00e1mp\u00e1kat, amelyek kapcsol\u00f3 aljzattal rendelkeznek.<\/p>\n<h3>F\u0151 jellemz\u0151k:<\/h3>\n<ul>\n<li>Kett\u0151s funkci\u00f3j\u00fa kapcsol\u00f3 pillanatnyi \u00e9s folyamatos m\u0171k\u00f6d\u00e9shez<\/li>\n<li>R\u00e1pattinthat\u00f3 r\u00f6gz\u00edt\u00e9s a Picatinny s\u00ednhez<\/li>\n<li>Helytakar\u00e9kos kialak\u00edt\u00e1s<\/li>\n<li>Polimer szerkezet<\/li>\n<li>9 h\u00fcvelykes k\u00e1bel a legt\u00f6bb puska\/karab\u00e9ly alkalmaz\u00e1shoz<\/li>\n<\/ul>\n<p>A CSP-09 haszn\u00e1lata: enyhe nyom\u00e1s a pillanatnyi bekapcsol\u00e1shoz, teljes lenyom\u00e1s a folyamatos m\u0171k\u00f6d\u00e9shez. Szersz\u00e1m n\u00e9lk\u00fcl felszerelhet\u0151 a Picatinny s\u00ednre.<\/p>\n<p>A Surefire CSP-09 Fegyver L\u00e1mpa Kapcsol\u00f3 kompatibilis minden SureFire fegyver l\u00e1mp\u00e1val, amely kapcsol\u00f3 aljzattal rendelkezik.<\/p>\n<\/div>\n","protected":false},"excerpt":{"rendered":"<p>Kompakt t\u00e1vkapcsol\u00f3 SureFire fegyverl\u00e1mpa rendszerekhez. Egyszer\u0171 Picatinny s\u00ednre szerelhet\u0151.<\/p>\n","protected":false},"featured_media":499045,"template":"","meta":{"_acf_changed":false},"product_brand":[],"product_cat":[12982,12958],"product_tag":[],"class_list":{"0":"post-545367","1":"product","2":"type-product","3":"status-publish","4":"has-post-thumbnail","6":"product_cat-lampa-kiegeszitok","7":"product_cat-lampak","9":"first","10":"instock","11":"taxable","12":"shipping-taxable","13":"purchasable","14":"product-type-simple"},"acf":[],"_links":{"self":[{"href":"https:\/\/staging.nbg.eu\/hu\/wp-json\/wp\/v2\/product\/545367","targetHints":{"allow":["GET"]}}],"collection":[{"href":"https:\/\/staging.nbg.eu\/hu\/wp-json\/wp\/v2\/product"}],"about":[{"href":"https:\/\/staging.nbg.eu\/hu\/wp-json\/wp\/v2\/types\/product"}],"wp:featuredmedia":[{"embeddable":true,"href":"https:\/\/staging.nbg.eu\/hu\/wp-json\/wp\/v2\/media\/499045"}],"wp:attachment":[{"href":"https:\/\/staging.nbg.eu\/hu\/wp-json\/wp\/v2\/media?parent=545367"}],"wp:term":[{"taxonomy":"product_brand","embeddable":true,"href":"https:\/\/staging.nbg.eu\/hu\/wp-json\/wp\/v2\/product_brand?post=545367"},{"taxonomy":"product_cat","embeddable":true,"href":"https:\/\/staging.nbg.eu\/hu\/wp-json\/wp\/v2\/product_cat?post=545367"},{"taxonomy":"product_tag","embeddable":true,"href":"https:\/\/staging.nbg.eu\/hu\/wp-json\/wp\/v2\/product_tag?post=545367"}],"curies":[{"name":"wp","href":"https:\/\/api.w.org\/{rel}","templated":true}]}}