{"id":544894,"date":"2025-09-05T18:09:58","date_gmt":"2025-09-05T15:09:58","guid":{"rendered":"https:\/\/staging.nbg.eu\/product\/magpul-rubber-butt-pad-0-70\/"},"modified":"2025-10-01T10:15:51","modified_gmt":"2025-10-01T07:15:51","slug":"magpul-gumi-agytusko-070","status":"publish","type":"product","link":"https:\/\/staging.nbg.eu\/hu\/termek\/magpul-gumi-agytusko-070\/","title":{"rendered":"Magpul &#8211; Gumi Agytusko &#8211; 0.70&#8243;"},"content":{"rendered":"<div class=\"product-description\">\n<h2>Magpul Gumi Puskatus P\u00e1rna &#8211; 0,70&#8243;<\/h2>\n<p>A Magpul Gumi Puskatus P\u00e1rna egy 0,70&#8243; vastag kieg\u00e9sz\u00edt\u0151, amely kompatibilis k\u00fcl\u00f6nb\u00f6z\u0151 Magpul tusokkal, bele\u00e9rtve a CTR\u00ae, MOE\u00ae Carbine Mil-Spec, UBR\u00ae, STR\u00ae, ACS-L\u2122 \u00e9s ACS modelleket.<\/p>\n<ul>\n<li>Jobb v\u00e1llt\u00e1masz \u00e9s visszar\u00fag\u00e1s-cs\u00f6kkent\u00e9s<\/li>\n<li>Vastagabb, szell\u0151ztetett kialak\u00edt\u00e1s<\/li>\n<li>Tartalmazza az \u00f6sszes r\u00f6gz\u00edt\u0151 elemet<\/li>\n<li>M\u00e9retek: 13 x 4 x 1,6 cm (k\u00f6r\u00fclbel\u00fcl)<\/li>\n<li>S\u00faly: 62 g (k\u00f6r\u00fclbel\u00fcl)<\/li>\n<li>K\u00e9sz\u00fclt az USA-ban<\/li>\n<\/ul>\n<p><strong>Megjegyz\u00e9s:<\/strong> Nem kompatibilis a MOE\u00ae Fixed Carbine tussal. Korl\u00e1tozhatja a teljes \u00f6sszecsuk\u00e1st a kereskedelmi MOE\u00ae\/CTR\u00ae tusokn\u00e1l a hosszabb\u00edtott, ferde h\u00e1tlap miatt.<\/p>\n<\/div>\n","protected":false},"excerpt":{"rendered":"<p>Tov\u00e1bbfejlesztett 0,70 h\u00fcvelykes gumi tusp\u00e1rna Magpul tusokhoz. Jobb t\u00e1maszt\u00e1s.<\/p>\n","protected":false},"featured_media":498951,"template":"","meta":{"_acf_changed":false},"product_brand":[11553],"product_cat":[12934],"product_tag":[],"class_list":{"0":"post-544894","1":"product","2":"type-product","3":"status-publish","4":"has-post-thumbnail","6":"product_brand-magpul","7":"product_cat-felszereles","9":"first","10":"instock","11":"taxable","12":"shipping-taxable","13":"purchasable","14":"product-type-simple"},"acf":[],"_links":{"self":[{"href":"https:\/\/staging.nbg.eu\/hu\/wp-json\/wp\/v2\/product\/544894","targetHints":{"allow":["GET"]}}],"collection":[{"href":"https:\/\/staging.nbg.eu\/hu\/wp-json\/wp\/v2\/product"}],"about":[{"href":"https:\/\/staging.nbg.eu\/hu\/wp-json\/wp\/v2\/types\/product"}],"wp:featuredmedia":[{"embeddable":true,"href":"https:\/\/staging.nbg.eu\/hu\/wp-json\/wp\/v2\/media\/498951"}],"wp:attachment":[{"href":"https:\/\/staging.nbg.eu\/hu\/wp-json\/wp\/v2\/media?parent=544894"}],"wp:term":[{"taxonomy":"product_brand","embeddable":true,"href":"https:\/\/staging.nbg.eu\/hu\/wp-json\/wp\/v2\/product_brand?post=544894"},{"taxonomy":"product_cat","embeddable":true,"href":"https:\/\/staging.nbg.eu\/hu\/wp-json\/wp\/v2\/product_cat?post=544894"},{"taxonomy":"product_tag","embeddable":true,"href":"https:\/\/staging.nbg.eu\/hu\/wp-json\/wp\/v2\/product_tag?post=544894"}],"curies":[{"name":"wp","href":"https:\/\/api.w.org\/{rel}","templated":true}]}}