{"id":540826,"date":"2025-09-05T18:09:45","date_gmt":"2025-09-05T15:09:45","guid":{"rendered":"https:\/\/staging.nbg.eu\/product\/bullet-berger-cal-6-5-creedmoor-elite-hunter-140gr-100pcs\/"},"modified":"2025-09-30T17:22:25","modified_gmt":"2025-09-30T14:22:25","slug":"lovedek-berger-cal-65-creedmoor-elite-hunter-140gr100db","status":"publish","type":"product","link":"https:\/\/staging.nbg.eu\/hu\/termek\/lovedek-berger-cal-65-creedmoor-elite-hunter-140gr100db\/","title":{"rendered":"Lovedek Berger cal. 6.5 Creedmoor Elite Hunter 140gr.\/100db"},"content":{"rendered":"<h2>Berger l\u00f6ved\u00e9k 6.5 Creedmoor Elite Hunter 140gr.\/100db.<\/h2>\n<p>A Berger 6.5 Creedmoor 140 Grain Elite Hunter puska l\u0151szer k\u00f6zepes m\u00e9ret\u0171 vadak vad\u00e1szat\u00e1ra. A l\u00f6ved\u00e9k jellemz\u0151i:<\/p>\n<ul>\n<li><strong>Konzisztencia:<\/strong> J4 Precision l\u00f6ved\u00e9kk\u00f6peny +\/-.0003&#8243; teljes jelzett elt\u00e9r\u00e9ssel (TIR)<\/li>\n<li><strong>Hibrid orr-r\u00e9sz:<\/strong> \u00d6tv\u00f6zi a tangenci\u00e1lis \u00e9s szek\u00e1ns orr-form\u00e1kat<\/li>\n<li><strong>Konzisztens mag:<\/strong> Nincs sz\u00fcks\u00e9g s\u00faly szerinti v\u00e1logat\u00e1sra<\/li>\n<li><strong>Cs\u00f3nakfarok kialak\u00edt\u00e1s:<\/strong> Aerodinamikai el\u0151ny nagyobb t\u00e1vols\u00e1gokon<\/li>\n<li><strong>J4 vad\u00e1sz k\u00f6peny:<\/strong> 2-3&#8243; behatol\u00e1s gyors t\u00e1gul\u00e1s el\u0151tt<\/li>\n<\/ul>\n<p>A 6.5 Creedmoor Elite Hunter versenyl\u00f6v\u00e9szetre \u00e9s vad\u00e1szatra is alkalmas. G1 BC \u00e9rt\u00e9ke 0.606, torkolati sebess\u00e9ge 2750 fps.<\/p>\n<p>Specifik\u00e1ci\u00f3k:<\/p>\n<ul>\n<li>S\u00faly: 140 Grain<\/li>\n<li>G7 BC: 0.31<\/li>\n<li>Minim\u00e1lis huzagol\u00e1s: 1:8&#8243; vagy gyorsabb<\/li>\n<li>Maxim\u00e1lis COAL: 2.825&#8243;<\/li>\n<li>Torkolati energia: 2351 ft-lb<\/li>\n<\/ul>\n<p>A Berger Elite Hunter vad\u00e1szatra \u00e9s versenyl\u00f6v\u00e9szetre haszn\u00e1lhat\u00f3.<\/p>\n","protected":false},"excerpt":{"rendered":"<p>Elite Hunter 6.5 Creedmoor: Pontos, megb\u00edzhat\u00f3 140 grain-es l\u00f6ved\u00e9k k\u00f6zepes m\u00e9ret\u0171 vadakhoz.<\/p>\n","protected":false},"featured_media":498851,"template":"","meta":{"_acf_changed":false},"product_brand":[],"product_cat":[12942,12946,12963],"product_tag":[],"class_list":{"0":"post-540826","1":"product","2":"type-product","3":"status-publish","4":"has-post-thumbnail","6":"product_cat-loszer","7":"product_cat-loevedekek","8":"product_cat-ujratoeltes","10":"first","11":"instock","12":"taxable","13":"shipping-taxable","14":"product-type-simple"},"acf":[],"_links":{"self":[{"href":"https:\/\/staging.nbg.eu\/hu\/wp-json\/wp\/v2\/product\/540826","targetHints":{"allow":["GET"]}}],"collection":[{"href":"https:\/\/staging.nbg.eu\/hu\/wp-json\/wp\/v2\/product"}],"about":[{"href":"https:\/\/staging.nbg.eu\/hu\/wp-json\/wp\/v2\/types\/product"}],"wp:featuredmedia":[{"embeddable":true,"href":"https:\/\/staging.nbg.eu\/hu\/wp-json\/wp\/v2\/media\/498851"}],"wp:attachment":[{"href":"https:\/\/staging.nbg.eu\/hu\/wp-json\/wp\/v2\/media?parent=540826"}],"wp:term":[{"taxonomy":"product_brand","embeddable":true,"href":"https:\/\/staging.nbg.eu\/hu\/wp-json\/wp\/v2\/product_brand?post=540826"},{"taxonomy":"product_cat","embeddable":true,"href":"https:\/\/staging.nbg.eu\/hu\/wp-json\/wp\/v2\/product_cat?post=540826"},{"taxonomy":"product_tag","embeddable":true,"href":"https:\/\/staging.nbg.eu\/hu\/wp-json\/wp\/v2\/product_tag?post=540826"}],"curies":[{"name":"wp","href":"https:\/\/api.w.org\/{rel}","templated":true}]}}