{"id":54036,"date":"2024-03-02T10:05:47","date_gmt":"2024-09-13T12:58:04","guid":{"rendered":"https:\/\/staging.nbg.eu\/product\/bore-tech-proof-positive-shotgun-jag-12-16-20-ga\/"},"modified":"2024-09-13T12:58:58","modified_gmt":"2024-09-13T12:58:58","slug":"bore-tech-proof-positive-soeretes-jag-121620-ga","status":"publish","type":"product","link":"https:\/\/staging.nbg.eu\/hu\/termek\/bore-tech-proof-positive-soeretes-jag-121620-ga\/","title":{"rendered":"Bore Tech Proof-Positive S\u00f6r\u00e9tes Jag (12\/16\/20 GA)"},"content":{"rendered":"<div class=\"product-description\">\n<h2>Bore Tech Proof-Positive S\u00f6r\u00e9tes Puska Tiszt\u00edt\u00f3fej (12\/16\/20 GA)<\/h2>\n<p>Bore Tech szabadalmaztatott tiszt\u00edt\u00f3feje s\u00f6r\u00e9tes pusk\u00e1khoz. Jellemz\u0151k:<\/p>\n<ul>\n<li>4 rugalmas szirom a cs\u0151h\u00f6z val\u00f3 t\u00f6k\u00e9letes illeszked\u00e9shez<\/li>\n<li>Tart\u00f3s nylon szerkezet<\/li>\n<li>\u00d6sszenyomhat\u00f3 a sz\u0171k\u00edt\u00e9sen val\u00f3 \u00e1thalad\u00e1shoz<\/li>\n<li>Illeszkedik a standard 5\/16-27 menetes rudakhoz<\/li>\n<\/ul>\n<p>S\u00f6r\u00e9tes puska karbantart\u00e1s\u00e1hoz. Aj\u00e1nlott minden s\u00f6r\u00e9tes puska tulajdonosnak.<\/p>\n<p><strong>\u00c1r: 14,99 USD<\/strong><\/p>\n<\/div>\n","protected":false},"excerpt":{"rendered":"<p>Rugalmas 4-szirm\u00fa tiszt\u00edt\u00f3fej a hat\u00e9kony s\u00f6r\u00e9tes puska tiszt\u00edt\u00e1shoz. Sz\u0171k\u00edt\u00e9sbar\u00e1t.<\/p>\n","protected":false},"featured_media":54037,"template":"","meta":{"_acf_changed":false},"product_brand":[11153],"product_cat":[12948,12975,12973],"product_tag":[],"class_list":{"0":"post-54036","1":"product","2":"type-product","3":"status-publish","4":"has-post-thumbnail","6":"product_brand-boretech","7":"product_cat-fegyvertisztitas","8":"product_cat-kefek","9":"product_cat-tisztitopalcak","11":"first","12":"instock","13":"taxable","14":"shipping-taxable","15":"purchasable","16":"product-type-variable","17":"wvs-archive-product-wrapper"},"acf":[],"_links":{"self":[{"href":"https:\/\/staging.nbg.eu\/hu\/wp-json\/wp\/v2\/product\/54036","targetHints":{"allow":["GET"]}}],"collection":[{"href":"https:\/\/staging.nbg.eu\/hu\/wp-json\/wp\/v2\/product"}],"about":[{"href":"https:\/\/staging.nbg.eu\/hu\/wp-json\/wp\/v2\/types\/product"}],"wp:featuredmedia":[{"embeddable":true,"href":"https:\/\/staging.nbg.eu\/hu\/wp-json\/wp\/v2\/media\/54037"}],"wp:attachment":[{"href":"https:\/\/staging.nbg.eu\/hu\/wp-json\/wp\/v2\/media?parent=54036"}],"wp:term":[{"taxonomy":"product_brand","embeddable":true,"href":"https:\/\/staging.nbg.eu\/hu\/wp-json\/wp\/v2\/product_brand?post=54036"},{"taxonomy":"product_cat","embeddable":true,"href":"https:\/\/staging.nbg.eu\/hu\/wp-json\/wp\/v2\/product_cat?post=54036"},{"taxonomy":"product_tag","embeddable":true,"href":"https:\/\/staging.nbg.eu\/hu\/wp-json\/wp\/v2\/product_tag?post=54036"}],"curies":[{"name":"wp","href":"https:\/\/api.w.org\/{rel}","templated":true}]}}