{"id":539556,"date":"2025-09-05T17:38:18","date_gmt":"2025-09-05T14:38:18","guid":{"rendered":"https:\/\/staging.nbg.eu\/product\/or-leupold-delta-point-mounting-kit-for-l-02-w-02-steel-black\/"},"modified":"2025-09-30T14:24:12","modified_gmt":"2025-09-30T11:24:12","slug":"or-leupold-delta-point-szerelesi-keszlet-l-02-w-02-acel-fekete","status":"publish","type":"product","link":"https:\/\/staging.nbg.eu\/hu\/termek\/or-leupold-delta-point-szerelesi-keszlet-l-02-w-02-acel-fekete\/","title":{"rendered":"OR LEUPOLD DELTA POINT SZERELESI KESZLET L-02, W-02, ACEL FEKETE"},"content":{"rendered":"<div class=\"product-description\">\n<h2>OR LEUPOLD DELTA POINT PRO SZEREL\u0150K\u00c9SZLET LW64<\/h2>\n<p><strong>Hivatkoz\u00e1s:<\/strong> 0091-01207-0001<\/p>\n<p><strong>M\u00e1rka:<\/strong> KMR Precision Arms<\/p>\n<h2>Le\u00edr\u00e1s<\/h2>\n<p>Az OR LEUPOLD DELTA POINT PRO SZEREL\u0150K\u00c9SZLET LW64 a KMR L-02 vagy W-02 pisztolyokhoz k\u00e9sz\u00fclt. Ez az alaplemez az optik\u00e1ra k\u00e9sz (OR) KMR L-02 \u00e9s W-02 pisztolymodellekhez k\u00e9sz\u00fclt, \u00e9s a Leupold DeltaPoint Pro l\u00e1bnyommal rendelkez\u0151 optik\u00e1khoz alkalmas.<\/p>\n<h2>Term\u00e9k r\u00e9szletei<\/h2>\n<ul>\n<li>Anyag: Ac\u00e9l<\/li>\n<li>Sz\u00edn: Fekete<\/li>\n<li>K\u00e9t M4 szerel\u0151csavart tartalmaz<\/li>\n<\/ul>\n<h2>Telep\u00edt\u00e9s<\/h2>\n<ol>\n<li>Csavarja le az eredeti alaplemezt a pisztolyr\u00f3l<\/li>\n<li>\u00d3vatosan tiszt\u00edtsa meg a lemez szerel\u00e9si ter\u00fclet\u00e9t<\/li>\n<li>Szerelje fel az \u00faj alaplemezt<\/li>\n<li>H\u00fazza meg a k\u00e9t mell\u00e9kelt M4 csavart menetr\u00f6gz\u00edt\u0151 haszn\u00e1lat\u00e1val<\/li>\n<\/ol>\n<p><strong>Fontos:<\/strong> NE HASZN\u00c1LJON PIROS LOCTITE-OT!<\/p>\n<h2>Kompatibilis v\u00f6r\u00f6s pontos ir\u00e1nyz\u00e9kok<\/h2>\n<p>Ez a szerel\u0151k\u00e9szlet kompatibilis k\u00fcl\u00f6nb\u00f6z\u0151 v\u00f6r\u00f6s pontos ir\u00e1nyz\u00e9kokkal, amelyek a Leupold DeltaPoint Pro szerel\u00e9si szabv\u00e1nyt haszn\u00e1lj\u00e1k, bele\u00e9rtve:<\/p>\n<ul>\n<li>Leupold DeltaPoint Pro<\/li>\n<li>Vortex Defender XL<\/li>\n<li>Eotech Eflx<\/li>\n<li>Holosun SCS 320<\/li>\n<li>\u00c9s sok m\u00e1s<\/li>\n<\/ul>\n<p>Ezzel a szerel\u0151k\u00e9szlettel friss\u00edtheti KMR L-02 vagy W-02 pisztoly\u00e1t, lehet\u0151v\u00e9 t\u00e9ve a prefer\u00e1lt v\u00f6r\u00f6s pontos ir\u00e1nyz\u00e9k egyszer\u0171 felszerel\u00e9s\u00e9t.<\/p>\n<\/div>\n","protected":false},"excerpt":{"rendered":"<p>Ac\u00e9l alaplemez KMR L-02\/W-02 pisztolyokhoz, kompatibilis a DeltaPoint Pro optik\u00e1val<\/p>\n","protected":false},"featured_media":497550,"template":"","meta":{"_acf_changed":false},"product_brand":[11502],"product_cat":[12919],"product_tag":[],"class_list":{"0":"post-539556","1":"product","2":"type-product","3":"status-publish","4":"has-post-thumbnail","6":"product_brand-kmr-precision","7":"product_cat-kmr-alkatreszek","9":"first","10":"instock","11":"taxable","12":"shipping-taxable","13":"purchasable","14":"product-type-simple"},"acf":[],"_links":{"self":[{"href":"https:\/\/staging.nbg.eu\/hu\/wp-json\/wp\/v2\/product\/539556","targetHints":{"allow":["GET"]}}],"collection":[{"href":"https:\/\/staging.nbg.eu\/hu\/wp-json\/wp\/v2\/product"}],"about":[{"href":"https:\/\/staging.nbg.eu\/hu\/wp-json\/wp\/v2\/types\/product"}],"wp:featuredmedia":[{"embeddable":true,"href":"https:\/\/staging.nbg.eu\/hu\/wp-json\/wp\/v2\/media\/497550"}],"wp:attachment":[{"href":"https:\/\/staging.nbg.eu\/hu\/wp-json\/wp\/v2\/media?parent=539556"}],"wp:term":[{"taxonomy":"product_brand","embeddable":true,"href":"https:\/\/staging.nbg.eu\/hu\/wp-json\/wp\/v2\/product_brand?post=539556"},{"taxonomy":"product_cat","embeddable":true,"href":"https:\/\/staging.nbg.eu\/hu\/wp-json\/wp\/v2\/product_cat?post=539556"},{"taxonomy":"product_tag","embeddable":true,"href":"https:\/\/staging.nbg.eu\/hu\/wp-json\/wp\/v2\/product_tag?post=539556"}],"curies":[{"name":"wp","href":"https:\/\/api.w.org\/{rel}","templated":true}]}}