{"id":538938,"date":"2025-09-05T17:38:05","date_gmt":"2025-09-05T14:38:05","guid":{"rendered":"https:\/\/staging.nbg.eu\/product\/ar-15-bolt-catch-roll-pin\/"},"modified":"2025-09-30T13:39:54","modified_gmt":"2025-09-30T10:39:54","slug":"ar-15-zarretesz-hengerszeg","status":"publish","type":"product","link":"https:\/\/staging.nbg.eu\/hu\/termek\/ar-15-zarretesz-hengerszeg\/","title":{"rendered":"AR-15 ZARRETESZ HENGERSZEG"},"content":{"rendered":"<div class=\"product-description\">\n<h2>AR-15 reteszel\u0151 fog\u00f3 csapszeg<\/h2>\n<p>Ez a csapszeg az AR-15 reteszel\u0151 fog\u00f3j\u00e1hoz val\u00f3. Az Egyes\u00fclt \u00c1llamokban k\u00e9sz\u00fclt alkatr\u00e9sz biztos\u00edtja a fegyver megb\u00edzhat\u00f3 m\u0171k\u00f6d\u00e9s\u00e9t.<\/p>\n<ul>\n<li><strong>Brownells sz\u00e1m:<\/strong> 100044599<\/li>\n<li><strong>Gy\u00e1rt\u00f3i sz\u00e1m:<\/strong> 55CA547<\/li>\n<li><strong>UPC:<\/strong> 810046231234<\/li>\n<li><strong>Illeszked\u00e9s:<\/strong> AR-15 Univerz\u00e1lis<\/li>\n<\/ul>\n<p>Ez a csapszeg univerz\u00e1lis illeszked\u00e9s\u0171 az AR-15 platformokhoz, \u00edgy k\u00fcl\u00f6nb\u00f6z\u0151 modellekhez haszn\u00e1lhat\u00f3. Pontos m\u00e9retez\u00e9ssel k\u00e9sz\u00fclt, hogy megfeleljen a min\u0151s\u00e9gi el\u0151\u00edr\u00e1soknak, \u00e9s biztos r\u00f6gz\u00edt\u00e9st biztos\u00edtson a reteszel\u0151 fog\u00f3 szerelv\u00e9nyhez.<\/p>\n<\/div>\n","protected":false},"excerpt":{"rendered":"<p>Az Egyes\u00fclt \u00c1llamokban gy\u00e1rtott AR-15 z\u00e1rretesz r\u00f6gz\u00edt\u0151csap. Elengedhetetlen a z\u00e1rretesz beszerel\u00e9s\u00e9hez.<\/p>\n","protected":false},"featured_media":497320,"template":"","meta":{"_acf_changed":false},"product_brand":[],"product_cat":[12967,12916],"product_tag":[],"class_list":{"0":"post-538938","1":"product","2":"type-product","3":"status-publish","4":"has-post-thumbnail","6":"product_cat-puska","7":"product_cat-puska-tuning","9":"first","10":"instock","11":"taxable","12":"shipping-taxable","13":"purchasable","14":"product-type-simple"},"acf":[],"_links":{"self":[{"href":"https:\/\/staging.nbg.eu\/hu\/wp-json\/wp\/v2\/product\/538938","targetHints":{"allow":["GET"]}}],"collection":[{"href":"https:\/\/staging.nbg.eu\/hu\/wp-json\/wp\/v2\/product"}],"about":[{"href":"https:\/\/staging.nbg.eu\/hu\/wp-json\/wp\/v2\/types\/product"}],"wp:featuredmedia":[{"embeddable":true,"href":"https:\/\/staging.nbg.eu\/hu\/wp-json\/wp\/v2\/media\/497320"}],"wp:attachment":[{"href":"https:\/\/staging.nbg.eu\/hu\/wp-json\/wp\/v2\/media?parent=538938"}],"wp:term":[{"taxonomy":"product_brand","embeddable":true,"href":"https:\/\/staging.nbg.eu\/hu\/wp-json\/wp\/v2\/product_brand?post=538938"},{"taxonomy":"product_cat","embeddable":true,"href":"https:\/\/staging.nbg.eu\/hu\/wp-json\/wp\/v2\/product_cat?post=538938"},{"taxonomy":"product_tag","embeddable":true,"href":"https:\/\/staging.nbg.eu\/hu\/wp-json\/wp\/v2\/product_tag?post=538938"}],"curies":[{"name":"wp","href":"https:\/\/api.w.org\/{rel}","templated":true}]}}