{"id":537983,"date":"2025-09-05T17:25:46","date_gmt":"2025-09-05T14:25:46","guid":{"rendered":"https:\/\/staging.nbg.eu\/product\/recoil-spring-kmr-45-extra-extrasoft-8\/"},"modified":"2025-09-30T12:20:20","modified_gmt":"2025-09-30T09:20:20","slug":"visszautesi-rugo-kmr-45-extra-extrasoft-8","status":"publish","type":"product","link":"https:\/\/staging.nbg.eu\/hu\/termek\/visszautesi-rugo-kmr-45-extra-extrasoft-8\/","title":{"rendered":"VISSZAUTESI RUG\u00d3 KMR 4,5&#8243; EXTRA EXTRASOFT (8)"},"content":{"rendered":"<h2>VISSZAR\u00daG\u00d3 RUG\u00d3 KMR 4,5&#8243; EXTRA EXTRAL\u00c1GY (8)<\/h2>\n<p>A KMR Precision Arms VISSZAR\u00daG\u00d3 RUG\u00d3 KMR 4,5&#8243; EXTRA EXTRAL\u00c1GY (8) a 4,5 h\u00fcvelykes fegyverekhez k\u00e9sz\u00fclt.<\/p>\n<h2>Term\u00e9k jellemz\u0151k:<\/h2>\n<ul>\n<li>M\u00e1rka: KMR Precision Arms<\/li>\n<li>Cikksz\u00e1m: 0730-05801-0000<\/li>\n<li>Hossz: 4,5 h\u00fcvelyk<\/li>\n<li>T\u00edpus: Extra extral\u00e1gy<\/li>\n<li>Mennyis\u00e9g: 8 rug\u00f3 csomagol\u00e1sk\u00e9nt<\/li>\n<\/ul>\n<p>Ez az extra extral\u00e1gy visszar\u00fag\u00f3 rug\u00f3 cs\u00f6kkenti az \u00e9rz\u00e9kelt visszar\u00fag\u00e1st. A KMR 4,5&#8243; EXTRA EXTRAL\u00c1GY rug\u00f3 biztos\u00edtja a sima m\u0171k\u00f6d\u00e9st.<\/p>\n","protected":false},"excerpt":{"rendered":"<p>Extra puha visszar\u00fag\u00f3 rug\u00f3 KMR 4,5&#8243;-es prec\u00edzi\u00f3s fegyverekhez. Sima m\u0171k\u00f6d\u00e9s.<\/p>\n","protected":false},"featured_media":496958,"template":"","meta":{"_acf_changed":false},"product_brand":[11502],"product_cat":[12919],"product_tag":[],"class_list":{"0":"post-537983","1":"product","2":"type-product","3":"status-publish","4":"has-post-thumbnail","6":"product_brand-kmr-precision","7":"product_cat-kmr-alkatreszek","9":"first","10":"instock","11":"taxable","12":"shipping-taxable","13":"purchasable","14":"product-type-simple"},"acf":[],"_links":{"self":[{"href":"https:\/\/staging.nbg.eu\/hu\/wp-json\/wp\/v2\/product\/537983","targetHints":{"allow":["GET"]}}],"collection":[{"href":"https:\/\/staging.nbg.eu\/hu\/wp-json\/wp\/v2\/product"}],"about":[{"href":"https:\/\/staging.nbg.eu\/hu\/wp-json\/wp\/v2\/types\/product"}],"wp:featuredmedia":[{"embeddable":true,"href":"https:\/\/staging.nbg.eu\/hu\/wp-json\/wp\/v2\/media\/496958"}],"wp:attachment":[{"href":"https:\/\/staging.nbg.eu\/hu\/wp-json\/wp\/v2\/media?parent=537983"}],"wp:term":[{"taxonomy":"product_brand","embeddable":true,"href":"https:\/\/staging.nbg.eu\/hu\/wp-json\/wp\/v2\/product_brand?post=537983"},{"taxonomy":"product_cat","embeddable":true,"href":"https:\/\/staging.nbg.eu\/hu\/wp-json\/wp\/v2\/product_cat?post=537983"},{"taxonomy":"product_tag","embeddable":true,"href":"https:\/\/staging.nbg.eu\/hu\/wp-json\/wp\/v2\/product_tag?post=537983"}],"curies":[{"name":"wp","href":"https:\/\/api.w.org\/{rel}","templated":true}]}}