{"id":53784,"date":"2024-03-04T08:23:25","date_gmt":"2024-09-13T12:54:12","guid":{"rendered":"https:\/\/staging.nbg.eu\/product\/bore-tech-bronze-rifle-brush-3-pack-multiple-calibers\/"},"modified":"2024-09-13T12:55:14","modified_gmt":"2024-09-13T12:55:14","slug":"bore-tech-bronz-puska-kefe-3-darabos-toebb-kaliberben","status":"publish","type":"product","link":"https:\/\/staging.nbg.eu\/hu\/termek\/bore-tech-bronz-puska-kefe-3-darabos-toebb-kaliberben\/","title":{"rendered":"Bore Tech Bronz Puska Kefe (3 Darabos, T\u00f6bb Kaliberben)"},"content":{"rendered":"<p>\nA Bore Tech bronz puskakefe kiv\u00e1l\u00f3 konstrukci\u00f3val \u00e9s tervezett jellemz\u0151kkel rendelkezik. K\u00e9tszeres mennyis\u00e9g\u0171 foszforbronz s\u00f6rt\u00e9vel a jobb s\u00farol\u00f3hat\u00e1s \u00e9rdek\u00e9ben, ezek a kef\u00e9k a k\u00f6vetkez\u0151ket k\u00edn\u00e1lj\u00e1k:<\/p>\n<ul>\n<li>Hurkolt v\u00e9g\u0171, dupl\u00e1n tekert mag a cs\u0151 biztons\u00e1g\u00e1\u00e9rt<\/li>\n<li>Rep\u00fcl\u0151g\u00e9p-min\u0151s\u00e9g\u0171 alum\u00ednium csapok<\/li>\n<li>Kaliberspecifikus s\u00f6rte \u00e1tm\u00e9r\u0151k<\/li>\n<li>.17-t\u0151l .50 kaliberig kaphat\u00f3<\/li>\n<\/ul>\n<p>A Bore Tech kef\u00e9kkel gyorsabb \u00e9s hat\u00e9konyabb tiszt\u00edt\u00e1s \u00e9rhet\u0151 el.<\/p>\n","protected":false},"excerpt":{"rendered":"<p>Pr\u00e9mium bronz puskakefe hat\u00e9kony \u00e9s biztons\u00e1gos cs\u0151tiszt\u00edt\u00e1shoz.<\/p>\n","protected":false},"featured_media":53785,"template":"","meta":{"_acf_changed":false},"product_brand":[11153],"product_cat":[12948,12975],"product_tag":[],"class_list":{"0":"post-53784","1":"product","2":"type-product","3":"status-publish","4":"has-post-thumbnail","6":"product_brand-boretech","7":"product_cat-fegyvertisztitas","8":"product_cat-kefek","10":"first","11":"instock","12":"taxable","13":"shipping-taxable","14":"purchasable","15":"product-type-variable","16":"wvs-archive-product-wrapper"},"acf":[],"_links":{"self":[{"href":"https:\/\/staging.nbg.eu\/hu\/wp-json\/wp\/v2\/product\/53784","targetHints":{"allow":["GET"]}}],"collection":[{"href":"https:\/\/staging.nbg.eu\/hu\/wp-json\/wp\/v2\/product"}],"about":[{"href":"https:\/\/staging.nbg.eu\/hu\/wp-json\/wp\/v2\/types\/product"}],"wp:featuredmedia":[{"embeddable":true,"href":"https:\/\/staging.nbg.eu\/hu\/wp-json\/wp\/v2\/media\/53785"}],"wp:attachment":[{"href":"https:\/\/staging.nbg.eu\/hu\/wp-json\/wp\/v2\/media?parent=53784"}],"wp:term":[{"taxonomy":"product_brand","embeddable":true,"href":"https:\/\/staging.nbg.eu\/hu\/wp-json\/wp\/v2\/product_brand?post=53784"},{"taxonomy":"product_cat","embeddable":true,"href":"https:\/\/staging.nbg.eu\/hu\/wp-json\/wp\/v2\/product_cat?post=53784"},{"taxonomy":"product_tag","embeddable":true,"href":"https:\/\/staging.nbg.eu\/hu\/wp-json\/wp\/v2\/product_tag?post=53784"}],"curies":[{"name":"wp","href":"https:\/\/api.w.org\/{rel}","templated":true}]}}