{"id":537741,"date":"2025-09-05T00:17:22","date_gmt":"2025-09-04T21:17:22","guid":{"rendered":"https:\/\/staging.nbg.eu\/product\/badger-ordnance-34mm-condition-one-accessory-ring-cap-tan-700-34\/"},"modified":"2025-09-30T11:50:24","modified_gmt":"2025-09-30T08:50:24","slug":"badger-ordnance-34mm-condition-one-kiegeszito-gyuru-sapka-tan-700-34","status":"publish","type":"product","link":"https:\/\/staging.nbg.eu\/hu\/termek\/badger-ordnance-34mm-condition-one-kiegeszito-gyuru-sapka-tan-700-34\/","title":{"rendered":"BADGER ORDNANCE 34MM CONDITION ONE KIEGESZITO GYURU SAPKA TAN (700-34)"},"content":{"rendered":"<div class=\"product-description\">\n<h2>BADGER ORDNANCE 34MM CONDITION ONE KIEG\u00c9SZ\u00cdT\u0150 GY\u0170R\u0170 SAPKA, HOMOKSZ\u00cdN\u0170 (700-34)<\/h2>\n<p>A Badger Ordnance Condition One Kieg\u00e9sz\u00edt\u0151 Gy\u0171r\u0171 Sapka (C1 ARC) a Condition One Modul\u00e1ris Szerel\u00e9khez haszn\u00e1lhat\u00f3. Ez a kieg\u00e9sz\u00edt\u0151 a k\u00f6vetkez\u0151ket k\u00edn\u00e1lja:<\/p>\n<ul>\n<li>Illeszkedik a Condition One Modul\u00e1ris Szerel\u00e9kekhez<\/li>\n<li>El\u00f6l vagy h\u00e1tul r\u00f6gz\u00edthet\u0151<\/li>\n<li>Kompatibilis k\u00fcl\u00f6nb\u00f6z\u0151 kieg\u00e9sz\u00edt\u0151kkel, p\u00e9ld\u00e1ul l\u00e9zeres t\u00e1vols\u00e1gm\u00e9r\u0151 s\u00ednekkel \u00e9s 12 \u00f3ra poz\u00edci\u00f3j\u00fa v\u00f6r\u00f6s pont ir\u00e1nyz\u00e9kokkal<\/li>\n<li>Fel- \u00e9s leszerelhet\u0151 az els\u0151dleges optika null\u00e1z\u00e1s\u00e1nak megzavar\u00e1sa n\u00e9lk\u00fcl<\/li>\n<li>Homoksz\u00edn\u0171 bevonat taktikai alkalmaz\u00e1sokhoz<\/li>\n<\/ul>\n<p>A C1 ARC testreszabhat\u00f3s\u00e1got \u00e9s funkcionalit\u00e1st biztos\u00edt l\u00f6v\u00e9szek \u00e9s szakemberek sz\u00e1m\u00e1ra.<\/p>\n<\/div>\n","protected":false},"excerpt":{"rendered":"<p>Testreszabhat\u00f3 34 mm-es gy\u0171r\u0171sapka Condition One r\u00f6gz\u00edt\u0151kh\u00f6z. Sokoldal\u00fa kieg\u00e9sz\u00edt\u0151 tartoz\u00e9k.<\/p>\n","protected":false},"featured_media":496482,"template":"","meta":{"_acf_changed":false},"product_brand":[11087],"product_cat":[12943,12900],"product_tag":[],"class_list":{"0":"post-537741","1":"product","2":"type-product","3":"status-publish","4":"has-post-thumbnail","6":"product_brand-badger-ordnance","7":"product_cat-celzas","8":"product_cat-celzo-kiegeszitok","10":"first","11":"instock","12":"taxable","13":"shipping-taxable","14":"purchasable","15":"product-type-simple"},"acf":[],"_links":{"self":[{"href":"https:\/\/staging.nbg.eu\/hu\/wp-json\/wp\/v2\/product\/537741","targetHints":{"allow":["GET"]}}],"collection":[{"href":"https:\/\/staging.nbg.eu\/hu\/wp-json\/wp\/v2\/product"}],"about":[{"href":"https:\/\/staging.nbg.eu\/hu\/wp-json\/wp\/v2\/types\/product"}],"wp:featuredmedia":[{"embeddable":true,"href":"https:\/\/staging.nbg.eu\/hu\/wp-json\/wp\/v2\/media\/496482"}],"wp:attachment":[{"href":"https:\/\/staging.nbg.eu\/hu\/wp-json\/wp\/v2\/media?parent=537741"}],"wp:term":[{"taxonomy":"product_brand","embeddable":true,"href":"https:\/\/staging.nbg.eu\/hu\/wp-json\/wp\/v2\/product_brand?post=537741"},{"taxonomy":"product_cat","embeddable":true,"href":"https:\/\/staging.nbg.eu\/hu\/wp-json\/wp\/v2\/product_cat?post=537741"},{"taxonomy":"product_tag","embeddable":true,"href":"https:\/\/staging.nbg.eu\/hu\/wp-json\/wp\/v2\/product_tag?post=537741"}],"curies":[{"name":"wp","href":"https:\/\/api.w.org\/{rel}","templated":true}]}}